{"id":3229,"date":"2025-12-09T16:39:43","date_gmt":"2025-12-09T15:39:43","guid":{"rendered":"https:\/\/fum-legal.advomatic-dev.de\/?page_id=3229"},"modified":"2026-03-19T14:05:04","modified_gmt":"2026-03-19T13:05:04","slug":"rechtsanwaltsfachangestellte-m-w-d","status":"publish","type":"page","link":"https:\/\/www.fum-legal.de\/de\/karriere\/rechtsanwaltsfachangestellte-m-w-d\/","title":{"rendered":"Rechtsanwaltsfachangestellte (m\/w\/d)"},"content":{"rendered":"\n<p>Fritz und Mark Legal ist eine wirtschaftsrechtlich ausgerichtete Rechtsanwaltskanzlei mit B\u00fcros in Hamburg und M\u00fcnster.<\/p>\n\n\n\n<p>F\u00fcr unseren Standort in M\u00fcnster suchen wir zum n\u00e4chstm\u00f6glichen Zeitpunkt Unterst\u00fctzung f\u00fcr unser Team durch<\/p>\n\n\n\n<ul class=\"wp-block-list\">\n<li>eine Rechtsanwaltsfachangestellte (m\/w\/d) (oder vergleichbare Qualifikation im kaufm\u00e4nnischen Bereich)<\/li>\n<\/ul>\n\n\n\n<p>in unbefristeter Festanstellung in Teil- oder Vollzeit.<\/p>\n\n\n\n<p><strong>Arbeitsbeginn:<\/strong>&nbsp;sofort<br><strong>Besch\u00e4ftigungsart:<\/strong>&nbsp;Angestellter<br><strong>Anstellungsart:<\/strong>&nbsp;Teil- oder Vollzeit<\/p>\n\n\n\n<h2 class=\"wp-block-heading\">Aufgaben<\/h2>\n\n\n\n<p>Zu den zu \u00fcbernehmenden T\u00e4tigkeiten geh\u00f6ren u.a.<\/p>\n\n\n\n<ul class=\"wp-block-list\">\n<li>Tagesgesch\u00e4ft im Bereich Assistenz \/ Sekretariat<\/li>\n\n\n\n<li>Aktenf\u00fchrung (elektronisch)<\/li>\n\n\n\n<li>Telefonischer Empfang von Mandanten<\/li>\n\n\n\n<li>Korrespondenz mit Mandanten (selbstst\u00e4ndig und nach Diktat)<\/li>\n\n\n\n<li>Erstellung Abrechnungen<\/li>\n\n\n\n<li>Abstimmung Termine und Koordination Dienstreisen<\/li>\n<\/ul>\n\n\n\n<h3 class=\"wp-block-heading\">Profil<\/h3>\n\n\n\n<p>Erfahrungen im Umgang mit MS Office sowie Kenntnisse in der englischen Sprache sollten vorhanden sein.<\/p>\n\n\n\n<h3 class=\"wp-block-heading\">Warum wir<\/h3>\n\n\n\n<p>Wir bieten eine angenehme und kollegiale Arbeitsatmosph\u00e4re, eine interessante und abwechslungsreiche T\u00e4tigkeit mit attraktiver Verg\u00fctung und flexiblen Arbeitszeiten im Rahmen einer unbefristeten Festanstellung im Hafen von M\u00fcnster.<\/p>\n","protected":false},"excerpt":{"rendered":"<p>Fritz und Mark Legal ist eine wirtschaftsrechtlich ausgerichtete Rechtsanwaltskanzlei mit B\u00fcros in Hamburg und M\u00fcnster. F\u00fcr unseren Standort in M\u00fcnster suchen wir zum n\u00e4chstm\u00f6glichen Zeitpunkt Unterst\u00fctzung f\u00fcr unser Team durch in unbefristeter Festanstellung in Teil- oder Vollzeit. Arbeitsbeginn:&nbsp;sofortBesch\u00e4ftigungsart:&nbsp;AngestellterAnstellungsart:&nbsp;Teil- oder Vollzeit Aufgaben Zu den zu \u00fcbernehmenden T\u00e4tigkeiten geh\u00f6ren u.a. Profil Erfahrungen im Umgang mit MS Office [&hellip;]<\/p>\n","protected":false},"author":1,"featured_media":0,"parent":388,"menu_order":0,"comment_status":"closed","ping_status":"closed","template":"","meta":{"_acf_changed":false,"inline_featured_image":false,"footnotes":""},"class_list":["post-3229","page","type-page","status-publish","hentry"],"acf":[],"aioseo_notices":[],"aioseo_head":"\n\t\t<!-- All in One SEO Pro 4.9.5.2 - aioseo.com -->\n\t<meta name=\"description\" content=\"Fritz und Mark Legal ist eine wirtschaftsrechtlich ausgerichtete Rechtsanwaltskanzlei mit B\u00fcros in Hamburg und M\u00fcnster. F\u00fcr unseren Standort in M\u00fcnster suchen wir zum n\u00e4chstm\u00f6glichen Zeitpunkt Unterst\u00fctzung f\u00fcr unser Team durch eine Rechtsanwaltsfachangestellte (m\/w\/d) (oder vergleichbare Qualifikation im kaufm\u00e4nnischen Bereich) in unbefristeter Festanstellung in Teil- oder Vollzeit. Arbeitsbeginn: sofortBesch\u00e4ftigungsart: AngestellterAnstellungsart: Teil- oder Vollzeit Aufgaben Zu den zu \u00fcbernehmenden T\u00e4tigkeiten\" \/>\n\t<meta name=\"robots\" content=\"max-image-preview:large\" \/>\n\t<link rel=\"canonical\" href=\"https:\/\/www.fum-legal.de\/de\/karriere\/rechtsanwaltsfachangestellte-m-w-d\/\" \/>\n\t<meta name=\"generator\" content=\"All in One SEO Pro (AIOSEO) 4.9.5.2\" \/>\n\t\t<meta property=\"og:locale\" content=\"de_DE\" \/>\n\t\t<meta property=\"og:site_name\" content=\"FUM Legal - Fritz &amp; Mark Legal Rechtsanw\u00e4lte\" \/>\n\t\t<meta property=\"og:type\" content=\"article\" \/>\n\t\t<meta property=\"og:title\" content=\"Rechtsanwaltsfachangestellte (m\/w\/d) - FUM Legal\" \/>\n\t\t<meta property=\"og:description\" content=\"Fritz und Mark Legal ist eine wirtschaftsrechtlich ausgerichtete Rechtsanwaltskanzlei mit B\u00fcros in Hamburg und M\u00fcnster. F\u00fcr unseren Standort in M\u00fcnster suchen wir zum n\u00e4chstm\u00f6glichen Zeitpunkt Unterst\u00fctzung f\u00fcr unser Team durch eine Rechtsanwaltsfachangestellte (m\/w\/d) (oder vergleichbare Qualifikation im kaufm\u00e4nnischen Bereich) in unbefristeter Festanstellung in Teil- oder Vollzeit. Arbeitsbeginn: sofortBesch\u00e4ftigungsart: AngestellterAnstellungsart: Teil- oder Vollzeit Aufgaben Zu den zu \u00fcbernehmenden T\u00e4tigkeiten\" \/>\n\t\t<meta property=\"og:url\" content=\"https:\/\/www.fum-legal.de\/de\/karriere\/rechtsanwaltsfachangestellte-m-w-d\/\" \/>\n\t\t<meta property=\"og:image\" content=\"https:\/\/www.fum-legal.de\/wp-content\/uploads\/Fritz-und-Mark-Logo-blau-schwarz-v2.png\" \/>\n\t\t<meta property=\"og:image:secure_url\" content=\"https:\/\/www.fum-legal.de\/wp-content\/uploads\/Fritz-und-Mark-Logo-blau-schwarz-v2.png\" \/>\n\t\t<meta property=\"og:image:width\" content=\"743\" \/>\n\t\t<meta property=\"og:image:height\" content=\"245\" \/>\n\t\t<meta property=\"article:published_time\" content=\"2025-12-09T15:39:43+00:00\" \/>\n\t\t<meta property=\"article:modified_time\" content=\"2026-03-19T13:05:04+00:00\" \/>\n\t\t<meta name=\"twitter:card\" content=\"summary_large_image\" \/>\n\t\t<meta name=\"twitter:title\" content=\"Rechtsanwaltsfachangestellte (m\/w\/d) - FUM Legal\" \/>\n\t\t<meta name=\"twitter:description\" content=\"Fritz und Mark Legal ist eine wirtschaftsrechtlich ausgerichtete Rechtsanwaltskanzlei mit B\u00fcros in Hamburg und M\u00fcnster. F\u00fcr unseren Standort in M\u00fcnster suchen wir zum n\u00e4chstm\u00f6glichen Zeitpunkt Unterst\u00fctzung f\u00fcr unser Team durch eine Rechtsanwaltsfachangestellte (m\/w\/d) (oder vergleichbare Qualifikation im kaufm\u00e4nnischen Bereich) in unbefristeter Festanstellung in Teil- oder Vollzeit. Arbeitsbeginn: sofortBesch\u00e4ftigungsart: AngestellterAnstellungsart: Teil- oder Vollzeit Aufgaben Zu den zu \u00fcbernehmenden T\u00e4tigkeiten\" \/>\n\t\t<meta name=\"twitter:image\" content=\"https:\/\/www.fum-legal.de\/wp-content\/uploads\/Fritz-und-Mark-Logo-blau-schwarz-v2.png\" \/>\n\t\t<script type=\"application\/ld+json\" class=\"aioseo-schema\">\n\t\t\t{\"@context\":\"https:\\\/\\\/schema.org\",\"@graph\":[{\"@type\":\"BreadcrumbList\",\"@id\":\"https:\\\/\\\/www.fum-legal.de\\\/de\\\/karriere\\\/rechtsanwaltsfachangestellte-m-w-d\\\/#breadcrumblist\",\"itemListElement\":[{\"@type\":\"ListItem\",\"@id\":\"https:\\\/\\\/www.fum-legal.de\\\/de#listItem\",\"position\":1,\"name\":\"Home\",\"item\":\"https:\\\/\\\/www.fum-legal.de\\\/de\",\"nextItem\":{\"@type\":\"ListItem\",\"@id\":\"https:\\\/\\\/www.fum-legal.de\\\/de\\\/karriere\\\/#listItem\",\"name\":\"Karriere\"}},{\"@type\":\"ListItem\",\"@id\":\"https:\\\/\\\/www.fum-legal.de\\\/de\\\/karriere\\\/#listItem\",\"position\":2,\"name\":\"Karriere\",\"item\":\"https:\\\/\\\/www.fum-legal.de\\\/de\\\/karriere\\\/\",\"nextItem\":{\"@type\":\"ListItem\",\"@id\":\"https:\\\/\\\/www.fum-legal.de\\\/de\\\/karriere\\\/rechtsanwaltsfachangestellte-m-w-d\\\/#listItem\",\"name\":\"Rechtsanwaltsfachangestellte (m\\\/w\\\/d)\"},\"previousItem\":{\"@type\":\"ListItem\",\"@id\":\"https:\\\/\\\/www.fum-legal.de\\\/de#listItem\",\"name\":\"Home\"}},{\"@type\":\"ListItem\",\"@id\":\"https:\\\/\\\/www.fum-legal.de\\\/de\\\/karriere\\\/rechtsanwaltsfachangestellte-m-w-d\\\/#listItem\",\"position\":3,\"name\":\"Rechtsanwaltsfachangestellte (m\\\/w\\\/d)\",\"previousItem\":{\"@type\":\"ListItem\",\"@id\":\"https:\\\/\\\/www.fum-legal.de\\\/de\\\/karriere\\\/#listItem\",\"name\":\"Karriere\"}}]},{\"@type\":\"Organization\",\"@id\":\"https:\\\/\\\/www.fum-legal.de\\\/de\\\/#organization\",\"name\":\"FUM Legal\",\"description\":\"Fritz & Mark Legal Rechtsanw\\u00e4lte\",\"url\":\"https:\\\/\\\/www.fum-legal.de\\\/de\\\/\",\"telephone\":\"+4940180243010\",\"logo\":{\"@type\":\"ImageObject\",\"url\":\"https:\\\/\\\/www.fum-legal.de\\\/wp-content\\\/uploads\\\/Fritz-und-Mark-Logo-blau-schwarz-v2.png\",\"@id\":\"https:\\\/\\\/www.fum-legal.de\\\/de\\\/karriere\\\/rechtsanwaltsfachangestellte-m-w-d\\\/#organizationLogo\",\"width\":743,\"height\":245},\"image\":{\"@id\":\"https:\\\/\\\/www.fum-legal.de\\\/de\\\/karriere\\\/rechtsanwaltsfachangestellte-m-w-d\\\/#organizationLogo\"}},{\"@type\":\"WebPage\",\"@id\":\"https:\\\/\\\/www.fum-legal.de\\\/de\\\/karriere\\\/rechtsanwaltsfachangestellte-m-w-d\\\/#webpage\",\"url\":\"https:\\\/\\\/www.fum-legal.de\\\/de\\\/karriere\\\/rechtsanwaltsfachangestellte-m-w-d\\\/\",\"name\":\"Rechtsanwaltsfachangestellte (m\\\/w\\\/d) - FUM Legal\",\"description\":\"Fritz und Mark Legal ist eine wirtschaftsrechtlich ausgerichtete Rechtsanwaltskanzlei mit B\\u00fcros in Hamburg und M\\u00fcnster. F\\u00fcr unseren Standort in M\\u00fcnster suchen wir zum n\\u00e4chstm\\u00f6glichen Zeitpunkt Unterst\\u00fctzung f\\u00fcr unser Team durch eine Rechtsanwaltsfachangestellte (m\\\/w\\\/d) (oder vergleichbare Qualifikation im kaufm\\u00e4nnischen Bereich) in unbefristeter Festanstellung in Teil- oder Vollzeit. Arbeitsbeginn: sofortBesch\\u00e4ftigungsart: AngestellterAnstellungsart: Teil- oder Vollzeit Aufgaben Zu den zu \\u00fcbernehmenden T\\u00e4tigkeiten\",\"inLanguage\":\"de-DE\",\"isPartOf\":{\"@id\":\"https:\\\/\\\/www.fum-legal.de\\\/de\\\/#website\"},\"breadcrumb\":{\"@id\":\"https:\\\/\\\/www.fum-legal.de\\\/de\\\/karriere\\\/rechtsanwaltsfachangestellte-m-w-d\\\/#breadcrumblist\"},\"datePublished\":\"2025-12-09T16:39:43+01:00\",\"dateModified\":\"2026-03-19T14:05:04+01:00\"},{\"@type\":\"WebSite\",\"@id\":\"https:\\\/\\\/www.fum-legal.de\\\/de\\\/#website\",\"url\":\"https:\\\/\\\/www.fum-legal.de\\\/de\\\/\",\"name\":\"FUM Legal\",\"description\":\"Fritz & Mark Legal Rechtsanw\\u00e4lte\",\"inLanguage\":\"de-DE\",\"publisher\":{\"@id\":\"https:\\\/\\\/www.fum-legal.de\\\/de\\\/#organization\"}}]}\n\t\t<\/script>\n\t\t<!-- All in One SEO Pro -->\r\n\t\t<title>Rechtsanwaltsfachangestellte (m\/w\/d) - FUM Legal<\/title>\n\n","aioseo_head_json":{"title":"Rechtsanwaltsfachangestellte (m\/w\/d) - FUM Legal","description":"Fritz und Mark Legal ist eine wirtschaftsrechtlich ausgerichtete Rechtsanwaltskanzlei mit B\u00fcros in Hamburg und M\u00fcnster. F\u00fcr unseren Standort in M\u00fcnster suchen wir zum n\u00e4chstm\u00f6glichen Zeitpunkt Unterst\u00fctzung f\u00fcr unser Team durch eine Rechtsanwaltsfachangestellte (m\/w\/d) (oder vergleichbare Qualifikation im kaufm\u00e4nnischen Bereich) in unbefristeter Festanstellung in Teil- oder Vollzeit. Arbeitsbeginn: sofortBesch\u00e4ftigungsart: AngestellterAnstellungsart: Teil- oder Vollzeit Aufgaben Zu den zu \u00fcbernehmenden T\u00e4tigkeiten","canonical_url":"https:\/\/www.fum-legal.de\/de\/karriere\/rechtsanwaltsfachangestellte-m-w-d\/","robots":"max-image-preview:large","keywords":"","webmasterTools":{"miscellaneous":""},"schema":{"@context":"https:\/\/schema.org","@graph":[{"@type":"BreadcrumbList","@id":"https:\/\/www.fum-legal.de\/de\/karriere\/rechtsanwaltsfachangestellte-m-w-d\/#breadcrumblist","itemListElement":[{"@type":"ListItem","@id":"https:\/\/www.fum-legal.de\/de#listItem","position":1,"name":"Home","item":"https:\/\/www.fum-legal.de\/de","nextItem":{"@type":"ListItem","@id":"https:\/\/www.fum-legal.de\/de\/karriere\/#listItem","name":"Karriere"}},{"@type":"ListItem","@id":"https:\/\/www.fum-legal.de\/de\/karriere\/#listItem","position":2,"name":"Karriere","item":"https:\/\/www.fum-legal.de\/de\/karriere\/","nextItem":{"@type":"ListItem","@id":"https:\/\/www.fum-legal.de\/de\/karriere\/rechtsanwaltsfachangestellte-m-w-d\/#listItem","name":"Rechtsanwaltsfachangestellte (m\/w\/d)"},"previousItem":{"@type":"ListItem","@id":"https:\/\/www.fum-legal.de\/de#listItem","name":"Home"}},{"@type":"ListItem","@id":"https:\/\/www.fum-legal.de\/de\/karriere\/rechtsanwaltsfachangestellte-m-w-d\/#listItem","position":3,"name":"Rechtsanwaltsfachangestellte (m\/w\/d)","previousItem":{"@type":"ListItem","@id":"https:\/\/www.fum-legal.de\/de\/karriere\/#listItem","name":"Karriere"}}]},{"@type":"Organization","@id":"https:\/\/www.fum-legal.de\/de\/#organization","name":"FUM Legal","description":"Fritz & Mark Legal Rechtsanw\u00e4lte","url":"https:\/\/www.fum-legal.de\/de\/","telephone":"+4940180243010","logo":{"@type":"ImageObject","url":"https:\/\/www.fum-legal.de\/wp-content\/uploads\/Fritz-und-Mark-Logo-blau-schwarz-v2.png","@id":"https:\/\/www.fum-legal.de\/de\/karriere\/rechtsanwaltsfachangestellte-m-w-d\/#organizationLogo","width":743,"height":245},"image":{"@id":"https:\/\/www.fum-legal.de\/de\/karriere\/rechtsanwaltsfachangestellte-m-w-d\/#organizationLogo"}},{"@type":"WebPage","@id":"https:\/\/www.fum-legal.de\/de\/karriere\/rechtsanwaltsfachangestellte-m-w-d\/#webpage","url":"https:\/\/www.fum-legal.de\/de\/karriere\/rechtsanwaltsfachangestellte-m-w-d\/","name":"Rechtsanwaltsfachangestellte (m\/w\/d) - FUM Legal","description":"Fritz und Mark Legal ist eine wirtschaftsrechtlich ausgerichtete Rechtsanwaltskanzlei mit B\u00fcros in Hamburg und M\u00fcnster. F\u00fcr unseren Standort in M\u00fcnster suchen wir zum n\u00e4chstm\u00f6glichen Zeitpunkt Unterst\u00fctzung f\u00fcr unser Team durch eine Rechtsanwaltsfachangestellte (m\/w\/d) (oder vergleichbare Qualifikation im kaufm\u00e4nnischen Bereich) in unbefristeter Festanstellung in Teil- oder Vollzeit. Arbeitsbeginn: sofortBesch\u00e4ftigungsart: AngestellterAnstellungsart: Teil- oder Vollzeit Aufgaben Zu den zu \u00fcbernehmenden T\u00e4tigkeiten","inLanguage":"de-DE","isPartOf":{"@id":"https:\/\/www.fum-legal.de\/de\/#website"},"breadcrumb":{"@id":"https:\/\/www.fum-legal.de\/de\/karriere\/rechtsanwaltsfachangestellte-m-w-d\/#breadcrumblist"},"datePublished":"2025-12-09T16:39:43+01:00","dateModified":"2026-03-19T14:05:04+01:00"},{"@type":"WebSite","@id":"https:\/\/www.fum-legal.de\/de\/#website","url":"https:\/\/www.fum-legal.de\/de\/","name":"FUM Legal","description":"Fritz & Mark Legal Rechtsanw\u00e4lte","inLanguage":"de-DE","publisher":{"@id":"https:\/\/www.fum-legal.de\/de\/#organization"}}]},"og:locale":"de_DE","og:site_name":"FUM Legal - Fritz &amp; Mark Legal Rechtsanw\u00e4lte","og:type":"article","og:title":"Rechtsanwaltsfachangestellte (m\/w\/d) - FUM Legal","og:description":"Fritz und Mark Legal ist eine wirtschaftsrechtlich ausgerichtete Rechtsanwaltskanzlei mit B\u00fcros in Hamburg und M\u00fcnster. F\u00fcr unseren Standort in M\u00fcnster suchen wir zum n\u00e4chstm\u00f6glichen Zeitpunkt Unterst\u00fctzung f\u00fcr unser Team durch eine Rechtsanwaltsfachangestellte (m\/w\/d) (oder vergleichbare Qualifikation im kaufm\u00e4nnischen Bereich) in unbefristeter Festanstellung in Teil- oder Vollzeit. Arbeitsbeginn: sofortBesch\u00e4ftigungsart: AngestellterAnstellungsart: Teil- oder Vollzeit Aufgaben Zu den zu \u00fcbernehmenden T\u00e4tigkeiten","og:url":"https:\/\/www.fum-legal.de\/de\/karriere\/rechtsanwaltsfachangestellte-m-w-d\/","og:image":"https:\/\/www.fum-legal.de\/wp-content\/uploads\/Fritz-und-Mark-Logo-blau-schwarz-v2.png","og:image:secure_url":"https:\/\/www.fum-legal.de\/wp-content\/uploads\/Fritz-und-Mark-Logo-blau-schwarz-v2.png","og:image:width":743,"og:image:height":245,"article:published_time":"2025-12-09T15:39:43+00:00","article:modified_time":"2026-03-19T13:05:04+00:00","twitter:card":"summary_large_image","twitter:title":"Rechtsanwaltsfachangestellte (m\/w\/d) - FUM Legal","twitter:description":"Fritz und Mark Legal ist eine wirtschaftsrechtlich ausgerichtete Rechtsanwaltskanzlei mit B\u00fcros in Hamburg und M\u00fcnster. F\u00fcr unseren Standort in M\u00fcnster suchen wir zum n\u00e4chstm\u00f6glichen Zeitpunkt Unterst\u00fctzung f\u00fcr unser Team durch eine Rechtsanwaltsfachangestellte (m\/w\/d) (oder vergleichbare Qualifikation im kaufm\u00e4nnischen Bereich) in unbefristeter Festanstellung in Teil- oder Vollzeit. Arbeitsbeginn: sofortBesch\u00e4ftigungsart: AngestellterAnstellungsart: Teil- oder Vollzeit Aufgaben Zu den zu \u00fcbernehmenden T\u00e4tigkeiten","twitter:image":"https:\/\/www.fum-legal.de\/wp-content\/uploads\/Fritz-und-Mark-Logo-blau-schwarz-v2.png"},"aioseo_meta_data":{"post_id":"3229","title":null,"description":null,"keywords":null,"keyphrases":{"focus":{"keyphrase":"","score":0,"analysis":{"keyphraseInTitle":{"score":0,"maxScore":9,"error":1}}},"additional":[]},"primary_term":null,"canonical_url":null,"og_title":null,"og_description":null,"og_object_type":"default","og_image_type":"default","og_image_url":null,"og_image_width":null,"og_image_height":null,"og_image_custom_url":null,"og_image_custom_fields":null,"og_video":"","og_custom_url":null,"og_article_section":null,"og_article_tags":null,"twitter_use_og":false,"twitter_card":"default","twitter_image_type":"default","twitter_image_url":null,"twitter_image_custom_url":null,"twitter_image_custom_fields":null,"twitter_title":null,"twitter_description":null,"schema":{"blockGraphs":[],"customGraphs":[],"default":{"data":{"Article":[],"Course":[],"Dataset":[],"FAQPage":[],"Movie":[],"Person":[],"Product":[],"ProductReview":[],"Car":[],"Recipe":[],"Service":[],"SoftwareApplication":[],"WebPage":[]},"graphName":"WebPage","isEnabled":true},"graphs":[]},"schema_type":"default","schema_type_options":null,"pillar_content":false,"robots_default":true,"robots_noindex":false,"robots_noarchive":false,"robots_nosnippet":false,"robots_nofollow":false,"robots_noimageindex":false,"robots_noodp":false,"robots_notranslate":false,"robots_max_snippet":"-1","robots_max_videopreview":"-1","robots_max_imagepreview":"large","priority":null,"frequency":"default","local_seo":null,"seo_analyzer_scan_date":"2026-03-19 23:33:19","breadcrumb_settings":null,"limit_modified_date":false,"open_ai":null,"ai":{"faqs":[],"keyPoints":[],"titles":[],"descriptions":[],"socialPosts":{"email":[],"linkedin":[],"twitter":[],"facebook":[],"instagram":[]}},"created":"2026-01-13 15:40:22","updated":"2026-03-19 23:33:32"},"aioseo_breadcrumb":"<div class=\"aioseo-breadcrumbs\"><span class=\"aioseo-breadcrumb\">\n\t<a href=\"https:\/\/www.fum-legal.de\/de\" title=\"Home\">Home<\/a>\n<\/span><span class=\"aioseo-breadcrumb-separator\">&raquo;<\/span><span class=\"aioseo-breadcrumb\">\n\t<a href=\"https:\/\/www.fum-legal.de\/de\/karriere\/\" title=\"Karriere\">Karriere<\/a>\n<\/span><span class=\"aioseo-breadcrumb-separator\">&raquo;<\/span><span class=\"aioseo-breadcrumb\">\n\tRechtsanwaltsfachangestellte (m\/w\/d)\n<\/span><\/div>","aioseo_breadcrumb_json":[{"label":"Home","link":"https:\/\/www.fum-legal.de\/de"},{"label":"Karriere","link":"https:\/\/www.fum-legal.de\/de\/karriere\/"},{"label":"Rechtsanwaltsfachangestellte (m\/w\/d)","link":"https:\/\/www.fum-legal.de\/de\/karriere\/rechtsanwaltsfachangestellte-m-w-d\/"}],"_links":{"self":[{"href":"https:\/\/www.fum-legal.de\/de\/wp-json\/wp\/v2\/pages\/3229","targetHints":{"allow":["GET"]}}],"collection":[{"href":"https:\/\/www.fum-legal.de\/de\/wp-json\/wp\/v2\/pages"}],"about":[{"href":"https:\/\/www.fum-legal.de\/de\/wp-json\/wp\/v2\/types\/page"}],"author":[{"embeddable":true,"href":"https:\/\/www.fum-legal.de\/de\/wp-json\/wp\/v2\/users\/1"}],"replies":[{"embeddable":true,"href":"https:\/\/www.fum-legal.de\/de\/wp-json\/wp\/v2\/comments?post=3229"}],"version-history":[{"count":5,"href":"https:\/\/www.fum-legal.de\/de\/wp-json\/wp\/v2\/pages\/3229\/revisions"}],"predecessor-version":[{"id":3281,"href":"https:\/\/www.fum-legal.de\/de\/wp-json\/wp\/v2\/pages\/3229\/revisions\/3281"}],"up":[{"embeddable":true,"href":"https:\/\/www.fum-legal.de\/de\/wp-json\/wp\/v2\/pages\/388"}],"wp:attachment":[{"href":"https:\/\/www.fum-legal.de\/de\/wp-json\/wp\/v2\/media?parent=3229"}],"curies":[{"name":"wp","href":"https:\/\/api.w.org\/{rel}","templated":true}]}}