{"id":3231,"date":"2025-12-09T16:40:04","date_gmt":"2025-12-09T15:40:04","guid":{"rendered":"https:\/\/fum-legal.advomatic-dev.de\/?page_id=3231"},"modified":"2026-03-19T14:18:47","modified_gmt":"2026-03-19T13:18:47","slug":"rechtsreferendar-m-w-d","status":"publish","type":"page","link":"https:\/\/www.fum-legal.de\/de\/karriere\/rechtsreferendar-m-w-d\/","title":{"rendered":"Rechtsreferendar (m\/w\/d)"},"content":{"rendered":"\n<p><p>Fritz &amp; Mark Legal ber\u00e4t deutsche und ausl\u00e4ndische Unternehmen, Kreative und K\u00fcnstler an den Kanzleistandorten Hamburg und M\u00fcnster. Unsere Spezialisierung umfasst die Bereiche Gewerblicher Rechtsschutz, IT-Recht und Datenschutz, Handelsrecht und Vertriebsrecht, Produktsicherheit und Produkthaftung sowie das Gesellschaft- und Arbeitsrecht.<\/p><\/p>\n\n\n\n<p>An unserem Standort in M\u00fcnster bieten wir &nbsp;<\/p>\n\n\n\n<ul class=\"wp-block-list\">\n<li>Rechtsreferendaren (m\/w\/d)<\/li>\n<\/ul>\n\n\n\n<p>die M\u00f6glichkeit, die anwaltliche T\u00e4tigkeit in einem abwechslungsreichen T\u00e4tigkeitsumfeld kennenzulernen und wertvolle praktische Erfahrungen in der Mandatsbetreuung zu sammeln.<\/p>\n\n\n\n<p>Wir freuen uns, Sie kennenzulernen!<\/p>\n\n\n\n<p><strong>Arbeitsbeginn:<\/strong>&nbsp;sofort<br><strong>Besch\u00e4ftigungsart:<\/strong>&nbsp;Angestellter<br><strong>Anstellungsart:<\/strong>&nbsp;Teilzeit (befristet)<\/p>\n","protected":false},"excerpt":{"rendered":"<p>Fritz &amp; Mark Legal ber\u00e4t deutsche und ausl\u00e4ndische Unternehmen, Kreative und K\u00fcnstler an den Kanzleistandorten Hamburg und M\u00fcnster. Unsere Spezialisierung umfasst die Bereiche Gewerblicher Rechtsschutz, IT-Recht und Datenschutz, Handelsrecht und Vertriebsrecht, Produktsicherheit und Produkthaftung sowie das Gesellschaft- und Arbeitsrecht. An unserem Standort in M\u00fcnster bieten wir &nbsp; die M\u00f6glichkeit, die anwaltliche T\u00e4tigkeit in einem abwechslungsreichen [&hellip;]<\/p>\n","protected":false},"author":1,"featured_media":0,"parent":388,"menu_order":0,"comment_status":"closed","ping_status":"closed","template":"","meta":{"_acf_changed":false,"inline_featured_image":false,"footnotes":""},"class_list":["post-3231","page","type-page","status-publish","hentry"],"acf":[],"aioseo_notices":[],"aioseo_head":"\n\t\t<!-- All in One SEO Pro 4.9.5.2 - aioseo.com -->\n\t<meta name=\"description\" content=\"Fritz &amp; Mark Legal ber\u00e4t deutsche und ausl\u00e4ndische Unternehmen, Kreative und K\u00fcnstler an den Kanzleistandorten Hamburg und M\u00fcnster. Unsere Spezialisierung umfasst die Bereiche Gewerblicher Rechtsschutz, IT-Recht und Datenschutz, Handelsrecht und Vertriebsrecht, Produktsicherheit und Produkthaftung sowie das Gesellschaft- und Arbeitsrecht. An unserem Standort in M\u00fcnster bieten wir Rechtsreferendaren (m\/w\/d) die M\u00f6glichkeit, die anwaltliche T\u00e4tigkeit in\" \/>\n\t<meta name=\"robots\" content=\"max-image-preview:large\" \/>\n\t<link rel=\"canonical\" href=\"https:\/\/www.fum-legal.de\/de\/karriere\/rechtsreferendar-m-w-d\/\" \/>\n\t<meta name=\"generator\" content=\"All in One SEO Pro (AIOSEO) 4.9.5.2\" \/>\n\t\t<meta property=\"og:locale\" content=\"de_DE\" \/>\n\t\t<meta property=\"og:site_name\" content=\"FUM Legal - Fritz &amp; Mark Legal Rechtsanw\u00e4lte\" \/>\n\t\t<meta property=\"og:type\" content=\"article\" \/>\n\t\t<meta property=\"og:title\" content=\"Rechtsreferendar (m\/w\/d) - FUM Legal\" \/>\n\t\t<meta property=\"og:description\" content=\"Fritz &amp; Mark Legal ber\u00e4t deutsche und ausl\u00e4ndische Unternehmen, Kreative und K\u00fcnstler an den Kanzleistandorten Hamburg und M\u00fcnster. Unsere Spezialisierung umfasst die Bereiche Gewerblicher Rechtsschutz, IT-Recht und Datenschutz, Handelsrecht und Vertriebsrecht, Produktsicherheit und Produkthaftung sowie das Gesellschaft- und Arbeitsrecht. An unserem Standort in M\u00fcnster bieten wir Rechtsreferendaren (m\/w\/d) die M\u00f6glichkeit, die anwaltliche T\u00e4tigkeit in\" \/>\n\t\t<meta property=\"og:url\" content=\"https:\/\/www.fum-legal.de\/de\/karriere\/rechtsreferendar-m-w-d\/\" \/>\n\t\t<meta property=\"og:image\" content=\"https:\/\/www.fum-legal.de\/wp-content\/uploads\/Fritz-und-Mark-Logo-blau-schwarz-v2.png\" \/>\n\t\t<meta property=\"og:image:secure_url\" content=\"https:\/\/www.fum-legal.de\/wp-content\/uploads\/Fritz-und-Mark-Logo-blau-schwarz-v2.png\" \/>\n\t\t<meta property=\"og:image:width\" content=\"743\" \/>\n\t\t<meta property=\"og:image:height\" content=\"245\" \/>\n\t\t<meta property=\"article:published_time\" content=\"2025-12-09T15:40:04+00:00\" \/>\n\t\t<meta property=\"article:modified_time\" content=\"2026-03-19T13:18:47+00:00\" \/>\n\t\t<meta name=\"twitter:card\" content=\"summary_large_image\" \/>\n\t\t<meta name=\"twitter:title\" content=\"Rechtsreferendar (m\/w\/d) - FUM Legal\" \/>\n\t\t<meta name=\"twitter:description\" content=\"Fritz &amp; Mark Legal ber\u00e4t deutsche und ausl\u00e4ndische Unternehmen, Kreative und K\u00fcnstler an den Kanzleistandorten Hamburg und M\u00fcnster. Unsere Spezialisierung umfasst die Bereiche Gewerblicher Rechtsschutz, IT-Recht und Datenschutz, Handelsrecht und Vertriebsrecht, Produktsicherheit und Produkthaftung sowie das Gesellschaft- und Arbeitsrecht. An unserem Standort in M\u00fcnster bieten wir Rechtsreferendaren (m\/w\/d) die M\u00f6glichkeit, die anwaltliche T\u00e4tigkeit in\" \/>\n\t\t<meta name=\"twitter:image\" content=\"https:\/\/www.fum-legal.de\/wp-content\/uploads\/Fritz-und-Mark-Logo-blau-schwarz-v2.png\" \/>\n\t\t<script type=\"application\/ld+json\" class=\"aioseo-schema\">\n\t\t\t{\"@context\":\"https:\\\/\\\/schema.org\",\"@graph\":[{\"@type\":\"BreadcrumbList\",\"@id\":\"https:\\\/\\\/www.fum-legal.de\\\/de\\\/karriere\\\/rechtsreferendar-m-w-d\\\/#breadcrumblist\",\"itemListElement\":[{\"@type\":\"ListItem\",\"@id\":\"https:\\\/\\\/www.fum-legal.de\\\/de#listItem\",\"position\":1,\"name\":\"Home\",\"item\":\"https:\\\/\\\/www.fum-legal.de\\\/de\",\"nextItem\":{\"@type\":\"ListItem\",\"@id\":\"https:\\\/\\\/www.fum-legal.de\\\/de\\\/karriere\\\/#listItem\",\"name\":\"Karriere\"}},{\"@type\":\"ListItem\",\"@id\":\"https:\\\/\\\/www.fum-legal.de\\\/de\\\/karriere\\\/#listItem\",\"position\":2,\"name\":\"Karriere\",\"item\":\"https:\\\/\\\/www.fum-legal.de\\\/de\\\/karriere\\\/\",\"nextItem\":{\"@type\":\"ListItem\",\"@id\":\"https:\\\/\\\/www.fum-legal.de\\\/de\\\/karriere\\\/rechtsreferendar-m-w-d\\\/#listItem\",\"name\":\"Rechtsreferendar (m\\\/w\\\/d)\"},\"previousItem\":{\"@type\":\"ListItem\",\"@id\":\"https:\\\/\\\/www.fum-legal.de\\\/de#listItem\",\"name\":\"Home\"}},{\"@type\":\"ListItem\",\"@id\":\"https:\\\/\\\/www.fum-legal.de\\\/de\\\/karriere\\\/rechtsreferendar-m-w-d\\\/#listItem\",\"position\":3,\"name\":\"Rechtsreferendar (m\\\/w\\\/d)\",\"previousItem\":{\"@type\":\"ListItem\",\"@id\":\"https:\\\/\\\/www.fum-legal.de\\\/de\\\/karriere\\\/#listItem\",\"name\":\"Karriere\"}}]},{\"@type\":\"Organization\",\"@id\":\"https:\\\/\\\/www.fum-legal.de\\\/de\\\/#organization\",\"name\":\"FUM Legal\",\"description\":\"Fritz & Mark Legal Rechtsanw\\u00e4lte\",\"url\":\"https:\\\/\\\/www.fum-legal.de\\\/de\\\/\",\"telephone\":\"+4940180243010\",\"logo\":{\"@type\":\"ImageObject\",\"url\":\"https:\\\/\\\/www.fum-legal.de\\\/wp-content\\\/uploads\\\/Fritz-und-Mark-Logo-blau-schwarz-v2.png\",\"@id\":\"https:\\\/\\\/www.fum-legal.de\\\/de\\\/karriere\\\/rechtsreferendar-m-w-d\\\/#organizationLogo\",\"width\":743,\"height\":245},\"image\":{\"@id\":\"https:\\\/\\\/www.fum-legal.de\\\/de\\\/karriere\\\/rechtsreferendar-m-w-d\\\/#organizationLogo\"}},{\"@type\":\"WebPage\",\"@id\":\"https:\\\/\\\/www.fum-legal.de\\\/de\\\/karriere\\\/rechtsreferendar-m-w-d\\\/#webpage\",\"url\":\"https:\\\/\\\/www.fum-legal.de\\\/de\\\/karriere\\\/rechtsreferendar-m-w-d\\\/\",\"name\":\"Rechtsreferendar (m\\\/w\\\/d) - FUM Legal\",\"description\":\"Fritz & Mark Legal ber\\u00e4t deutsche und ausl\\u00e4ndische Unternehmen, Kreative und K\\u00fcnstler an den Kanzleistandorten Hamburg und M\\u00fcnster. Unsere Spezialisierung umfasst die Bereiche Gewerblicher Rechtsschutz, IT-Recht und Datenschutz, Handelsrecht und Vertriebsrecht, Produktsicherheit und Produkthaftung sowie das Gesellschaft- und Arbeitsrecht. An unserem Standort in M\\u00fcnster bieten wir Rechtsreferendaren (m\\\/w\\\/d) die M\\u00f6glichkeit, die anwaltliche T\\u00e4tigkeit in\",\"inLanguage\":\"de-DE\",\"isPartOf\":{\"@id\":\"https:\\\/\\\/www.fum-legal.de\\\/de\\\/#website\"},\"breadcrumb\":{\"@id\":\"https:\\\/\\\/www.fum-legal.de\\\/de\\\/karriere\\\/rechtsreferendar-m-w-d\\\/#breadcrumblist\"},\"datePublished\":\"2025-12-09T16:40:04+01:00\",\"dateModified\":\"2026-03-19T14:18:47+01:00\"},{\"@type\":\"WebSite\",\"@id\":\"https:\\\/\\\/www.fum-legal.de\\\/de\\\/#website\",\"url\":\"https:\\\/\\\/www.fum-legal.de\\\/de\\\/\",\"name\":\"FUM Legal\",\"description\":\"Fritz & Mark Legal Rechtsanw\\u00e4lte\",\"inLanguage\":\"de-DE\",\"publisher\":{\"@id\":\"https:\\\/\\\/www.fum-legal.de\\\/de\\\/#organization\"}}]}\n\t\t<\/script>\n\t\t<!-- All in One SEO Pro -->\r\n\t\t<title>Rechtsreferendar (m\/w\/d) - FUM Legal<\/title>\n\n","aioseo_head_json":{"title":"Rechtsreferendar (m\/w\/d) - FUM Legal","description":"Fritz & Mark Legal ber\u00e4t deutsche und ausl\u00e4ndische Unternehmen, Kreative und K\u00fcnstler an den Kanzleistandorten Hamburg und M\u00fcnster. Unsere Spezialisierung umfasst die Bereiche Gewerblicher Rechtsschutz, IT-Recht und Datenschutz, Handelsrecht und Vertriebsrecht, Produktsicherheit und Produkthaftung sowie das Gesellschaft- und Arbeitsrecht. An unserem Standort in M\u00fcnster bieten wir Rechtsreferendaren (m\/w\/d) die M\u00f6glichkeit, die anwaltliche T\u00e4tigkeit in","canonical_url":"https:\/\/www.fum-legal.de\/de\/karriere\/rechtsreferendar-m-w-d\/","robots":"max-image-preview:large","keywords":"","webmasterTools":{"miscellaneous":""},"schema":{"@context":"https:\/\/schema.org","@graph":[{"@type":"BreadcrumbList","@id":"https:\/\/www.fum-legal.de\/de\/karriere\/rechtsreferendar-m-w-d\/#breadcrumblist","itemListElement":[{"@type":"ListItem","@id":"https:\/\/www.fum-legal.de\/de#listItem","position":1,"name":"Home","item":"https:\/\/www.fum-legal.de\/de","nextItem":{"@type":"ListItem","@id":"https:\/\/www.fum-legal.de\/de\/karriere\/#listItem","name":"Karriere"}},{"@type":"ListItem","@id":"https:\/\/www.fum-legal.de\/de\/karriere\/#listItem","position":2,"name":"Karriere","item":"https:\/\/www.fum-legal.de\/de\/karriere\/","nextItem":{"@type":"ListItem","@id":"https:\/\/www.fum-legal.de\/de\/karriere\/rechtsreferendar-m-w-d\/#listItem","name":"Rechtsreferendar (m\/w\/d)"},"previousItem":{"@type":"ListItem","@id":"https:\/\/www.fum-legal.de\/de#listItem","name":"Home"}},{"@type":"ListItem","@id":"https:\/\/www.fum-legal.de\/de\/karriere\/rechtsreferendar-m-w-d\/#listItem","position":3,"name":"Rechtsreferendar (m\/w\/d)","previousItem":{"@type":"ListItem","@id":"https:\/\/www.fum-legal.de\/de\/karriere\/#listItem","name":"Karriere"}}]},{"@type":"Organization","@id":"https:\/\/www.fum-legal.de\/de\/#organization","name":"FUM Legal","description":"Fritz & Mark Legal Rechtsanw\u00e4lte","url":"https:\/\/www.fum-legal.de\/de\/","telephone":"+4940180243010","logo":{"@type":"ImageObject","url":"https:\/\/www.fum-legal.de\/wp-content\/uploads\/Fritz-und-Mark-Logo-blau-schwarz-v2.png","@id":"https:\/\/www.fum-legal.de\/de\/karriere\/rechtsreferendar-m-w-d\/#organizationLogo","width":743,"height":245},"image":{"@id":"https:\/\/www.fum-legal.de\/de\/karriere\/rechtsreferendar-m-w-d\/#organizationLogo"}},{"@type":"WebPage","@id":"https:\/\/www.fum-legal.de\/de\/karriere\/rechtsreferendar-m-w-d\/#webpage","url":"https:\/\/www.fum-legal.de\/de\/karriere\/rechtsreferendar-m-w-d\/","name":"Rechtsreferendar (m\/w\/d) - FUM Legal","description":"Fritz & Mark Legal ber\u00e4t deutsche und ausl\u00e4ndische Unternehmen, Kreative und K\u00fcnstler an den Kanzleistandorten Hamburg und M\u00fcnster. Unsere Spezialisierung umfasst die Bereiche Gewerblicher Rechtsschutz, IT-Recht und Datenschutz, Handelsrecht und Vertriebsrecht, Produktsicherheit und Produkthaftung sowie das Gesellschaft- und Arbeitsrecht. An unserem Standort in M\u00fcnster bieten wir Rechtsreferendaren (m\/w\/d) die M\u00f6glichkeit, die anwaltliche T\u00e4tigkeit in","inLanguage":"de-DE","isPartOf":{"@id":"https:\/\/www.fum-legal.de\/de\/#website"},"breadcrumb":{"@id":"https:\/\/www.fum-legal.de\/de\/karriere\/rechtsreferendar-m-w-d\/#breadcrumblist"},"datePublished":"2025-12-09T16:40:04+01:00","dateModified":"2026-03-19T14:18:47+01:00"},{"@type":"WebSite","@id":"https:\/\/www.fum-legal.de\/de\/#website","url":"https:\/\/www.fum-legal.de\/de\/","name":"FUM Legal","description":"Fritz & Mark Legal Rechtsanw\u00e4lte","inLanguage":"de-DE","publisher":{"@id":"https:\/\/www.fum-legal.de\/de\/#organization"}}]},"og:locale":"de_DE","og:site_name":"FUM Legal - Fritz &amp; Mark Legal Rechtsanw\u00e4lte","og:type":"article","og:title":"Rechtsreferendar (m\/w\/d) - FUM Legal","og:description":"Fritz &amp; Mark Legal ber\u00e4t deutsche und ausl\u00e4ndische Unternehmen, Kreative und K\u00fcnstler an den Kanzleistandorten Hamburg und M\u00fcnster. Unsere Spezialisierung umfasst die Bereiche Gewerblicher Rechtsschutz, IT-Recht und Datenschutz, Handelsrecht und Vertriebsrecht, Produktsicherheit und Produkthaftung sowie das Gesellschaft- und Arbeitsrecht. An unserem Standort in M\u00fcnster bieten wir Rechtsreferendaren (m\/w\/d) die M\u00f6glichkeit, die anwaltliche T\u00e4tigkeit in","og:url":"https:\/\/www.fum-legal.de\/de\/karriere\/rechtsreferendar-m-w-d\/","og:image":"https:\/\/www.fum-legal.de\/wp-content\/uploads\/Fritz-und-Mark-Logo-blau-schwarz-v2.png","og:image:secure_url":"https:\/\/www.fum-legal.de\/wp-content\/uploads\/Fritz-und-Mark-Logo-blau-schwarz-v2.png","og:image:width":743,"og:image:height":245,"article:published_time":"2025-12-09T15:40:04+00:00","article:modified_time":"2026-03-19T13:18:47+00:00","twitter:card":"summary_large_image","twitter:title":"Rechtsreferendar (m\/w\/d) - FUM Legal","twitter:description":"Fritz &amp; Mark Legal ber\u00e4t deutsche und ausl\u00e4ndische Unternehmen, Kreative und K\u00fcnstler an den Kanzleistandorten Hamburg und M\u00fcnster. Unsere Spezialisierung umfasst die Bereiche Gewerblicher Rechtsschutz, IT-Recht und Datenschutz, Handelsrecht und Vertriebsrecht, Produktsicherheit und Produkthaftung sowie das Gesellschaft- und Arbeitsrecht. An unserem Standort in M\u00fcnster bieten wir Rechtsreferendaren (m\/w\/d) die M\u00f6glichkeit, die anwaltliche T\u00e4tigkeit in","twitter:image":"https:\/\/www.fum-legal.de\/wp-content\/uploads\/Fritz-und-Mark-Logo-blau-schwarz-v2.png"},"aioseo_meta_data":{"post_id":"3231","title":null,"description":null,"keywords":null,"keyphrases":{"focus":{"keyphrase":"","score":0,"analysis":{"keyphraseInTitle":{"score":0,"maxScore":9,"error":1}}},"additional":[]},"primary_term":null,"canonical_url":null,"og_title":null,"og_description":null,"og_object_type":"default","og_image_type":"default","og_image_url":null,"og_image_width":null,"og_image_height":null,"og_image_custom_url":null,"og_image_custom_fields":null,"og_video":"","og_custom_url":null,"og_article_section":null,"og_article_tags":null,"twitter_use_og":false,"twitter_card":"default","twitter_image_type":"default","twitter_image_url":null,"twitter_image_custom_url":null,"twitter_image_custom_fields":null,"twitter_title":null,"twitter_description":null,"schema":{"blockGraphs":[],"customGraphs":[],"default":{"data":{"Article":[],"Course":[],"Dataset":[],"FAQPage":[],"Movie":[],"Person":[],"Product":[],"ProductReview":[],"Car":[],"Recipe":[],"Service":[],"SoftwareApplication":[],"WebPage":[]},"graphName":"WebPage","isEnabled":true},"graphs":[]},"schema_type":"default","schema_type_options":null,"pillar_content":false,"robots_default":true,"robots_noindex":false,"robots_noarchive":false,"robots_nosnippet":false,"robots_nofollow":false,"robots_noimageindex":false,"robots_noodp":false,"robots_notranslate":false,"robots_max_snippet":"-1","robots_max_videopreview":"-1","robots_max_imagepreview":"large","priority":null,"frequency":"default","local_seo":null,"seo_analyzer_scan_date":"2026-03-19 23:33:20","breadcrumb_settings":null,"limit_modified_date":false,"open_ai":null,"ai":{"faqs":[],"keyPoints":[],"titles":[],"descriptions":[],"socialPosts":{"email":[],"linkedin":[],"twitter":[],"facebook":[],"instagram":[]}},"created":"2026-01-13 15:40:22","updated":"2026-03-19 23:33:32"},"aioseo_breadcrumb":"<div class=\"aioseo-breadcrumbs\"><span class=\"aioseo-breadcrumb\">\n\t<a href=\"https:\/\/www.fum-legal.de\/de\" title=\"Home\">Home<\/a>\n<\/span><span class=\"aioseo-breadcrumb-separator\">&raquo;<\/span><span class=\"aioseo-breadcrumb\">\n\t<a href=\"https:\/\/www.fum-legal.de\/de\/karriere\/\" title=\"Karriere\">Karriere<\/a>\n<\/span><span class=\"aioseo-breadcrumb-separator\">&raquo;<\/span><span class=\"aioseo-breadcrumb\">\n\tRechtsreferendar (m\/w\/d)\n<\/span><\/div>","aioseo_breadcrumb_json":[{"label":"Home","link":"https:\/\/www.fum-legal.de\/de"},{"label":"Karriere","link":"https:\/\/www.fum-legal.de\/de\/karriere\/"},{"label":"Rechtsreferendar (m\/w\/d)","link":"https:\/\/www.fum-legal.de\/de\/karriere\/rechtsreferendar-m-w-d\/"}],"_links":{"self":[{"href":"https:\/\/www.fum-legal.de\/de\/wp-json\/wp\/v2\/pages\/3231","targetHints":{"allow":["GET"]}}],"collection":[{"href":"https:\/\/www.fum-legal.de\/de\/wp-json\/wp\/v2\/pages"}],"about":[{"href":"https:\/\/www.fum-legal.de\/de\/wp-json\/wp\/v2\/types\/page"}],"author":[{"embeddable":true,"href":"https:\/\/www.fum-legal.de\/de\/wp-json\/wp\/v2\/users\/1"}],"replies":[{"embeddable":true,"href":"https:\/\/www.fum-legal.de\/de\/wp-json\/wp\/v2\/comments?post=3231"}],"version-history":[{"count":27,"href":"https:\/\/www.fum-legal.de\/de\/wp-json\/wp\/v2\/pages\/3231\/revisions"}],"predecessor-version":[{"id":4016,"href":"https:\/\/www.fum-legal.de\/de\/wp-json\/wp\/v2\/pages\/3231\/revisions\/4016"}],"up":[{"embeddable":true,"href":"https:\/\/www.fum-legal.de\/de\/wp-json\/wp\/v2\/pages\/388"}],"wp:attachment":[{"href":"https:\/\/www.fum-legal.de\/de\/wp-json\/wp\/v2\/media?parent=3231"}],"curies":[{"name":"wp","href":"https:\/\/api.w.org\/{rel}","templated":true}]}}