{"id":388,"date":"0001-01-01T00:53:28","date_gmt":"0001-01-01T00:00:00","guid":{"rendered":"https:\/\/fum-legal.advomatic-dev.de\/karriere\/"},"modified":"2026-03-17T13:50:02","modified_gmt":"2026-03-17T12:50:02","slug":"karriere","status":"publish","type":"page","link":"https:\/\/www.fum-legal.de\/de\/karriere\/","title":{"rendered":"Karriere"},"content":{"rendered":"\t\t<div data-elementor-type=\"wp-page\" data-elementor-id=\"388\" class=\"elementor elementor-388\" data-elementor-post-type=\"page\">\n\t\t\t\t<div class=\"elementor-element elementor-element-228dd5e e-flex e-con-boxed e-con e-parent\" data-id=\"228dd5e\" data-element_type=\"container\" data-e-type=\"container\">\n\t\t\t\t\t<div class=\"e-con-inner\">\n\t\t\t\t<div class=\"elementor-element elementor-element-d4d29c4 elementor-widget elementor-widget-heading\" data-id=\"d4d29c4\" data-element_type=\"widget\" data-e-type=\"widget\" data-widget_type=\"heading.default\">\n\t\t\t\t\t<h1 class=\"elementor-heading-title elementor-size-default\">Karriere<\/h1>\t\t\t\t<\/div>\n\t\t\t\t<div class=\"elementor-element elementor-element-f6fc840 elementor-widget elementor-widget-heading\" data-id=\"f6fc840\" data-element_type=\"widget\" data-e-type=\"widget\" data-widget_type=\"heading.default\">\n\t\t\t\t\t<h2 class=\"elementor-heading-title elementor-size-default\">bei Fritz &amp; Mark Legal Rechtsanwaltsgesellschaft mbH\n<\/h2>\t\t\t\t<\/div>\n\t\t\t\t\t<\/div>\n\t\t\t\t<\/div>\n\t\t<div class=\"elementor-element elementor-element-470380b e-flex e-con-boxed e-con e-parent\" data-id=\"470380b\" data-element_type=\"container\" data-e-type=\"container\">\n\t\t\t\t\t<div class=\"e-con-inner\">\n\t\t\t\t<div class=\"elementor-element elementor-element-41ae658 elementor-grid-3 elementor-grid-tablet-2 elementor-grid-mobile-1 elementor-widget elementor-widget-loop-grid\" data-id=\"41ae658\" data-element_type=\"widget\" data-e-type=\"widget\" data-settings=\"{&quot;template_id&quot;:3233,&quot;_skin&quot;:&quot;post&quot;,&quot;columns&quot;:&quot;3&quot;,&quot;columns_tablet&quot;:&quot;2&quot;,&quot;columns_mobile&quot;:&quot;1&quot;,&quot;edit_handle_selector&quot;:&quot;[data-elementor-type=\\&quot;loop-item\\&quot;]&quot;,&quot;row_gap&quot;:{&quot;unit&quot;:&quot;px&quot;,&quot;size&quot;:&quot;&quot;,&quot;sizes&quot;:[]},&quot;row_gap_laptop&quot;:{&quot;unit&quot;:&quot;px&quot;,&quot;size&quot;:&quot;&quot;,&quot;sizes&quot;:[]},&quot;row_gap_tablet&quot;:{&quot;unit&quot;:&quot;px&quot;,&quot;size&quot;:&quot;&quot;,&quot;sizes&quot;:[]},&quot;row_gap_mobile&quot;:{&quot;unit&quot;:&quot;px&quot;,&quot;size&quot;:&quot;&quot;,&quot;sizes&quot;:[]}}\" data-widget_type=\"loop-grid.post\">\n\t\t\t\t<div class=\"elementor-widget-container\">\n\t\t\t\t\t\t\t<div class=\"elementor-loop-container elementor-grid\" role=\"list\">\n\t\t<style id=\"loop-3233\">.elementor-3233 .elementor-element.elementor-element-f916afc{--display:flex;--flex-direction:column;--container-widget-width:100%;--container-widget-height:initial;--container-widget-flex-grow:0;--container-widget-align-self:initial;--flex-wrap-mobile:wrap;--padding-top:20px;--padding-bottom:20px;--padding-left:20px;--padding-right:20px;}.elementor-3233 .elementor-element.elementor-element-98dea84 .elementor-button{font-family:var( --e-global-typography-accent-font-family ), Sans-serif;font-size:var( --e-global-typography-accent-font-size );font-weight:var( --e-global-typography-accent-font-weight );text-transform:var( --e-global-typography-accent-text-transform );text-decoration:var( --e-global-typography-accent-text-decoration );line-height:var( --e-global-typography-accent-line-height );fill:var( --e-global-color-text );color:var( --e-global-color-text );background-color:var( --e-global-color-1dbc7c5 );}.elementor-3233 .elementor-element.elementor-element-98dea84 .elementor-button:hover, .elementor-3233 .elementor-element.elementor-element-98dea84 .elementor-button:focus{color:var( --e-global-color-1dbc7c5 );}.elementor-3233 .elementor-element.elementor-element-98dea84 .elementor-button:hover svg, .elementor-3233 .elementor-element.elementor-element-98dea84 .elementor-button:focus svg{fill:var( --e-global-color-1dbc7c5 );}.elementor-3233 .elementor-element.elementor-element-98dea84{margin:20px 0px calc(var(--kit-widget-spacing, 0px) + 0px) 0px;}@media(max-width:1700px){.elementor-3233 .elementor-element.elementor-element-98dea84 .elementor-button{font-size:var( --e-global-typography-accent-font-size );line-height:var( --e-global-typography-accent-line-height );}}@media(max-width:1024px){.elementor-3233 .elementor-element.elementor-element-98dea84 .elementor-button{font-size:var( --e-global-typography-accent-font-size );line-height:var( --e-global-typography-accent-line-height );}}@media(max-width:767px){.elementor-3233 .elementor-element.elementor-element-98dea84 .elementor-button{font-size:var( --e-global-typography-accent-font-size );line-height:var( --e-global-typography-accent-line-height );}}<\/style>\t\t<div data-elementor-type=\"loop-item\" data-elementor-id=\"3233\" class=\"elementor elementor-3233 e-loop-item e-loop-item-3963 post-3963 page type-page status-publish hentry\" data-elementor-post-type=\"elementor_library\" data-custom-edit-handle=\"1\">\n\t\t\t<div class=\"elementor-element elementor-element-f916afc e-flex e-con-boxed e-con e-parent\" data-id=\"f916afc\" data-element_type=\"container\" data-e-type=\"container\">\n\t\t\t\t\t<div class=\"e-con-inner\">\n\t\t\t\t<div class=\"elementor-element elementor-element-2b901d0 elementor-widget elementor-widget-heading\" data-id=\"2b901d0\" data-element_type=\"widget\" data-e-type=\"widget\" data-widget_type=\"heading.default\">\n\t\t\t\t\t<h2 class=\"elementor-heading-title elementor-size-default\">Assistenz \/ Backoffice-Support (m\/w\/d)<\/h2>\t\t\t\t<\/div>\n\t\t\t\t<div class=\"elementor-element elementor-element-98dea84 main-btn-animated elementor-widget elementor-widget-button\" data-id=\"98dea84\" data-element_type=\"widget\" data-e-type=\"widget\" data-widget_type=\"button.default\">\n\t\t\t\t\t\t\t\t\t\t<a class=\"elementor-button elementor-button-link elementor-size-sm\" href=\"https:\/\/www.fum-legal.de\/de\/karriere\/assistenz-backoffice-support-m-w-d\/\">\n\t\t\t\t\t\t<span class=\"elementor-button-content-wrapper\">\n\t\t\t\t\t\t\t\t\t<span class=\"elementor-button-text\">Mehr erfahren<\/span>\n\t\t\t\t\t<\/span>\n\t\t\t\t\t<\/a>\n\t\t\t\t\t\t\t\t<\/div>\n\t\t\t\t\t<\/div>\n\t\t\t\t<\/div>\n\t\t\t\t<\/div>\n\t\t\t\t<div data-elementor-type=\"loop-item\" data-elementor-id=\"3233\" class=\"elementor elementor-3233 e-loop-item e-loop-item-3231 post-3231 page type-page status-publish hentry\" data-elementor-post-type=\"elementor_library\" data-custom-edit-handle=\"1\">\n\t\t\t<div class=\"elementor-element elementor-element-f916afc e-flex e-con-boxed e-con e-parent\" data-id=\"f916afc\" data-element_type=\"container\" data-e-type=\"container\">\n\t\t\t\t\t<div class=\"e-con-inner\">\n\t\t\t\t<div class=\"elementor-element elementor-element-2b901d0 elementor-widget elementor-widget-heading\" data-id=\"2b901d0\" data-element_type=\"widget\" data-e-type=\"widget\" data-widget_type=\"heading.default\">\n\t\t\t\t\t<h2 class=\"elementor-heading-title elementor-size-default\">Rechtsreferendar (m\/w\/d)<\/h2>\t\t\t\t<\/div>\n\t\t\t\t<div class=\"elementor-element elementor-element-98dea84 main-btn-animated elementor-widget elementor-widget-button\" data-id=\"98dea84\" data-element_type=\"widget\" data-e-type=\"widget\" data-widget_type=\"button.default\">\n\t\t\t\t\t\t\t\t\t\t<a class=\"elementor-button elementor-button-link elementor-size-sm\" href=\"https:\/\/www.fum-legal.de\/de\/karriere\/rechtsreferendar-m-w-d\/\">\n\t\t\t\t\t\t<span class=\"elementor-button-content-wrapper\">\n\t\t\t\t\t\t\t\t\t<span class=\"elementor-button-text\">Mehr erfahren<\/span>\n\t\t\t\t\t<\/span>\n\t\t\t\t\t<\/a>\n\t\t\t\t\t\t\t\t<\/div>\n\t\t\t\t\t<\/div>\n\t\t\t\t<\/div>\n\t\t\t\t<\/div>\n\t\t\t\t<div data-elementor-type=\"loop-item\" data-elementor-id=\"3233\" class=\"elementor elementor-3233 e-loop-item e-loop-item-3229 post-3229 page type-page status-publish hentry\" data-elementor-post-type=\"elementor_library\" data-custom-edit-handle=\"1\">\n\t\t\t<div class=\"elementor-element elementor-element-f916afc e-flex e-con-boxed e-con e-parent\" data-id=\"f916afc\" data-element_type=\"container\" data-e-type=\"container\">\n\t\t\t\t\t<div class=\"e-con-inner\">\n\t\t\t\t<div class=\"elementor-element elementor-element-2b901d0 elementor-widget elementor-widget-heading\" data-id=\"2b901d0\" data-element_type=\"widget\" data-e-type=\"widget\" data-widget_type=\"heading.default\">\n\t\t\t\t\t<h2 class=\"elementor-heading-title elementor-size-default\">Rechtsanwaltsfachangestellte (m\/w\/d)<\/h2>\t\t\t\t<\/div>\n\t\t\t\t<div class=\"elementor-element elementor-element-98dea84 main-btn-animated elementor-widget elementor-widget-button\" data-id=\"98dea84\" data-element_type=\"widget\" data-e-type=\"widget\" data-widget_type=\"button.default\">\n\t\t\t\t\t\t\t\t\t\t<a class=\"elementor-button elementor-button-link elementor-size-sm\" href=\"https:\/\/www.fum-legal.de\/de\/karriere\/rechtsanwaltsfachangestellte-m-w-d\/\">\n\t\t\t\t\t\t<span class=\"elementor-button-content-wrapper\">\n\t\t\t\t\t\t\t\t\t<span class=\"elementor-button-text\">Mehr erfahren<\/span>\n\t\t\t\t\t<\/span>\n\t\t\t\t\t<\/a>\n\t\t\t\t\t\t\t\t<\/div>\n\t\t\t\t\t<\/div>\n\t\t\t\t<\/div>\n\t\t\t\t<\/div>\n\t\t\t\t<\/div>\n\t\t\n\t\t\t\t\t\t<\/div>\n\t\t\t\t<\/div>\n\t\t\t\t\t<\/div>\n\t\t\t\t<\/div>\n\t\t\t\t<\/div>\n\t\t","protected":false},"excerpt":{"rendered":"<p>Karriere bei Fritz &amp; Mark Legal Rechtsanwaltsgesellschaft mbH<\/p>\n","protected":false},"author":1,"featured_media":1950,"parent":0,"menu_order":0,"comment_status":"closed","ping_status":"closed","template":"","meta":{"_acf_changed":false,"inline_featured_image":false,"footnotes":""},"class_list":["post-388","page","type-page","status-publish","has-post-thumbnail","hentry"],"acf":[],"aioseo_notices":[],"aioseo_head":"\n\t\t<!-- All in One SEO Pro 4.9.5.2 - aioseo.com -->\n\t<meta name=\"description\" content=\"Fritz und Mark Legal ist eine wirtschaftsrechtlich ausgerichtete Rechtsanwaltskanzlei mit B\u00fcros in Hamburg und M\u00fcnster. F\u00fcr unseren Standort in M\u00fcnster suchen wir zum n\u00e4chstm\u00f6glichen Zeitpunkt Unterst\u00fctzung f\u00fcr unser Team durch eine Rechtsanwaltsfachangestellte (m\/w\/d) (oder vergleichbare Qualifikation im kaufm\u00e4nnischen Bereich) in unbefristeter Festanstellung in Teil- oder Vollzeit. Arbeitsbeginn: sofortBesch\u00e4ftigungsart: AngestellterAnstellungsart: Teil- oder Vollzeit Aufgaben Zu den zu \u00fcbernehmenden T\u00e4tigkeiten\" \/>\n\t<meta name=\"robots\" content=\"max-image-preview:large\" \/>\n\t<link rel=\"canonical\" href=\"https:\/\/www.fum-legal.de\/de\/karriere\/rechtsanwaltsfachangestellte-m-w-d\/\" \/>\n\t<meta name=\"generator\" content=\"All in One SEO Pro (AIOSEO) 4.9.5.2\" \/>\n\t\t<meta property=\"og:locale\" content=\"de_DE\" \/>\n\t\t<meta property=\"og:site_name\" content=\"FUM Legal - Fritz &amp; Mark Legal Rechtsanw\u00e4lte\" \/>\n\t\t<meta property=\"og:type\" content=\"article\" \/>\n\t\t<meta property=\"og:title\" content=\"Rechtsanwaltsfachangestellte (m\/w\/d) - FUM Legal\" \/>\n\t\t<meta property=\"og:description\" content=\"Fritz und Mark Legal ist eine wirtschaftsrechtlich ausgerichtete Rechtsanwaltskanzlei mit B\u00fcros in Hamburg und M\u00fcnster. F\u00fcr unseren Standort in M\u00fcnster suchen wir zum n\u00e4chstm\u00f6glichen Zeitpunkt Unterst\u00fctzung f\u00fcr unser Team durch eine Rechtsanwaltsfachangestellte (m\/w\/d) (oder vergleichbare Qualifikation im kaufm\u00e4nnischen Bereich) in unbefristeter Festanstellung in Teil- oder Vollzeit. Arbeitsbeginn: sofortBesch\u00e4ftigungsart: AngestellterAnstellungsart: Teil- oder Vollzeit Aufgaben Zu den zu \u00fcbernehmenden T\u00e4tigkeiten\" \/>\n\t\t<meta property=\"og:url\" content=\"https:\/\/www.fum-legal.de\/de\/karriere\/rechtsanwaltsfachangestellte-m-w-d\/\" \/>\n\t\t<meta property=\"og:image\" content=\"https:\/\/www.fum-legal.de\/wp-content\/uploads\/Fritz-und-Mark-Logo-blau-schwarz-v2.png\" \/>\n\t\t<meta property=\"og:image:secure_url\" content=\"https:\/\/www.fum-legal.de\/wp-content\/uploads\/Fritz-und-Mark-Logo-blau-schwarz-v2.png\" \/>\n\t\t<meta property=\"og:image:width\" content=\"743\" \/>\n\t\t<meta property=\"og:image:height\" content=\"245\" \/>\n\t\t<meta property=\"article:published_time\" content=\"2025-12-09T15:39:43+00:00\" \/>\n\t\t<meta property=\"article:modified_time\" content=\"2026-03-19T13:05:04+00:00\" \/>\n\t\t<meta name=\"twitter:card\" content=\"summary_large_image\" \/>\n\t\t<meta name=\"twitter:title\" content=\"Rechtsanwaltsfachangestellte (m\/w\/d) - FUM Legal\" \/>\n\t\t<meta name=\"twitter:description\" content=\"Fritz und Mark Legal ist eine wirtschaftsrechtlich ausgerichtete Rechtsanwaltskanzlei mit B\u00fcros in Hamburg und M\u00fcnster. F\u00fcr unseren Standort in M\u00fcnster suchen wir zum n\u00e4chstm\u00f6glichen Zeitpunkt Unterst\u00fctzung f\u00fcr unser Team durch eine Rechtsanwaltsfachangestellte (m\/w\/d) (oder vergleichbare Qualifikation im kaufm\u00e4nnischen Bereich) in unbefristeter Festanstellung in Teil- oder Vollzeit. Arbeitsbeginn: sofortBesch\u00e4ftigungsart: AngestellterAnstellungsart: Teil- oder Vollzeit Aufgaben Zu den zu \u00fcbernehmenden T\u00e4tigkeiten\" \/>\n\t\t<meta name=\"twitter:image\" content=\"https:\/\/www.fum-legal.de\/wp-content\/uploads\/Fritz-und-Mark-Logo-blau-schwarz-v2.png\" \/>\n\t\t<script type=\"application\/ld+json\" class=\"aioseo-schema\">\n\t\t\t{\"@context\":\"https:\\\/\\\/schema.org\",\"@graph\":[{\"@type\":\"BreadcrumbList\",\"@id\":\"https:\\\/\\\/www.fum-legal.de\\\/de\\\/karriere\\\/rechtsanwaltsfachangestellte-m-w-d\\\/#breadcrumblist\",\"itemListElement\":[{\"@type\":\"ListItem\",\"@id\":\"https:\\\/\\\/www.fum-legal.de\\\/de#listItem\",\"position\":1,\"name\":\"Home\",\"item\":\"https:\\\/\\\/www.fum-legal.de\\\/de\",\"nextItem\":{\"@type\":\"ListItem\",\"@id\":\"https:\\\/\\\/www.fum-legal.de\\\/de\\\/karriere\\\/#listItem\",\"name\":\"Karriere\"}},{\"@type\":\"ListItem\",\"@id\":\"https:\\\/\\\/www.fum-legal.de\\\/de\\\/karriere\\\/#listItem\",\"position\":2,\"name\":\"Karriere\",\"previousItem\":{\"@type\":\"ListItem\",\"@id\":\"https:\\\/\\\/www.fum-legal.de\\\/de#listItem\",\"name\":\"Home\"}}]},{\"@type\":\"Organization\",\"@id\":\"https:\\\/\\\/www.fum-legal.de\\\/de\\\/#organization\",\"name\":\"FUM Legal\",\"description\":\"Fritz & Mark Legal Rechtsanw\\u00e4lte\",\"url\":\"https:\\\/\\\/www.fum-legal.de\\\/de\\\/\",\"telephone\":\"+4940180243010\",\"logo\":{\"@type\":\"ImageObject\",\"url\":\"https:\\\/\\\/www.fum-legal.de\\\/wp-content\\\/uploads\\\/Fritz-und-Mark-Logo-blau-schwarz-v2.png\",\"@id\":\"https:\\\/\\\/www.fum-legal.de\\\/de\\\/karriere\\\/rechtsanwaltsfachangestellte-m-w-d\\\/#organizationLogo\",\"width\":743,\"height\":245},\"image\":{\"@id\":\"https:\\\/\\\/www.fum-legal.de\\\/de\\\/karriere\\\/rechtsanwaltsfachangestellte-m-w-d\\\/#organizationLogo\"}},{\"@type\":\"WebPage\",\"@id\":\"https:\\\/\\\/www.fum-legal.de\\\/de\\\/karriere\\\/rechtsanwaltsfachangestellte-m-w-d\\\/#webpage\",\"url\":\"https:\\\/\\\/www.fum-legal.de\\\/de\\\/karriere\\\/rechtsanwaltsfachangestellte-m-w-d\\\/\",\"name\":\"Rechtsanwaltsfachangestellte (m\\\/w\\\/d) - FUM Legal\",\"description\":\"Fritz und Mark Legal ist eine wirtschaftsrechtlich ausgerichtete Rechtsanwaltskanzlei mit B\\u00fcros in Hamburg und M\\u00fcnster. F\\u00fcr unseren Standort in M\\u00fcnster suchen wir zum n\\u00e4chstm\\u00f6glichen Zeitpunkt Unterst\\u00fctzung f\\u00fcr unser Team durch eine Rechtsanwaltsfachangestellte (m\\\/w\\\/d) (oder vergleichbare Qualifikation im kaufm\\u00e4nnischen Bereich) in unbefristeter Festanstellung in Teil- oder Vollzeit. Arbeitsbeginn: sofortBesch\\u00e4ftigungsart: AngestellterAnstellungsart: Teil- oder Vollzeit Aufgaben Zu den zu \\u00fcbernehmenden T\\u00e4tigkeiten\",\"inLanguage\":\"de-DE\",\"isPartOf\":{\"@id\":\"https:\\\/\\\/www.fum-legal.de\\\/de\\\/#website\"},\"breadcrumb\":{\"@id\":\"https:\\\/\\\/www.fum-legal.de\\\/de\\\/karriere\\\/rechtsanwaltsfachangestellte-m-w-d\\\/#breadcrumblist\"},\"datePublished\":\"2025-12-09T16:39:43+01:00\",\"dateModified\":\"2026-03-19T14:05:04+01:00\"},{\"@type\":\"WebSite\",\"@id\":\"https:\\\/\\\/www.fum-legal.de\\\/de\\\/#website\",\"url\":\"https:\\\/\\\/www.fum-legal.de\\\/de\\\/\",\"name\":\"FUM Legal\",\"description\":\"Fritz & Mark Legal Rechtsanw\\u00e4lte\",\"inLanguage\":\"de-DE\",\"publisher\":{\"@id\":\"https:\\\/\\\/www.fum-legal.de\\\/de\\\/#organization\"}}]}\n\t\t<\/script>\n\t\t<!-- All in One SEO Pro -->\r\n\t\t<title>Rechtsanwaltsfachangestellte (m\/w\/d) - FUM Legal<\/title>\n\n","aioseo_head_json":{"title":"Rechtsanwaltsfachangestellte (m\/w\/d) - FUM Legal","description":"Fritz und Mark Legal ist eine wirtschaftsrechtlich ausgerichtete Rechtsanwaltskanzlei mit B\u00fcros in Hamburg und M\u00fcnster. F\u00fcr unseren Standort in M\u00fcnster suchen wir zum n\u00e4chstm\u00f6glichen Zeitpunkt Unterst\u00fctzung f\u00fcr unser Team durch eine Rechtsanwaltsfachangestellte (m\/w\/d) (oder vergleichbare Qualifikation im kaufm\u00e4nnischen Bereich) in unbefristeter Festanstellung in Teil- oder Vollzeit. Arbeitsbeginn: sofortBesch\u00e4ftigungsart: AngestellterAnstellungsart: Teil- oder Vollzeit Aufgaben Zu den zu \u00fcbernehmenden T\u00e4tigkeiten","canonical_url":"https:\/\/www.fum-legal.de\/de\/karriere\/rechtsanwaltsfachangestellte-m-w-d\/","robots":"max-image-preview:large","keywords":"","webmasterTools":{"miscellaneous":""},"schema":{"@context":"https:\/\/schema.org","@graph":[{"@type":"BreadcrumbList","@id":"https:\/\/www.fum-legal.de\/de\/karriere\/rechtsanwaltsfachangestellte-m-w-d\/#breadcrumblist","itemListElement":[{"@type":"ListItem","@id":"https:\/\/www.fum-legal.de\/de#listItem","position":1,"name":"Home","item":"https:\/\/www.fum-legal.de\/de","nextItem":{"@type":"ListItem","@id":"https:\/\/www.fum-legal.de\/de\/karriere\/#listItem","name":"Karriere"}},{"@type":"ListItem","@id":"https:\/\/www.fum-legal.de\/de\/karriere\/#listItem","position":2,"name":"Karriere","previousItem":{"@type":"ListItem","@id":"https:\/\/www.fum-legal.de\/de#listItem","name":"Home"}}]},{"@type":"Organization","@id":"https:\/\/www.fum-legal.de\/de\/#organization","name":"FUM Legal","description":"Fritz & Mark Legal Rechtsanw\u00e4lte","url":"https:\/\/www.fum-legal.de\/de\/","telephone":"+4940180243010","logo":{"@type":"ImageObject","url":"https:\/\/www.fum-legal.de\/wp-content\/uploads\/Fritz-und-Mark-Logo-blau-schwarz-v2.png","@id":"https:\/\/www.fum-legal.de\/de\/karriere\/rechtsanwaltsfachangestellte-m-w-d\/#organizationLogo","width":743,"height":245},"image":{"@id":"https:\/\/www.fum-legal.de\/de\/karriere\/rechtsanwaltsfachangestellte-m-w-d\/#organizationLogo"}},{"@type":"WebPage","@id":"https:\/\/www.fum-legal.de\/de\/karriere\/rechtsanwaltsfachangestellte-m-w-d\/#webpage","url":"https:\/\/www.fum-legal.de\/de\/karriere\/rechtsanwaltsfachangestellte-m-w-d\/","name":"Rechtsanwaltsfachangestellte (m\/w\/d) - FUM Legal","description":"Fritz und Mark Legal ist eine wirtschaftsrechtlich ausgerichtete Rechtsanwaltskanzlei mit B\u00fcros in Hamburg und M\u00fcnster. F\u00fcr unseren Standort in M\u00fcnster suchen wir zum n\u00e4chstm\u00f6glichen Zeitpunkt Unterst\u00fctzung f\u00fcr unser Team durch eine Rechtsanwaltsfachangestellte (m\/w\/d) (oder vergleichbare Qualifikation im kaufm\u00e4nnischen Bereich) in unbefristeter Festanstellung in Teil- oder Vollzeit. Arbeitsbeginn: sofortBesch\u00e4ftigungsart: AngestellterAnstellungsart: Teil- oder Vollzeit Aufgaben Zu den zu \u00fcbernehmenden T\u00e4tigkeiten","inLanguage":"de-DE","isPartOf":{"@id":"https:\/\/www.fum-legal.de\/de\/#website"},"breadcrumb":{"@id":"https:\/\/www.fum-legal.de\/de\/karriere\/rechtsanwaltsfachangestellte-m-w-d\/#breadcrumblist"},"datePublished":"2025-12-09T16:39:43+01:00","dateModified":"2026-03-19T14:05:04+01:00"},{"@type":"WebSite","@id":"https:\/\/www.fum-legal.de\/de\/#website","url":"https:\/\/www.fum-legal.de\/de\/","name":"FUM Legal","description":"Fritz & Mark Legal Rechtsanw\u00e4lte","inLanguage":"de-DE","publisher":{"@id":"https:\/\/www.fum-legal.de\/de\/#organization"}}]},"og:locale":"de_DE","og:site_name":"FUM Legal - Fritz &amp; Mark Legal Rechtsanw\u00e4lte","og:type":"article","og:title":"Rechtsanwaltsfachangestellte (m\/w\/d) - FUM Legal","og:description":"Fritz und Mark Legal ist eine wirtschaftsrechtlich ausgerichtete Rechtsanwaltskanzlei mit B\u00fcros in Hamburg und M\u00fcnster. F\u00fcr unseren Standort in M\u00fcnster suchen wir zum n\u00e4chstm\u00f6glichen Zeitpunkt Unterst\u00fctzung f\u00fcr unser Team durch eine Rechtsanwaltsfachangestellte (m\/w\/d) (oder vergleichbare Qualifikation im kaufm\u00e4nnischen Bereich) in unbefristeter Festanstellung in Teil- oder Vollzeit. Arbeitsbeginn: sofortBesch\u00e4ftigungsart: AngestellterAnstellungsart: Teil- oder Vollzeit Aufgaben Zu den zu \u00fcbernehmenden T\u00e4tigkeiten","og:url":"https:\/\/www.fum-legal.de\/de\/karriere\/rechtsanwaltsfachangestellte-m-w-d\/","og:image":"https:\/\/www.fum-legal.de\/wp-content\/uploads\/Fritz-und-Mark-Logo-blau-schwarz-v2.png","og:image:secure_url":"https:\/\/www.fum-legal.de\/wp-content\/uploads\/Fritz-und-Mark-Logo-blau-schwarz-v2.png","og:image:width":743,"og:image:height":245,"article:published_time":"2025-12-09T15:39:43+00:00","article:modified_time":"2026-03-19T13:05:04+00:00","twitter:card":"summary_large_image","twitter:title":"Rechtsanwaltsfachangestellte (m\/w\/d) - FUM Legal","twitter:description":"Fritz und Mark Legal ist eine wirtschaftsrechtlich ausgerichtete Rechtsanwaltskanzlei mit B\u00fcros in Hamburg und M\u00fcnster. F\u00fcr unseren Standort in M\u00fcnster suchen wir zum n\u00e4chstm\u00f6glichen Zeitpunkt Unterst\u00fctzung f\u00fcr unser Team durch eine Rechtsanwaltsfachangestellte (m\/w\/d) (oder vergleichbare Qualifikation im kaufm\u00e4nnischen Bereich) in unbefristeter Festanstellung in Teil- oder Vollzeit. Arbeitsbeginn: sofortBesch\u00e4ftigungsart: AngestellterAnstellungsart: Teil- oder Vollzeit Aufgaben Zu den zu \u00fcbernehmenden T\u00e4tigkeiten","twitter:image":"https:\/\/www.fum-legal.de\/wp-content\/uploads\/Fritz-und-Mark-Logo-blau-schwarz-v2.png"},"aioseo_meta_data":{"post_id":"388","title":null,"description":null,"keywords":null,"keyphrases":null,"primary_term":null,"canonical_url":null,"og_title":null,"og_description":null,"og_object_type":"default","og_image_type":"default","og_image_url":null,"og_image_width":null,"og_image_height":null,"og_image_custom_url":null,"og_image_custom_fields":null,"og_video":null,"og_custom_url":null,"og_article_section":null,"og_article_tags":null,"twitter_use_og":false,"twitter_card":"default","twitter_image_type":"default","twitter_image_url":null,"twitter_image_custom_url":null,"twitter_image_custom_fields":null,"twitter_title":null,"twitter_description":null,"schema":{"blockGraphs":[],"customGraphs":[],"default":{"data":{"Article":[],"Course":[],"Dataset":[],"FAQPage":[],"Movie":[],"Person":[],"Product":[],"ProductReview":[],"Car":[],"Recipe":[],"Service":[],"SoftwareApplication":[],"WebPage":[]},"graphName":"","isEnabled":true},"graphs":[]},"schema_type":"default","schema_type_options":null,"pillar_content":false,"robots_default":true,"robots_noindex":false,"robots_noarchive":false,"robots_nosnippet":false,"robots_nofollow":false,"robots_noimageindex":false,"robots_noodp":false,"robots_notranslate":false,"robots_max_snippet":null,"robots_max_videopreview":null,"robots_max_imagepreview":"large","priority":null,"frequency":null,"local_seo":null,"seo_analyzer_scan_date":"2026-03-18 09:44:49","breadcrumb_settings":null,"limit_modified_date":false,"open_ai":null,"ai":null,"created":"2026-01-13 15:38:47","updated":"2026-03-18 09:44:55"},"aioseo_breadcrumb":"<div class=\"aioseo-breadcrumbs\"><span class=\"aioseo-breadcrumb\">\n\t<a href=\"https:\/\/www.fum-legal.de\/de\" title=\"Home\">Home<\/a>\n<\/span><span class=\"aioseo-breadcrumb-separator\">&raquo;<\/span><span class=\"aioseo-breadcrumb\">\n\tKarriere\n<\/span><\/div>","aioseo_breadcrumb_json":[{"label":"Home","link":"https:\/\/www.fum-legal.de\/de"},{"label":"Karriere","link":"https:\/\/www.fum-legal.de\/de\/karriere\/"}],"_links":{"self":[{"href":"https:\/\/www.fum-legal.de\/de\/wp-json\/wp\/v2\/pages\/388","targetHints":{"allow":["GET"]}}],"collection":[{"href":"https:\/\/www.fum-legal.de\/de\/wp-json\/wp\/v2\/pages"}],"about":[{"href":"https:\/\/www.fum-legal.de\/de\/wp-json\/wp\/v2\/types\/page"}],"author":[{"embeddable":true,"href":"https:\/\/www.fum-legal.de\/de\/wp-json\/wp\/v2\/users\/1"}],"replies":[{"embeddable":true,"href":"https:\/\/www.fum-legal.de\/de\/wp-json\/wp\/v2\/comments?post=388"}],"version-history":[{"count":28,"href":"https:\/\/www.fum-legal.de\/de\/wp-json\/wp\/v2\/pages\/388\/revisions"}],"predecessor-version":[{"id":3970,"href":"https:\/\/www.fum-legal.de\/de\/wp-json\/wp\/v2\/pages\/388\/revisions\/3970"}],"wp:featuredmedia":[{"embeddable":true,"href":"https:\/\/www.fum-legal.de\/de\/wp-json\/wp\/v2\/media\/1950"}],"wp:attachment":[{"href":"https:\/\/www.fum-legal.de\/de\/wp-json\/wp\/v2\/media?parent=388"}],"curies":[{"name":"wp","href":"https:\/\/api.w.org\/{rel}","templated":true}]}}