{"id":3963,"date":"2026-03-17T13:22:43","date_gmt":"2026-03-17T12:22:43","guid":{"rendered":"https:\/\/www.fum-legal.de\/?page_id=3963"},"modified":"2026-03-24T11:38:02","modified_gmt":"2026-03-24T10:38:02","slug":"assistenz-backoffice-support-m-w-d","status":"publish","type":"page","link":"https:\/\/www.fum-legal.de\/en\/karriere\/assistenz-backoffice-support-m-w-d\/","title":{"rendered":"Assistant \/ Back Office Support (m\/f\/d)"},"content":{"rendered":"<p>Career at Fritz &amp; Mark Legal<\/p>\n\n\n\n<p>Assistant \/ Back Office Support (m\/f\/d)<br>Career changers welcome | Location: M\u00fcnster (Old Fire Station)<\/p>\n\n\n\n<p>Do you have a commercial education (e.g., office management, industrial clerk, hotel management or foreign language correspondence) and are looking for a modern working environment away from traditional clerical work?<\/p>\n\n\n\n<p>Fritz &amp; Mark Legal is a business law firm advising national and international companies in the areas of IT law, AI, data protection, intellectual property law, as well as commercial, corporate, and employment law at its Hamburg and M\u00fcnster offices. At our office in the Alte Feuerwache (Old Fire Station) in M\u00fcnster, you won&#039;t find a traditional legal secretary&#039;s office, but rather a highly digitized business environment.<\/p>\n\n\n\n<p><strong>This makes the position particularly suitable for business professionals:<\/strong><br><strong>No prior legal knowledge required<\/strong>The subject-specific deadline monitoring is handled centrally by our office management. You can fully concentrate on organization and communication.<\/p>\n\n\n\n<p><strong>Digital work<\/strong>We are an (almost) paperless office. If you enjoy working in a structured way with modern software tools, then you&#039;ve come to the right place.<\/p>\n\n\n\n<p><strong>International context<\/strong>Through our consulting focus areas (including our Asia Desk), we communicate regularly with international companies.<\/p>\n\n\n\n<p><strong>Pleasant environment<\/strong>A quiet, modern workplace in one of M\u00fcnster&#039;s most striking buildings \u2013 without traditional public traffic.<\/p>\n\n\n\n<p><strong>Your tasks with us:<\/strong><br><strong>organizational talent<\/strong>They manage our digital files and provide support in document management.<br>Communication: You are the friendly interface to our national and international clients.<br>(German English).<\/p>\n\n\n\n<p><strong>Support<\/strong>They support our lawyers in formatting contracts and in general day-to-day business.<\/p>\n\n\n\n<p><strong>Process optimization<\/strong>You bring your business acumen to our digital processes.<\/p>\n\n\n\n<p><strong>What you should bring:<\/strong><br>A completed commercial apprenticeship or experience in a senior assistant role.<br>Fluent German and good English skills.<br>A high affinity for IT and a passion for efficient, digital workflows.<br>A confident demeanor and enjoyment of working in a professional team.<\/p>\n\n\n\n<p><strong>Fancy a change of scenery?<\/strong><br>We offer you a crisis-proof job in the most exciting legal fields of the future (AI, Tech, IP) and a team that truly embraces flat hierarchies.<\/p>\n\n\n\n<p>Send us your <strong>CV, your salary expectations and a cover letter<\/strong> via email to: <a href=\"mailto:goldbach@fum-legal.de\" title=\"\">goldbach@fum-legal.de<\/a><\/p>\n\n\n\n<p>We look forward to meeting you at the Old Fire Station!<\/p>\n\n\n\n<p>&nbsp;<\/p>\n\n\n\n<p><\/p>","protected":false},"excerpt":{"rendered":"<p>Karriere bei Fritz &amp; Mark Legal Assistenz \/ Backoffice-Support (m\/w\/d)Quereinstieg f\u00fcr Kaufleute m\u00f6glich | Standort: M\u00fcnster (Alte Feuerwache) Sie haben eine kaufm\u00e4nnische Ausbildung (z. B. B\u00fcromanagement, Industriekaufleute, Hotelfach oder Fremdsprachenkorrespondenz) und suchen ein modernes Arbeitsumfeld abseits der klassischen Sachbearbeitung? Fritz &amp; Mark Legal ist eine wirtschaftsrechtlich ausgerichtete Kanzlei, die nationale und internationale Unternehmen in den [&hellip;]<\/p>\n","protected":false},"author":2,"featured_media":0,"parent":388,"menu_order":0,"comment_status":"closed","ping_status":"closed","template":"","meta":{"_acf_changed":false,"inline_featured_image":false,"footnotes":""},"class_list":["post-3963","page","type-page","status-publish","hentry"],"acf":[],"aioseo_notices":[],"aioseo_head":"\n\t\t<!-- All in One SEO Pro 4.9.6.2 - aioseo.com -->\n\t<meta name=\"description\" content=\"Karriere bei Fritz &amp; Mark Legal Assistenz \/ Backoffice-Support (m\/w\/d)Quereinstieg f\u00fcr Kaufleute m\u00f6glich | Standort: M\u00fcnster (Alte Feuerwache) Sie haben eine kaufm\u00e4nnische Ausbildung (z. B. B\u00fcromanagement, Industriekaufleute, Hotelfach oder Fremdsprachenkorrespondenz) und suchen ein modernes Arbeitsumfeld abseits der klassischen Sachbearbeitung? Fritz &amp; Mark Legal ist eine wirtschaftsrechtlich ausgerichtete Kanzlei, die nationale und internationale Unternehmen in den\" \/>\n\t<meta name=\"robots\" content=\"max-image-preview:large\" \/>\n\t<link rel=\"canonical\" href=\"https:\/\/www.fum-legal.de\/en\/karriere\/assistenz-backoffice-support-m-w-d\/\" \/>\n\t<meta name=\"generator\" content=\"All in One SEO Pro (AIOSEO) 4.9.6.2\" \/>\n\t\t<meta property=\"og:locale\" content=\"en_US\" \/>\n\t\t<meta property=\"og:site_name\" content=\"FUM Legal - Fritz &amp; Mark Legal Rechtsanw\u00e4lte\" \/>\n\t\t<meta property=\"og:type\" content=\"article\" \/>\n\t\t<meta property=\"og:title\" content=\"Assistenz \/ Backoffice-Support (m\/w\/d) - FUM Legal\" \/>\n\t\t<meta property=\"og:description\" content=\"Karriere bei Fritz &amp; Mark Legal Assistenz \/ Backoffice-Support (m\/w\/d)Quereinstieg f\u00fcr Kaufleute m\u00f6glich | Standort: M\u00fcnster (Alte Feuerwache) Sie haben eine kaufm\u00e4nnische Ausbildung (z. B. B\u00fcromanagement, Industriekaufleute, Hotelfach oder Fremdsprachenkorrespondenz) und suchen ein modernes Arbeitsumfeld abseits der klassischen Sachbearbeitung? Fritz &amp; Mark Legal ist eine wirtschaftsrechtlich ausgerichtete Kanzlei, die nationale und internationale Unternehmen in den\" \/>\n\t\t<meta property=\"og:url\" content=\"https:\/\/www.fum-legal.de\/en\/karriere\/assistenz-backoffice-support-m-w-d\/\" \/>\n\t\t<meta property=\"og:image\" content=\"https:\/\/www.fum-legal.de\/wp-content\/uploads\/Fritz-und-Mark-Logo-blau-schwarz-v2.png\" \/>\n\t\t<meta property=\"og:image:secure_url\" content=\"https:\/\/www.fum-legal.de\/wp-content\/uploads\/Fritz-und-Mark-Logo-blau-schwarz-v2.png\" \/>\n\t\t<meta property=\"og:image:width\" content=\"743\" \/>\n\t\t<meta property=\"og:image:height\" content=\"245\" \/>\n\t\t<meta property=\"article:published_time\" content=\"2026-03-17T12:22:43+00:00\" \/>\n\t\t<meta property=\"article:modified_time\" content=\"2026-03-24T10:38:02+00:00\" \/>\n\t\t<meta name=\"twitter:card\" content=\"summary_large_image\" \/>\n\t\t<meta name=\"twitter:title\" content=\"Assistenz \/ Backoffice-Support (m\/w\/d) - FUM Legal\" \/>\n\t\t<meta name=\"twitter:description\" content=\"Karriere bei Fritz &amp; Mark Legal Assistenz \/ Backoffice-Support (m\/w\/d)Quereinstieg f\u00fcr Kaufleute m\u00f6glich | Standort: M\u00fcnster (Alte Feuerwache) Sie haben eine kaufm\u00e4nnische Ausbildung (z. B. B\u00fcromanagement, Industriekaufleute, Hotelfach oder Fremdsprachenkorrespondenz) und suchen ein modernes Arbeitsumfeld abseits der klassischen Sachbearbeitung? Fritz &amp; Mark Legal ist eine wirtschaftsrechtlich ausgerichtete Kanzlei, die nationale und internationale Unternehmen in den\" \/>\n\t\t<meta name=\"twitter:image\" content=\"https:\/\/www.fum-legal.de\/wp-content\/uploads\/Fritz-und-Mark-Logo-blau-schwarz-v2.png\" \/>\n\t\t<script type=\"application\/ld+json\" class=\"aioseo-schema\">\n\t\t\t{\"@context\":\"https:\\\/\\\/schema.org\",\"@graph\":[{\"@type\":\"BreadcrumbList\",\"@id\":\"https:\\\/\\\/www.fum-legal.de\\\/en\\\/karriere\\\/assistenz-backoffice-support-m-w-d\\\/#breadcrumblist\",\"itemListElement\":[{\"@type\":\"ListItem\",\"@id\":\"https:\\\/\\\/www.fum-legal.de\\\/en#listItem\",\"position\":1,\"name\":\"Home\",\"item\":\"https:\\\/\\\/www.fum-legal.de\\\/en\",\"nextItem\":{\"@type\":\"ListItem\",\"@id\":\"https:\\\/\\\/www.fum-legal.de\\\/en\\\/karriere\\\/#listItem\",\"name\":\"Karriere\"}},{\"@type\":\"ListItem\",\"@id\":\"https:\\\/\\\/www.fum-legal.de\\\/en\\\/karriere\\\/#listItem\",\"position\":2,\"name\":\"Karriere\",\"item\":\"https:\\\/\\\/www.fum-legal.de\\\/en\\\/karriere\\\/\",\"nextItem\":{\"@type\":\"ListItem\",\"@id\":\"https:\\\/\\\/www.fum-legal.de\\\/en\\\/karriere\\\/assistenz-backoffice-support-m-w-d\\\/#listItem\",\"name\":\"Assistenz \\\/ Backoffice-Support (m\\\/w\\\/d)\"},\"previousItem\":{\"@type\":\"ListItem\",\"@id\":\"https:\\\/\\\/www.fum-legal.de\\\/en#listItem\",\"name\":\"Home\"}},{\"@type\":\"ListItem\",\"@id\":\"https:\\\/\\\/www.fum-legal.de\\\/en\\\/karriere\\\/assistenz-backoffice-support-m-w-d\\\/#listItem\",\"position\":3,\"name\":\"Assistenz \\\/ Backoffice-Support (m\\\/w\\\/d)\",\"previousItem\":{\"@type\":\"ListItem\",\"@id\":\"https:\\\/\\\/www.fum-legal.de\\\/en\\\/karriere\\\/#listItem\",\"name\":\"Karriere\"}}]},{\"@type\":\"Organization\",\"@id\":\"https:\\\/\\\/www.fum-legal.de\\\/en\\\/#organization\",\"name\":\"FUM Legal\",\"description\":\"Fritz & Mark Legal Rechtsanw\\u00e4lte\",\"url\":\"https:\\\/\\\/www.fum-legal.de\\\/en\\\/\",\"telephone\":\"+4940180243010\",\"logo\":{\"@type\":\"ImageObject\",\"url\":\"https:\\\/\\\/www.fum-legal.de\\\/wp-content\\\/uploads\\\/Fritz-und-Mark-Logo-blau-schwarz-v2.png\",\"@id\":\"https:\\\/\\\/www.fum-legal.de\\\/en\\\/karriere\\\/assistenz-backoffice-support-m-w-d\\\/#organizationLogo\",\"width\":743,\"height\":245},\"image\":{\"@id\":\"https:\\\/\\\/www.fum-legal.de\\\/en\\\/karriere\\\/assistenz-backoffice-support-m-w-d\\\/#organizationLogo\"}},{\"@type\":\"WebPage\",\"@id\":\"https:\\\/\\\/www.fum-legal.de\\\/en\\\/karriere\\\/assistenz-backoffice-support-m-w-d\\\/#webpage\",\"url\":\"https:\\\/\\\/www.fum-legal.de\\\/en\\\/karriere\\\/assistenz-backoffice-support-m-w-d\\\/\",\"name\":\"Assistenz \\\/ Backoffice-Support (m\\\/w\\\/d) - FUM Legal\",\"description\":\"Karriere bei Fritz & Mark Legal Assistenz \\\/ Backoffice-Support (m\\\/w\\\/d)Quereinstieg f\\u00fcr Kaufleute m\\u00f6glich | Standort: M\\u00fcnster (Alte Feuerwache) Sie haben eine kaufm\\u00e4nnische Ausbildung (z. B. B\\u00fcromanagement, Industriekaufleute, Hotelfach oder Fremdsprachenkorrespondenz) und suchen ein modernes Arbeitsumfeld abseits der klassischen Sachbearbeitung? Fritz & Mark Legal ist eine wirtschaftsrechtlich ausgerichtete Kanzlei, die nationale und internationale Unternehmen in den\",\"inLanguage\":\"en-US\",\"isPartOf\":{\"@id\":\"https:\\\/\\\/www.fum-legal.de\\\/en\\\/#website\"},\"breadcrumb\":{\"@id\":\"https:\\\/\\\/www.fum-legal.de\\\/en\\\/karriere\\\/assistenz-backoffice-support-m-w-d\\\/#breadcrumblist\"},\"datePublished\":\"2026-03-17T13:22:43+01:00\",\"dateModified\":\"2026-03-24T11:38:02+01:00\"},{\"@type\":\"WebSite\",\"@id\":\"https:\\\/\\\/www.fum-legal.de\\\/en\\\/#website\",\"url\":\"https:\\\/\\\/www.fum-legal.de\\\/en\\\/\",\"name\":\"FUM Legal\",\"description\":\"Fritz & Mark Legal Rechtsanw\\u00e4lte\",\"inLanguage\":\"en-US\",\"publisher\":{\"@id\":\"https:\\\/\\\/www.fum-legal.de\\\/en\\\/#organization\"}}]}\n\t\t<\/script>\n\t\t<!-- All in One SEO Pro -->\r\n\t\t<title>Assistenz \/ Backoffice-Support (m\/w\/d) - FUM Legal<\/title>\n\n","aioseo_head_json":{"title":"Assistenz \/ Backoffice-Support (m\/w\/d) - FUM Legal","description":"Karriere bei Fritz & Mark Legal Assistenz \/ Backoffice-Support (m\/w\/d)Quereinstieg f\u00fcr Kaufleute m\u00f6glich | Standort: M\u00fcnster (Alte Feuerwache) Sie haben eine kaufm\u00e4nnische Ausbildung (z. B. B\u00fcromanagement, Industriekaufleute, Hotelfach oder Fremdsprachenkorrespondenz) und suchen ein modernes Arbeitsumfeld abseits der klassischen Sachbearbeitung? Fritz & Mark Legal ist eine wirtschaftsrechtlich ausgerichtete Kanzlei, die nationale und internationale Unternehmen in den","canonical_url":"https:\/\/www.fum-legal.de\/en\/karriere\/assistenz-backoffice-support-m-w-d\/","robots":"max-image-preview:large","keywords":"","webmasterTools":{"miscellaneous":""},"schema":{"@context":"https:\/\/schema.org","@graph":[{"@type":"BreadcrumbList","@id":"https:\/\/www.fum-legal.de\/en\/karriere\/assistenz-backoffice-support-m-w-d\/#breadcrumblist","itemListElement":[{"@type":"ListItem","@id":"https:\/\/www.fum-legal.de\/en#listItem","position":1,"name":"Home","item":"https:\/\/www.fum-legal.de\/en","nextItem":{"@type":"ListItem","@id":"https:\/\/www.fum-legal.de\/en\/karriere\/#listItem","name":"Karriere"}},{"@type":"ListItem","@id":"https:\/\/www.fum-legal.de\/en\/karriere\/#listItem","position":2,"name":"Karriere","item":"https:\/\/www.fum-legal.de\/en\/karriere\/","nextItem":{"@type":"ListItem","@id":"https:\/\/www.fum-legal.de\/en\/karriere\/assistenz-backoffice-support-m-w-d\/#listItem","name":"Assistenz \/ Backoffice-Support (m\/w\/d)"},"previousItem":{"@type":"ListItem","@id":"https:\/\/www.fum-legal.de\/en#listItem","name":"Home"}},{"@type":"ListItem","@id":"https:\/\/www.fum-legal.de\/en\/karriere\/assistenz-backoffice-support-m-w-d\/#listItem","position":3,"name":"Assistenz \/ Backoffice-Support (m\/w\/d)","previousItem":{"@type":"ListItem","@id":"https:\/\/www.fum-legal.de\/en\/karriere\/#listItem","name":"Karriere"}}]},{"@type":"Organization","@id":"https:\/\/www.fum-legal.de\/en\/#organization","name":"FUM Legal","description":"Fritz & Mark Legal Rechtsanw\u00e4lte","url":"https:\/\/www.fum-legal.de\/en\/","telephone":"+4940180243010","logo":{"@type":"ImageObject","url":"https:\/\/www.fum-legal.de\/wp-content\/uploads\/Fritz-und-Mark-Logo-blau-schwarz-v2.png","@id":"https:\/\/www.fum-legal.de\/en\/karriere\/assistenz-backoffice-support-m-w-d\/#organizationLogo","width":743,"height":245},"image":{"@id":"https:\/\/www.fum-legal.de\/en\/karriere\/assistenz-backoffice-support-m-w-d\/#organizationLogo"}},{"@type":"WebPage","@id":"https:\/\/www.fum-legal.de\/en\/karriere\/assistenz-backoffice-support-m-w-d\/#webpage","url":"https:\/\/www.fum-legal.de\/en\/karriere\/assistenz-backoffice-support-m-w-d\/","name":"Assistenz \/ Backoffice-Support (m\/w\/d) - FUM Legal","description":"Karriere bei Fritz & Mark Legal Assistenz \/ Backoffice-Support (m\/w\/d)Quereinstieg f\u00fcr Kaufleute m\u00f6glich | Standort: M\u00fcnster (Alte Feuerwache) Sie haben eine kaufm\u00e4nnische Ausbildung (z. B. B\u00fcromanagement, Industriekaufleute, Hotelfach oder Fremdsprachenkorrespondenz) und suchen ein modernes Arbeitsumfeld abseits der klassischen Sachbearbeitung? Fritz & Mark Legal ist eine wirtschaftsrechtlich ausgerichtete Kanzlei, die nationale und internationale Unternehmen in den","inLanguage":"en-US","isPartOf":{"@id":"https:\/\/www.fum-legal.de\/en\/#website"},"breadcrumb":{"@id":"https:\/\/www.fum-legal.de\/en\/karriere\/assistenz-backoffice-support-m-w-d\/#breadcrumblist"},"datePublished":"2026-03-17T13:22:43+01:00","dateModified":"2026-03-24T11:38:02+01:00"},{"@type":"WebSite","@id":"https:\/\/www.fum-legal.de\/en\/#website","url":"https:\/\/www.fum-legal.de\/en\/","name":"FUM Legal","description":"Fritz & Mark Legal Rechtsanw\u00e4lte","inLanguage":"en-US","publisher":{"@id":"https:\/\/www.fum-legal.de\/en\/#organization"}}]},"og:locale":"en_US","og:site_name":"FUM Legal - Fritz &amp; Mark Legal Rechtsanw\u00e4lte","og:type":"article","og:title":"Assistenz \/ Backoffice-Support (m\/w\/d) - FUM Legal","og:description":"Karriere bei Fritz &amp; Mark Legal Assistenz \/ Backoffice-Support (m\/w\/d)Quereinstieg f\u00fcr Kaufleute m\u00f6glich | Standort: M\u00fcnster (Alte Feuerwache) Sie haben eine kaufm\u00e4nnische Ausbildung (z. B. B\u00fcromanagement, Industriekaufleute, Hotelfach oder Fremdsprachenkorrespondenz) und suchen ein modernes Arbeitsumfeld abseits der klassischen Sachbearbeitung? Fritz &amp; Mark Legal ist eine wirtschaftsrechtlich ausgerichtete Kanzlei, die nationale und internationale Unternehmen in den","og:url":"https:\/\/www.fum-legal.de\/en\/karriere\/assistenz-backoffice-support-m-w-d\/","og:image":"https:\/\/www.fum-legal.de\/wp-content\/uploads\/Fritz-und-Mark-Logo-blau-schwarz-v2.png","og:image:secure_url":"https:\/\/www.fum-legal.de\/wp-content\/uploads\/Fritz-und-Mark-Logo-blau-schwarz-v2.png","og:image:width":743,"og:image:height":245,"article:published_time":"2026-03-17T12:22:43+00:00","article:modified_time":"2026-03-24T10:38:02+00:00","twitter:card":"summary_large_image","twitter:title":"Assistenz \/ Backoffice-Support (m\/w\/d) - FUM Legal","twitter:description":"Karriere bei Fritz &amp; Mark Legal Assistenz \/ Backoffice-Support (m\/w\/d)Quereinstieg f\u00fcr Kaufleute m\u00f6glich | Standort: M\u00fcnster (Alte Feuerwache) Sie haben eine kaufm\u00e4nnische Ausbildung (z. B. B\u00fcromanagement, Industriekaufleute, Hotelfach oder Fremdsprachenkorrespondenz) und suchen ein modernes Arbeitsumfeld abseits der klassischen Sachbearbeitung? Fritz &amp; Mark Legal ist eine wirtschaftsrechtlich ausgerichtete Kanzlei, die nationale und internationale Unternehmen in den","twitter:image":"https:\/\/www.fum-legal.de\/wp-content\/uploads\/Fritz-und-Mark-Logo-blau-schwarz-v2.png"},"aioseo_meta_data":{"post_id":"3963","title":null,"description":null,"keywords":null,"keyphrases":{"focus":{"keyphrase":"","score":0,"analysis":{"keyphraseInTitle":{"score":0,"maxScore":9,"error":1}}},"additional":[]},"primary_term":null,"canonical_url":null,"og_title":null,"og_description":null,"og_object_type":"default","og_image_type":"default","og_image_url":null,"og_image_width":null,"og_image_height":null,"og_image_custom_url":null,"og_image_custom_fields":null,"og_video":"","og_custom_url":null,"og_article_section":null,"og_article_tags":null,"twitter_use_og":false,"twitter_card":"default","twitter_image_type":"default","twitter_image_url":null,"twitter_image_custom_url":null,"twitter_image_custom_fields":null,"twitter_title":null,"twitter_description":null,"schema":{"blockGraphs":[],"customGraphs":[],"default":{"data":{"Article":[],"Course":[],"Dataset":[],"FAQPage":[],"Movie":[],"Person":[],"Product":[],"ProductReview":[],"Car":[],"Recipe":[],"Service":[],"SoftwareApplication":[],"WebPage":[]},"graphName":"WebPage","isEnabled":true},"graphs":[]},"schema_type":"default","schema_type_options":null,"pillar_content":false,"robots_default":true,"robots_noindex":false,"robots_noarchive":false,"robots_nosnippet":false,"robots_nofollow":false,"robots_noimageindex":false,"robots_noodp":false,"robots_notranslate":false,"robots_max_snippet":"-1","robots_max_videopreview":"-1","robots_max_imagepreview":"large","priority":null,"frequency":"default","local_seo":null,"seo_analyzer_scan_date":"2026-03-24 12:21:41","breadcrumb_settings":null,"limit_modified_date":false,"open_ai":null,"ai":{"faqs":[],"keyPoints":[],"titles":[],"descriptions":[],"socialPosts":{"email":[],"linkedin":[],"twitter":[],"facebook":[],"instagram":[]}},"created":"2026-03-17 12:16:36","updated":"2026-03-24 12:22:50"},"aioseo_breadcrumb":"<div class=\"aioseo-breadcrumbs\"><span class=\"aioseo-breadcrumb\">\n\t<a href=\"https:\/\/www.fum-legal.de\/en\" title=\"Home\">Home<\/a>\n<\/span><span class=\"aioseo-breadcrumb-separator\">&raquo;<\/span><span class=\"aioseo-breadcrumb\">\n\t<a href=\"https:\/\/www.fum-legal.de\/en\/karriere\/\" title=\"Karriere\">Karriere<\/a>\n<\/span><span class=\"aioseo-breadcrumb-separator\">&raquo;<\/span><span class=\"aioseo-breadcrumb\">\n\tAssistenz \/ Backoffice-Support (m\/w\/d)\n<\/span><\/div>","aioseo_breadcrumb_json":[{"label":"Home","link":"https:\/\/www.fum-legal.de\/en"},{"label":"Karriere","link":"https:\/\/www.fum-legal.de\/en\/karriere\/"},{"label":"Assistenz \/ Backoffice-Support (m\/w\/d)","link":"https:\/\/www.fum-legal.de\/en\/karriere\/assistenz-backoffice-support-m-w-d\/"}],"_links":{"self":[{"href":"https:\/\/www.fum-legal.de\/en\/wp-json\/wp\/v2\/pages\/3963","targetHints":{"allow":["GET"]}}],"collection":[{"href":"https:\/\/www.fum-legal.de\/en\/wp-json\/wp\/v2\/pages"}],"about":[{"href":"https:\/\/www.fum-legal.de\/en\/wp-json\/wp\/v2\/types\/page"}],"author":[{"embeddable":true,"href":"https:\/\/www.fum-legal.de\/en\/wp-json\/wp\/v2\/users\/2"}],"replies":[{"embeddable":true,"href":"https:\/\/www.fum-legal.de\/en\/wp-json\/wp\/v2\/comments?post=3963"}],"version-history":[{"count":15,"href":"https:\/\/www.fum-legal.de\/en\/wp-json\/wp\/v2\/pages\/3963\/revisions"}],"predecessor-version":[{"id":4020,"href":"https:\/\/www.fum-legal.de\/en\/wp-json\/wp\/v2\/pages\/3963\/revisions\/4020"}],"up":[{"embeddable":true,"href":"https:\/\/www.fum-legal.de\/en\/wp-json\/wp\/v2\/pages\/388"}],"wp:attachment":[{"href":"https:\/\/www.fum-legal.de\/en\/wp-json\/wp\/v2\/media?parent=3963"}],"curies":[{"name":"wp","href":"https:\/\/api.w.org\/{rel}","templated":true}]}}