{"id":2427,"date":"2025-12-08T09:26:58","date_gmt":"2025-12-08T08:26:58","guid":{"rendered":"https:\/\/fum-legal.advomatic-dev.de\/?page_id=2427"},"modified":"2026-02-20T11:14:34","modified_gmt":"2026-02-20T10:14:34","slug":"kontaktformular","status":"publish","type":"page","link":"https:\/\/www.fum-legal.de\/zh\/kontakt\/kontaktformular\/","title":{"rendered":"\u8054\u7cfb\u8868\u5355"},"content":{"rendered":"\t\t<div data-elementor-type=\"wp-page\" data-elementor-id=\"2427\" class=\"elementor elementor-2427\" data-elementor-post-type=\"page\">\n\t\t\t\t<div class=\"elementor-element elementor-element-49c8d3eb e-flex e-con-boxed e-con e-parent\" data-id=\"49c8d3eb\" data-element_type=\"container\" data-e-type=\"container\">\n\t\t\t\t\t<div class=\"e-con-inner\">\n\t\t\t\t<div class=\"elementor-element elementor-element-450e39a5 elementor-widget elementor-widget-heading\" data-id=\"450e39a5\" data-element_type=\"widget\" data-e-type=\"widget\" data-widget_type=\"heading.default\">\n\t\t\t\t\t<h1 class=\"elementor-heading-title elementor-size-default\">Kontaktformular<\/h1>\t\t\t\t<\/div>\n\t\t\t\t<div class=\"elementor-element elementor-element-6ee74b36 elementor-widget elementor-widget-heading\" data-id=\"6ee74b36\" data-element_type=\"widget\" data-e-type=\"widget\" data-widget_type=\"heading.default\">\n\t\t\t\t\t<h2 class=\"elementor-heading-title elementor-size-default\">Schreiben Sie uns gerne eine Nachricht<\/h2>\t\t\t\t<\/div>\n\t\t<div class=\"elementor-element elementor-element-b2d16fe e-con-full e-flex e-con e-child\" data-id=\"b2d16fe\" data-element_type=\"container\" data-e-type=\"container\">\n\t\t<div class=\"elementor-element elementor-element-57812c32 e-con-full e-flex e-con e-child\" data-id=\"57812c32\" data-element_type=\"container\" data-e-type=\"container\">\n\t\t\t\t<div class=\"elementor-element elementor-element-e449dac elementor-button-align-start elementor-mobile-button-align-center elementor-widget elementor-widget-form\" data-id=\"e449dac\" data-element_type=\"widget\" data-e-type=\"widget\" data-settings=\"{&quot;step_next_label&quot;:&quot;Next&quot;,&quot;step_previous_label&quot;:&quot;Previous&quot;,&quot;display_condition_enable&quot;:&quot;yes&quot;,&quot;button_width_mobile&quot;:&quot;100&quot;,&quot;button_width&quot;:&quot;100&quot;,&quot;step_type&quot;:&quot;number_text&quot;,&quot;step_icon_shape&quot;:&quot;circle&quot;}\" data-widget_type=\"form.default\">\n\t\t\t\t\t\t\t<form class=\"elementor-form\" method=\"post\" name=\"Kontaktformular\" aria-label=\"Kontaktformular\">\n\t\t\t<input type=\"hidden\" name=\"post_id\" value=\"2427\"\/>\n\t\t\t<input type=\"hidden\" name=\"form_id\" value=\"e449dac\"\/>\n\t\t\t<input type=\"hidden\" name=\"referer_title\" value=\"\" \/>\n\n\t\t\t\n\t\t\t<div class=\"elementor-form-fields-wrapper elementor-labels-above\">\n\t\t\t\t\t\t\t\t<div class=\"elementor-field-type-text elementor-field-group elementor-column elementor-field-group-firma elementor-col-100\">\n\t\t\t\t\t\t\t\t\t\t\t\t<label for=\"form-field-firma\" class=\"elementor-field-label\">\n\t\t\t\t\t\t\t\tFirma:\t\t\t\t\t\t\t<\/label>\n\t\t\t\t\t\t\t\t\t\t\t\t\t\t<input size=\"1\" type=\"text\" name=\"form_fields[firma]\" id=\"form-field-firma\" class=\"elementor-field elementor-size-lg  elementor-field-textual\" placeholder=\"Firma\">\n\t\t\t\t\t\t\t\t\t\t\t<\/div>\n\t\t\t\t\t\t\t\t<div class=\"elementor-field-type-select elementor-field-group elementor-column elementor-field-group-field_67f35d2 elementor-col-100 elementor-field-required elementor-mark-required\">\n\t\t\t\t\t\t\t\t\t\t\t\t<label for=\"form-field-field_67f35d2\" class=\"elementor-field-label\">\n\t\t\t\t\t\t\t\tAnrede\t\t\t\t\t\t\t<\/label>\n\t\t\t\t\t\t\t\t<div class=\"elementor-field elementor-select-wrapper remove-before \">\n\t\t\t<div class=\"select-caret-down-wrapper\">\n\t\t\t\t<i aria-hidden=\"true\" class=\"eicon-caret-down\"><\/i>\t\t\t<\/div>\n\t\t\t<select name=\"form_fields[field_67f35d2]\" id=\"form-field-field_67f35d2\" class=\"elementor-field-textual elementor-size-lg\" required=\"required\">\n\t\t\t\t\t\t\t\t\t<option value=\"Frau\">Frau<\/option>\n\t\t\t\t\t\t\t\t\t<option value=\"Herr\">Herr<\/option>\n\t\t\t\t\t\t\t\t\t<option value=\"Divers\">Divers<\/option>\n\t\t\t\t\t\t\t<\/select>\n\t\t<\/div>\n\t\t\t\t\t\t<\/div>\n\t\t\t\t\t\t\t\t<div class=\"elementor-field-type-text elementor-field-group elementor-column elementor-field-group-field_1613314 elementor-col-100 elementor-field-required elementor-mark-required\">\n\t\t\t\t\t\t\t\t\t\t\t\t<label for=\"form-field-field_1613314\" class=\"elementor-field-label\">\n\t\t\t\t\t\t\t\tName\t\t\t\t\t\t\t<\/label>\n\t\t\t\t\t\t\t\t\t\t\t\t\t\t<input size=\"1\" type=\"text\" name=\"form_fields[field_1613314]\" id=\"form-field-field_1613314\" class=\"elementor-field elementor-size-lg  elementor-field-textual\" placeholder=\"Name\" required=\"required\">\n\t\t\t\t\t\t\t\t\t\t\t<\/div>\n\t\t\t\t\t\t\t\t<div class=\"elementor-field-type-text elementor-field-group elementor-column elementor-field-group-strasse elementor-col-100\">\n\t\t\t\t\t\t\t\t\t\t\t\t<label for=\"form-field-strasse\" class=\"elementor-field-label\">\n\t\t\t\t\t\t\t\tStra\u00dfe\t\t\t\t\t\t\t<\/label>\n\t\t\t\t\t\t\t\t\t\t\t\t\t\t<input size=\"1\" type=\"text\" name=\"form_fields[strasse]\" id=\"form-field-strasse\" class=\"elementor-field elementor-size-lg  elementor-field-textual\" placeholder=\"Stra\u00dfe\">\n\t\t\t\t\t\t\t\t\t\t\t<\/div>\n\t\t\t\t\t\t\t\t<div class=\"elementor-field-type-text elementor-field-group elementor-column elementor-field-group-ort elementor-col-100\">\n\t\t\t\t\t\t\t\t\t\t\t\t<label for=\"form-field-ort\" class=\"elementor-field-label\">\n\t\t\t\t\t\t\t\tPLZ \/ Ort:\t\t\t\t\t\t\t<\/label>\n\t\t\t\t\t\t\t\t\t\t\t\t\t\t<input size=\"1\" type=\"text\" name=\"form_fields[ort]\" id=\"form-field-ort\" class=\"elementor-field elementor-size-lg  elementor-field-textual\" placeholder=\"PLZ \/ Ort\">\n\t\t\t\t\t\t\t\t\t\t\t<\/div>\n\t\t\t\t\t\t\t\t<div class=\"elementor-field-type-tel elementor-field-group elementor-column elementor-field-group-phone elementor-col-100\">\n\t\t\t\t\t\t\t\t\t\t\t\t<label for=\"form-field-phone\" class=\"elementor-field-label\">\n\t\t\t\t\t\t\t\tTelefon\t\t\t\t\t\t\t<\/label>\n\t\t\t\t\t\t\t\t<input size=\"1\" type=\"tel\" name=\"form_fields[phone]\" id=\"form-field-phone\" class=\"elementor-field elementor-size-lg  elementor-field-textual\" placeholder=\"Telefon\" pattern=\"[0-9()#&amp;+*-=.]+\" title=\"Only numbers and phone characters (#, -, *, etc) are accepted.\">\n\n\t\t\t\t\t\t<\/div>\n\t\t\t\t\t\t\t\t<div class=\"elementor-field-type-email elementor-field-group elementor-column elementor-field-group-email elementor-col-100 elementor-field-required elementor-mark-required\">\n\t\t\t\t\t\t\t\t\t\t\t\t<label for=\"form-field-email\" class=\"elementor-field-label\">\n\t\t\t\t\t\t\t\tE-Mail-Adresse\t\t\t\t\t\t\t<\/label>\n\t\t\t\t\t\t\t\t\t\t\t\t\t\t<input size=\"1\" type=\"email\" name=\"form_fields[email]\" id=\"form-field-email\" class=\"elementor-field elementor-size-lg  elementor-field-textual\" placeholder=\"E-Mail-Adresse\" required=\"required\">\n\t\t\t\t\t\t\t\t\t\t\t<\/div>\n\t\t\t\t\t\t\t\t<div class=\"elementor-field-type-textarea elementor-field-group elementor-column elementor-field-group-message elementor-col-100\">\n\t\t\t\t\t\t\t\t\t\t\t\t<label for=\"form-field-message\" class=\"elementor-field-label\">\n\t\t\t\t\t\t\t\tIhre Nachricht\t\t\t\t\t\t\t<\/label>\n\t\t\t\t\t\t<textarea class=\"elementor-field-textual elementor-field  elementor-size-lg\" name=\"form_fields[message]\" id=\"form-field-message\" rows=\"4\" placeholder=\"Ihre Nachricht\"><\/textarea>\t\t\t\t<\/div>\n\t\t\t\t\t\t\t\t<div class=\"elementor-field-type-acceptance elementor-field-group elementor-column elementor-field-group-field_91bd96b elementor-col-100 elementor-field-required elementor-mark-required\">\n\t\t\t\t\t\t\t<div class=\"elementor-field-subgroup\">\n\t\t\t<span class=\"elementor-field-option\">\n\t\t\t\t<input type=\"checkbox\" name=\"form_fields[field_91bd96b]\" id=\"form-field-field_91bd96b\" class=\"elementor-field elementor-size-lg  elementor-acceptance-field\" required=\"required\">\n\t\t\t\t<label for=\"form-field-field_91bd96b\">* Ich stimme zu, dass meine Angaben aus dem Kontaktformular zur Beantwortung meiner Anfrage erhoben und verarbeitet werden. Die Daten werden nach abgeschlossener Bearbeitung Ihrer Anfrage gel\u00f6scht. Hinweis: Sie k\u00f6nnen Ihre Einwilligung jederzeit f\u00fcr die Zukunft per E-Mail an widerrufen. Detaillierte Informationen zum Umgang mit Nutzerdaten finden Sie in unserer <a href=\"\/kontakt\/datenschutz\/\">Datenschutzerkl\u00e4rung<\/a>.<\/label>\t\t\t<\/span>\n\t\t<\/div>\n\t\t\t\t\t\t<\/div>\n\t\t\t\t\t\t\t\t<div class=\"elementor-field-type-recaptcha_v3 elementor-field-group elementor-column elementor-field-group-field_f3db0a0 elementor-col-100 recaptcha_v3-bottomright\">\n\t\t\t\t\t<div class=\"elementor-field\" id=\"form-field-field_f3db0a0\"><div class=\"elementor-g-recaptcha\" data-sitekey=\"6Lc-2nEsAAAAAE2LiW9D6Xe4vco9gPgrpeYFwj77\" data-type=\"v3\" data-action=\"Form\" data-badge=\"bottomright\" data-size=\"invisible\"><\/div><\/div>\t\t\t\t<\/div>\n\t\t\t\t\t\t\t\t<div class=\"elementor-field-type-text\">\n\t\t\t\t\t<input size=\"1\" type=\"text\" name=\"form_fields[field_af5e578]\" id=\"form-field-field_af5e578\" class=\"elementor-field elementor-size-lg \" style=\"display:none !important;\">\t\t\t\t<\/div>\n\t\t\t\t\t\t\t\t<div class=\"elementor-field-group elementor-column elementor-field-type-submit elementor-col-100 e-form__buttons elementor-sm-100\">\n\t\t\t\t\t<button class=\"elementor-button elementor-size-sm\" type=\"submit\">\n\t\t\t\t\t\t<span class=\"elementor-button-content-wrapper\">\n\t\t\t\t\t\t\t\t\t\t\t\t\t\t\t\t\t\t\t\t\t\t<span class=\"elementor-button-text\">Anfrage senden<\/span>\n\t\t\t\t\t\t\t\t\t\t\t\t\t<\/span>\n\t\t\t\t\t<\/button>\n\t\t\t\t<\/div>\n\t\t\t<\/div>\n\t\t<\/form>\n\t\t\t\t\t\t<\/div>\n\t\t\t\t<\/div>\n\t\t\t\t<\/div>\n\t\t\t\t\t<\/div>\n\t\t\t\t<\/div>\n\t\t\t\t<\/div>\n\t\t","protected":false},"excerpt":{"rendered":"<p>Kontaktformular Schreiben Sie uns gerne eine Nachricht<\/p>","protected":false},"author":1,"featured_media":0,"parent":379,"menu_order":0,"comment_status":"closed","ping_status":"closed","template":"elementor_theme","meta":{"_acf_changed":false,"inline_featured_image":false,"footnotes":""},"class_list":["post-2427","page","type-page","status-publish","hentry"],"acf":[],"aioseo_notices":[],"aioseo_head":"\n\t\t<!-- All in One SEO Pro 4.9.5.2 - aioseo.com -->\n\t<meta name=\"description\" content=\"Kontaktformular Schreiben Sie uns gerne eine Nachricht Firma: Anrede Frau Herr Divers Name Stra\u00dfe PLZ \/ Ort: Telefon E-Mail-Adresse Ihre Nachricht * Ich stimme zu, dass meine Angaben aus dem Kontaktformular zur Beantwortung meiner Anfrage erhoben und verarbeitet werden. Die Daten werden nach abgeschlossener Bearbeitung Ihrer Anfrage gel\u00f6scht. Hinweis: Sie k\u00f6nnen Ihre Einwilligung jederzeit f\u00fcr\" \/>\n\t<meta name=\"robots\" content=\"max-image-preview:large\" \/>\n\t<link rel=\"canonical\" href=\"https:\/\/www.fum-legal.de\/zh\/kontakt\/kontaktformular\/\" \/>\n\t<meta name=\"generator\" content=\"All in One SEO Pro (AIOSEO) 4.9.5.2\" \/>\n\t\t<meta property=\"og:locale\" content=\"zh_CN\" \/>\n\t\t<meta property=\"og:site_name\" content=\"FUM Legal - Fritz &amp; Mark Legal Rechtsanw\u00e4lte\" \/>\n\t\t<meta property=\"og:type\" content=\"article\" \/>\n\t\t<meta property=\"og:title\" content=\"Kontaktformular - FUM Legal\" \/>\n\t\t<meta property=\"og:description\" content=\"Kontaktformular Schreiben Sie uns gerne eine Nachricht Firma: Anrede Frau Herr Divers Name Stra\u00dfe PLZ \/ Ort: Telefon E-Mail-Adresse Ihre Nachricht * Ich stimme zu, dass meine Angaben aus dem Kontaktformular zur Beantwortung meiner Anfrage erhoben und verarbeitet werden. Die Daten werden nach abgeschlossener Bearbeitung Ihrer Anfrage gel\u00f6scht. Hinweis: Sie k\u00f6nnen Ihre Einwilligung jederzeit f\u00fcr\" \/>\n\t\t<meta property=\"og:url\" content=\"https:\/\/www.fum-legal.de\/zh\/kontakt\/kontaktformular\/\" \/>\n\t\t<meta property=\"og:image\" content=\"https:\/\/www.fum-legal.de\/wp-content\/uploads\/Fritz-und-Mark-Logo-blau-schwarz-v2.png\" \/>\n\t\t<meta property=\"og:image:secure_url\" content=\"https:\/\/www.fum-legal.de\/wp-content\/uploads\/Fritz-und-Mark-Logo-blau-schwarz-v2.png\" \/>\n\t\t<meta property=\"og:image:width\" content=\"743\" \/>\n\t\t<meta property=\"og:image:height\" content=\"245\" \/>\n\t\t<meta property=\"article:published_time\" content=\"2025-12-08T08:26:58+00:00\" \/>\n\t\t<meta property=\"article:modified_time\" content=\"2026-02-20T10:14:34+00:00\" \/>\n\t\t<meta name=\"twitter:card\" content=\"summary_large_image\" \/>\n\t\t<meta name=\"twitter:title\" content=\"Kontaktformular - FUM Legal\" \/>\n\t\t<meta name=\"twitter:description\" content=\"Kontaktformular Schreiben Sie uns gerne eine Nachricht Firma: Anrede Frau Herr Divers Name Stra\u00dfe PLZ \/ Ort: Telefon E-Mail-Adresse Ihre Nachricht * Ich stimme zu, dass meine Angaben aus dem Kontaktformular zur Beantwortung meiner Anfrage erhoben und verarbeitet werden. Die Daten werden nach abgeschlossener Bearbeitung Ihrer Anfrage gel\u00f6scht. Hinweis: Sie k\u00f6nnen Ihre Einwilligung jederzeit f\u00fcr\" \/>\n\t\t<meta name=\"twitter:image\" content=\"https:\/\/www.fum-legal.de\/wp-content\/uploads\/Fritz-und-Mark-Logo-blau-schwarz-v2.png\" \/>\n\t\t<script type=\"application\/ld+json\" class=\"aioseo-schema\">\n\t\t\t{\"@context\":\"https:\\\/\\\/schema.org\",\"@graph\":[{\"@type\":\"BreadcrumbList\",\"@id\":\"https:\\\/\\\/www.fum-legal.de\\\/zh\\\/kontakt\\\/kontaktformular\\\/#breadcrumblist\",\"itemListElement\":[{\"@type\":\"ListItem\",\"@id\":\"https:\\\/\\\/www.fum-legal.de\\\/zh#listItem\",\"position\":1,\"name\":\"Home\",\"item\":\"https:\\\/\\\/www.fum-legal.de\\\/zh\",\"nextItem\":{\"@type\":\"ListItem\",\"@id\":\"https:\\\/\\\/www.fum-legal.de\\\/zh\\\/kontakt\\\/#listItem\",\"name\":\"Kontakt\"}},{\"@type\":\"ListItem\",\"@id\":\"https:\\\/\\\/www.fum-legal.de\\\/zh\\\/kontakt\\\/#listItem\",\"position\":2,\"name\":\"Kontakt\",\"item\":\"https:\\\/\\\/www.fum-legal.de\\\/zh\\\/kontakt\\\/\",\"nextItem\":{\"@type\":\"ListItem\",\"@id\":\"https:\\\/\\\/www.fum-legal.de\\\/zh\\\/kontakt\\\/kontaktformular\\\/#listItem\",\"name\":\"Kontaktformular\"},\"previousItem\":{\"@type\":\"ListItem\",\"@id\":\"https:\\\/\\\/www.fum-legal.de\\\/zh#listItem\",\"name\":\"Home\"}},{\"@type\":\"ListItem\",\"@id\":\"https:\\\/\\\/www.fum-legal.de\\\/zh\\\/kontakt\\\/kontaktformular\\\/#listItem\",\"position\":3,\"name\":\"Kontaktformular\",\"previousItem\":{\"@type\":\"ListItem\",\"@id\":\"https:\\\/\\\/www.fum-legal.de\\\/zh\\\/kontakt\\\/#listItem\",\"name\":\"Kontakt\"}}]},{\"@type\":\"Organization\",\"@id\":\"https:\\\/\\\/www.fum-legal.de\\\/zh\\\/#organization\",\"name\":\"FUM Legal\",\"description\":\"Fritz & Mark Legal Rechtsanw\\u00e4lte\",\"url\":\"https:\\\/\\\/www.fum-legal.de\\\/zh\\\/\",\"telephone\":\"+4940180243010\",\"logo\":{\"@type\":\"ImageObject\",\"url\":\"https:\\\/\\\/www.fum-legal.de\\\/wp-content\\\/uploads\\\/Fritz-und-Mark-Logo-blau-schwarz-v2.png\",\"@id\":\"https:\\\/\\\/www.fum-legal.de\\\/zh\\\/kontakt\\\/kontaktformular\\\/#organizationLogo\",\"width\":743,\"height\":245},\"image\":{\"@id\":\"https:\\\/\\\/www.fum-legal.de\\\/zh\\\/kontakt\\\/kontaktformular\\\/#organizationLogo\"}},{\"@type\":\"WebPage\",\"@id\":\"https:\\\/\\\/www.fum-legal.de\\\/zh\\\/kontakt\\\/kontaktformular\\\/#webpage\",\"url\":\"https:\\\/\\\/www.fum-legal.de\\\/zh\\\/kontakt\\\/kontaktformular\\\/\",\"name\":\"Kontaktformular - FUM Legal\",\"description\":\"Kontaktformular Schreiben Sie uns gerne eine Nachricht Firma: Anrede Frau Herr Divers Name Stra\\u00dfe PLZ \\\/ Ort: Telefon E-Mail-Adresse Ihre Nachricht * Ich stimme zu, dass meine Angaben aus dem Kontaktformular zur Beantwortung meiner Anfrage erhoben und verarbeitet werden. Die Daten werden nach abgeschlossener Bearbeitung Ihrer Anfrage gel\\u00f6scht. Hinweis: Sie k\\u00f6nnen Ihre Einwilligung jederzeit f\\u00fcr\",\"inLanguage\":\"zh-CN\",\"isPartOf\":{\"@id\":\"https:\\\/\\\/www.fum-legal.de\\\/zh\\\/#website\"},\"breadcrumb\":{\"@id\":\"https:\\\/\\\/www.fum-legal.de\\\/zh\\\/kontakt\\\/kontaktformular\\\/#breadcrumblist\"},\"datePublished\":\"2025-12-08T09:26:58+01:00\",\"dateModified\":\"2026-02-20T11:14:34+01:00\"},{\"@type\":\"WebSite\",\"@id\":\"https:\\\/\\\/www.fum-legal.de\\\/zh\\\/#website\",\"url\":\"https:\\\/\\\/www.fum-legal.de\\\/zh\\\/\",\"name\":\"FUM Legal\",\"description\":\"Fritz & Mark Legal Rechtsanw\\u00e4lte\",\"inLanguage\":\"zh-CN\",\"publisher\":{\"@id\":\"https:\\\/\\\/www.fum-legal.de\\\/zh\\\/#organization\"}}]}\n\t\t<\/script>\n\t\t<!-- All in One SEO Pro -->\r\n\t\t<title>Kontaktformular - FUM Legal<\/title>\n\n","aioseo_head_json":{"title":"Kontaktformular - FUM Legal","description":"Kontaktformular Schreiben Sie uns gerne eine Nachricht Firma: Anrede Frau Herr Divers Name Stra\u00dfe PLZ \/ Ort: Telefon E-Mail-Adresse Ihre Nachricht * Ich stimme zu, dass meine Angaben aus dem Kontaktformular zur Beantwortung meiner Anfrage erhoben und verarbeitet werden. Die Daten werden nach abgeschlossener Bearbeitung Ihrer Anfrage gel\u00f6scht. Hinweis: Sie k\u00f6nnen Ihre Einwilligung jederzeit f\u00fcr","canonical_url":"https:\/\/www.fum-legal.de\/zh\/kontakt\/kontaktformular\/","robots":"max-image-preview:large","keywords":"","webmasterTools":{"miscellaneous":""},"schema":{"@context":"https:\/\/schema.org","@graph":[{"@type":"BreadcrumbList","@id":"https:\/\/www.fum-legal.de\/zh\/kontakt\/kontaktformular\/#breadcrumblist","itemListElement":[{"@type":"ListItem","@id":"https:\/\/www.fum-legal.de\/zh#listItem","position":1,"name":"Home","item":"https:\/\/www.fum-legal.de\/zh","nextItem":{"@type":"ListItem","@id":"https:\/\/www.fum-legal.de\/zh\/kontakt\/#listItem","name":"Kontakt"}},{"@type":"ListItem","@id":"https:\/\/www.fum-legal.de\/zh\/kontakt\/#listItem","position":2,"name":"Kontakt","item":"https:\/\/www.fum-legal.de\/zh\/kontakt\/","nextItem":{"@type":"ListItem","@id":"https:\/\/www.fum-legal.de\/zh\/kontakt\/kontaktformular\/#listItem","name":"Kontaktformular"},"previousItem":{"@type":"ListItem","@id":"https:\/\/www.fum-legal.de\/zh#listItem","name":"Home"}},{"@type":"ListItem","@id":"https:\/\/www.fum-legal.de\/zh\/kontakt\/kontaktformular\/#listItem","position":3,"name":"Kontaktformular","previousItem":{"@type":"ListItem","@id":"https:\/\/www.fum-legal.de\/zh\/kontakt\/#listItem","name":"Kontakt"}}]},{"@type":"Organization","@id":"https:\/\/www.fum-legal.de\/zh\/#organization","name":"FUM Legal","description":"Fritz & Mark Legal Rechtsanw\u00e4lte","url":"https:\/\/www.fum-legal.de\/zh\/","telephone":"+4940180243010","logo":{"@type":"ImageObject","url":"https:\/\/www.fum-legal.de\/wp-content\/uploads\/Fritz-und-Mark-Logo-blau-schwarz-v2.png","@id":"https:\/\/www.fum-legal.de\/zh\/kontakt\/kontaktformular\/#organizationLogo","width":743,"height":245},"image":{"@id":"https:\/\/www.fum-legal.de\/zh\/kontakt\/kontaktformular\/#organizationLogo"}},{"@type":"WebPage","@id":"https:\/\/www.fum-legal.de\/zh\/kontakt\/kontaktformular\/#webpage","url":"https:\/\/www.fum-legal.de\/zh\/kontakt\/kontaktformular\/","name":"Kontaktformular - FUM Legal","description":"Kontaktformular Schreiben Sie uns gerne eine Nachricht Firma: Anrede Frau Herr Divers Name Stra\u00dfe PLZ \/ Ort: Telefon E-Mail-Adresse Ihre Nachricht * Ich stimme zu, dass meine Angaben aus dem Kontaktformular zur Beantwortung meiner Anfrage erhoben und verarbeitet werden. Die Daten werden nach abgeschlossener Bearbeitung Ihrer Anfrage gel\u00f6scht. Hinweis: Sie k\u00f6nnen Ihre Einwilligung jederzeit f\u00fcr","inLanguage":"zh-CN","isPartOf":{"@id":"https:\/\/www.fum-legal.de\/zh\/#website"},"breadcrumb":{"@id":"https:\/\/www.fum-legal.de\/zh\/kontakt\/kontaktformular\/#breadcrumblist"},"datePublished":"2025-12-08T09:26:58+01:00","dateModified":"2026-02-20T11:14:34+01:00"},{"@type":"WebSite","@id":"https:\/\/www.fum-legal.de\/zh\/#website","url":"https:\/\/www.fum-legal.de\/zh\/","name":"FUM Legal","description":"Fritz & Mark Legal Rechtsanw\u00e4lte","inLanguage":"zh-CN","publisher":{"@id":"https:\/\/www.fum-legal.de\/zh\/#organization"}}]},"og:locale":"zh_CN","og:site_name":"FUM Legal - Fritz &amp; Mark Legal Rechtsanw\u00e4lte","og:type":"article","og:title":"Kontaktformular - FUM Legal","og:description":"Kontaktformular Schreiben Sie uns gerne eine Nachricht Firma: Anrede Frau Herr Divers Name Stra\u00dfe PLZ \/ Ort: Telefon E-Mail-Adresse Ihre Nachricht * Ich stimme zu, dass meine Angaben aus dem Kontaktformular zur Beantwortung meiner Anfrage erhoben und verarbeitet werden. Die Daten werden nach abgeschlossener Bearbeitung Ihrer Anfrage gel\u00f6scht. Hinweis: Sie k\u00f6nnen Ihre Einwilligung jederzeit f\u00fcr","og:url":"https:\/\/www.fum-legal.de\/zh\/kontakt\/kontaktformular\/","og:image":"https:\/\/www.fum-legal.de\/wp-content\/uploads\/Fritz-und-Mark-Logo-blau-schwarz-v2.png","og:image:secure_url":"https:\/\/www.fum-legal.de\/wp-content\/uploads\/Fritz-und-Mark-Logo-blau-schwarz-v2.png","og:image:width":743,"og:image:height":245,"article:published_time":"2025-12-08T08:26:58+00:00","article:modified_time":"2026-02-20T10:14:34+00:00","twitter:card":"summary_large_image","twitter:title":"Kontaktformular - FUM Legal","twitter:description":"Kontaktformular Schreiben Sie uns gerne eine Nachricht Firma: Anrede Frau Herr Divers Name Stra\u00dfe PLZ \/ Ort: Telefon E-Mail-Adresse Ihre Nachricht * Ich stimme zu, dass meine Angaben aus dem Kontaktformular zur Beantwortung meiner Anfrage erhoben und verarbeitet werden. Die Daten werden nach abgeschlossener Bearbeitung Ihrer Anfrage gel\u00f6scht. Hinweis: Sie k\u00f6nnen Ihre Einwilligung jederzeit f\u00fcr","twitter:image":"https:\/\/www.fum-legal.de\/wp-content\/uploads\/Fritz-und-Mark-Logo-blau-schwarz-v2.png"},"aioseo_meta_data":{"post_id":"2427","title":null,"description":null,"keywords":null,"keyphrases":null,"primary_term":null,"canonical_url":null,"og_title":null,"og_description":null,"og_object_type":"default","og_image_type":"default","og_image_url":null,"og_image_width":null,"og_image_height":null,"og_image_custom_url":null,"og_image_custom_fields":null,"og_video":null,"og_custom_url":null,"og_article_section":null,"og_article_tags":null,"twitter_use_og":false,"twitter_card":"default","twitter_image_type":"default","twitter_image_url":null,"twitter_image_custom_url":null,"twitter_image_custom_fields":null,"twitter_title":null,"twitter_description":null,"schema":{"blockGraphs":[],"customGraphs":[],"default":{"data":{"Article":[],"Course":[],"Dataset":[],"FAQPage":[],"Movie":[],"Person":[],"Product":[],"ProductReview":[],"Car":[],"Recipe":[],"Service":[],"SoftwareApplication":[],"WebPage":[]},"graphName":"","isEnabled":true},"graphs":[]},"schema_type":"default","schema_type_options":null,"pillar_content":false,"robots_default":true,"robots_noindex":false,"robots_noarchive":false,"robots_nosnippet":false,"robots_nofollow":false,"robots_noimageindex":false,"robots_noodp":false,"robots_notranslate":false,"robots_max_snippet":null,"robots_max_videopreview":null,"robots_max_imagepreview":"large","priority":null,"frequency":null,"local_seo":null,"seo_analyzer_scan_date":"2026-02-20 10:18:43","breadcrumb_settings":null,"limit_modified_date":false,"open_ai":null,"ai":null,"created":"2026-01-13 15:37:55","updated":"2026-02-20 10:18:43"},"aioseo_breadcrumb":"<div class=\"aioseo-breadcrumbs\"><span class=\"aioseo-breadcrumb\">\n\t<a href=\"https:\/\/www.fum-legal.de\/zh\" title=\"Home\">Home<\/a>\n<\/span><span class=\"aioseo-breadcrumb-separator\">&raquo;<\/span><span class=\"aioseo-breadcrumb\">\n\t<a href=\"https:\/\/www.fum-legal.de\/zh\/kontakt\/\" title=\"Kontakt\">Kontakt<\/a>\n<\/span><span class=\"aioseo-breadcrumb-separator\">&raquo;<\/span><span class=\"aioseo-breadcrumb\">\n\tKontaktformular\n<\/span><\/div>","aioseo_breadcrumb_json":[{"label":"Home","link":"https:\/\/www.fum-legal.de\/zh"},{"label":"Kontakt","link":"https:\/\/www.fum-legal.de\/zh\/kontakt\/"},{"label":"Kontaktformular","link":"https:\/\/www.fum-legal.de\/zh\/kontakt\/kontaktformular\/"}],"_links":{"self":[{"href":"https:\/\/www.fum-legal.de\/zh\/wp-json\/wp\/v2\/pages\/2427","targetHints":{"allow":["GET"]}}],"collection":[{"href":"https:\/\/www.fum-legal.de\/zh\/wp-json\/wp\/v2\/pages"}],"about":[{"href":"https:\/\/www.fum-legal.de\/zh\/wp-json\/wp\/v2\/types\/page"}],"author":[{"embeddable":true,"href":"https:\/\/www.fum-legal.de\/zh\/wp-json\/wp\/v2\/users\/1"}],"replies":[{"embeddable":true,"href":"https:\/\/www.fum-legal.de\/zh\/wp-json\/wp\/v2\/comments?post=2427"}],"version-history":[{"count":28,"href":"https:\/\/www.fum-legal.de\/zh\/wp-json\/wp\/v2\/pages\/2427\/revisions"}],"predecessor-version":[{"id":3903,"href":"https:\/\/www.fum-legal.de\/zh\/wp-json\/wp\/v2\/pages\/2427\/revisions\/3903"}],"up":[{"embeddable":true,"href":"https:\/\/www.fum-legal.de\/zh\/wp-json\/wp\/v2\/pages\/379"}],"wp:attachment":[{"href":"https:\/\/www.fum-legal.de\/zh\/wp-json\/wp\/v2\/media?parent=2427"}],"curies":[{"name":"wp","href":"https:\/\/api.w.org\/{rel}","templated":true}]}}