{"id":3229,"date":"2025-12-09T16:39:43","date_gmt":"2025-12-09T15:39:43","guid":{"rendered":"https:\/\/fum-legal.advomatic-dev.de\/?page_id=3229"},"modified":"2026-03-19T14:05:04","modified_gmt":"2026-03-19T13:05:04","slug":"rechtsanwaltsfachangestellte-m-w-d","status":"publish","type":"page","link":"https:\/\/www.fum-legal.de\/zh\/karriere\/rechtsanwaltsfachangestellte-m-w-d\/","title":{"rendered":"\u6cd5\u5f8b\u52a9\u7406\uff08\u7537\/\u5973\/\u5176\u4ed6\uff09"},"content":{"rendered":"<p>Fritz and Mark Legal \u662f\u4e00\u5bb6\u5546\u4e1a\u5f8b\u5e08\u4e8b\u52a1\u6240\uff0c\u5728\u6c49\u5821\u548c\u660e\u65af\u7279\u8bbe\u6709\u529e\u4e8b\u5904\u3002.<\/p>\n\n\n\n<p>\u6211\u4eec\u4f4d\u4e8e\u660e\u65af\u7279\u7684\u529e\u4e8b\u5904\u6b63\u5728\u5bfb\u6c42\u56e2\u961f\u652f\u6301\uff0c\u5e0c\u671b\u5c3d\u5feb\u5230\u5c97\u3002<\/p>\n\n\n\n<ul class=\"wp-block-list\">\n<li>\u6cd5\u5f8b\u52a9\u7406\uff08\u7537\/\u5973\/\u5176\u4ed6\uff09\uff08\u6216\u5177\u6709\u5546\u4e1a\u9886\u57df\u540c\u7b49\u8d44\u683c\uff09<\/li>\n<\/ul>\n\n\n\n<p>\u957f\u671f\u804c\u4f4d\uff0c\u53ef\u4ee5\u662f\u517c\u804c\u6216\u5168\u804c\u3002.<\/p>\n\n\n\n<p><strong>\u5de5\u4f5c\u5f00\u59cb\u65f6\u95f4\uff1a<\/strong>&nbsp;\u7acb\u5373\u5730<br><strong>\u5de5\u4f5c\u7c7b\u578b\uff1a<\/strong>&nbsp;\u5458\u5de5<br><strong>\u5de5\u4f5c\u7c7b\u578b\uff1a<\/strong>&nbsp;\u517c\u804c\u6216\u5168\u804c<\/p>\n\n\n\n<h2 class=\"wp-block-heading\">\u4efb\u52a1<\/h2>\n\n\n\n<p>\u9700\u8981\u5b8c\u6210\u7684\u4efb\u52a1\u5305\u62ec\u4f46\u4e0d\u9650\u4e8e\uff1a.<\/p>\n\n\n\n<ul class=\"wp-block-list\">\n<li>\u65e5\u5e38\u52a9\u7406\/\u79d8\u4e66\u5de5\u4f5c<\/li>\n\n\n\n<li>\u7535\u5b50\u8bb0\u5f55\u4fdd\u5b58<\/li>\n\n\n\n<li>\u63a5\u542c\u5ba2\u6237\u7535\u8bdd<\/li>\n\n\n\n<li>\u4e0e\u5ba2\u6237\u7684\u901a\u4fe1\uff08\u72ec\u7acb\u64b0\u5199\u548c\u53e3\u8ff0\uff09<\/li>\n\n\n\n<li>\u53d1\u7968\u7f16\u5236<\/li>\n\n\n\n<li>\u5b89\u6392\u9884\u7ea6\u548c\u534f\u8c03\u5546\u52a1\u65c5\u884c<\/li>\n<\/ul>\n\n\n\n<h3 class=\"wp-block-heading\">\u8f6e\u5ed3<\/h3>\n\n\n\n<p>\u9700\u5177\u5907MS Office\u4f7f\u7528\u7ecf\u9a8c\u548c\u82f1\u8bed\u8bed\u8a00\u80fd\u529b\u3002.<\/p>\n\n\n\n<h3 class=\"wp-block-heading\">\u4e3a\u4ec0\u4e48\u6211\u4eec<\/h3>\n\n\n\n<p>\u6211\u4eec\u63d0\u4f9b\u6109\u5feb\u878d\u6d3d\u7684\u5de5\u4f5c\u6c1b\u56f4\uff0c\u6709\u8da3\u591a\u6837\u7684\u5de5\u4f5c\uff0c\u4f18\u539a\u7684\u85aa\u916c\u548c\u7075\u6d3b\u7684\u5de5\u4f5c\u65f6\u95f4\uff0c\u8fd9\u662f\u660e\u65af\u7279\u6e2f\u7684\u4e00\u4efd\u6c38\u4e45\u6027\u96c7\u4f63\u5408\u540c\u3002.<\/p>","protected":false},"excerpt":{"rendered":"<p>Fritz und Mark Legal ist eine wirtschaftsrechtlich ausgerichtete Rechtsanwaltskanzlei mit B\u00fcros in Hamburg und M\u00fcnster. F\u00fcr unseren Standort in M\u00fcnster suchen wir zum n\u00e4chstm\u00f6glichen Zeitpunkt Unterst\u00fctzung f\u00fcr unser Team durch in unbefristeter Festanstellung in Teil- oder Vollzeit. Arbeitsbeginn:&nbsp;sofortBesch\u00e4ftigungsart:&nbsp;AngestellterAnstellungsart:&nbsp;Teil- oder Vollzeit Aufgaben Zu den zu \u00fcbernehmenden T\u00e4tigkeiten geh\u00f6ren u.a. Profil Erfahrungen im Umgang mit MS Office [&hellip;]<\/p>\n","protected":false},"author":1,"featured_media":0,"parent":388,"menu_order":0,"comment_status":"closed","ping_status":"closed","template":"","meta":{"_acf_changed":false,"inline_featured_image":false,"footnotes":""},"class_list":["post-3229","page","type-page","status-publish","hentry"],"acf":[],"aioseo_notices":[],"aioseo_head":"\n\t\t<!-- All in One SEO Pro 4.9.6.1 - aioseo.com -->\n\t<meta name=\"description\" content=\"Fritz und Mark Legal ist eine wirtschaftsrechtlich ausgerichtete Rechtsanwaltskanzlei mit B\u00fcros in Hamburg und M\u00fcnster. F\u00fcr unseren Standort in M\u00fcnster suchen wir zum n\u00e4chstm\u00f6glichen Zeitpunkt Unterst\u00fctzung f\u00fcr unser Team durch eine Rechtsanwaltsfachangestellte (m\/w\/d) (oder vergleichbare Qualifikation im kaufm\u00e4nnischen Bereich) in unbefristeter Festanstellung in Teil- oder Vollzeit. Arbeitsbeginn: sofortBesch\u00e4ftigungsart: AngestellterAnstellungsart: Teil- oder Vollzeit Aufgaben Zu den zu \u00fcbernehmenden T\u00e4tigkeiten\" \/>\n\t<meta name=\"robots\" content=\"max-image-preview:large\" \/>\n\t<link rel=\"canonical\" href=\"https:\/\/www.fum-legal.de\/zh\/karriere\/rechtsanwaltsfachangestellte-m-w-d\/\" \/>\n\t<meta name=\"generator\" content=\"All in One SEO Pro (AIOSEO) 4.9.6.1\" \/>\n\t\t<meta property=\"og:locale\" content=\"zh_CN\" \/>\n\t\t<meta property=\"og:site_name\" content=\"FUM Legal - Fritz &amp; Mark Legal Rechtsanw\u00e4lte\" \/>\n\t\t<meta property=\"og:type\" content=\"article\" \/>\n\t\t<meta property=\"og:title\" content=\"Rechtsanwaltsfachangestellte (m\/w\/d) - FUM Legal\" \/>\n\t\t<meta property=\"og:description\" content=\"Fritz und Mark Legal ist eine wirtschaftsrechtlich ausgerichtete Rechtsanwaltskanzlei mit B\u00fcros in Hamburg und M\u00fcnster. F\u00fcr unseren Standort in M\u00fcnster suchen wir zum n\u00e4chstm\u00f6glichen Zeitpunkt Unterst\u00fctzung f\u00fcr unser Team durch eine Rechtsanwaltsfachangestellte (m\/w\/d) (oder vergleichbare Qualifikation im kaufm\u00e4nnischen Bereich) in unbefristeter Festanstellung in Teil- oder Vollzeit. Arbeitsbeginn: sofortBesch\u00e4ftigungsart: AngestellterAnstellungsart: Teil- oder Vollzeit Aufgaben Zu den zu \u00fcbernehmenden T\u00e4tigkeiten\" \/>\n\t\t<meta property=\"og:url\" content=\"https:\/\/www.fum-legal.de\/zh\/karriere\/rechtsanwaltsfachangestellte-m-w-d\/\" \/>\n\t\t<meta property=\"og:image\" content=\"https:\/\/www.fum-legal.de\/wp-content\/uploads\/Fritz-und-Mark-Logo-blau-schwarz-v2.png\" \/>\n\t\t<meta property=\"og:image:secure_url\" content=\"https:\/\/www.fum-legal.de\/wp-content\/uploads\/Fritz-und-Mark-Logo-blau-schwarz-v2.png\" \/>\n\t\t<meta property=\"og:image:width\" content=\"743\" \/>\n\t\t<meta property=\"og:image:height\" content=\"245\" \/>\n\t\t<meta property=\"article:published_time\" content=\"2025-12-09T15:39:43+00:00\" \/>\n\t\t<meta property=\"article:modified_time\" content=\"2026-03-19T13:05:04+00:00\" \/>\n\t\t<meta name=\"twitter:card\" content=\"summary_large_image\" \/>\n\t\t<meta name=\"twitter:title\" content=\"Rechtsanwaltsfachangestellte (m\/w\/d) - FUM Legal\" \/>\n\t\t<meta name=\"twitter:description\" content=\"Fritz und Mark Legal ist eine wirtschaftsrechtlich ausgerichtete Rechtsanwaltskanzlei mit B\u00fcros in Hamburg und M\u00fcnster. F\u00fcr unseren Standort in M\u00fcnster suchen wir zum n\u00e4chstm\u00f6glichen Zeitpunkt Unterst\u00fctzung f\u00fcr unser Team durch eine Rechtsanwaltsfachangestellte (m\/w\/d) (oder vergleichbare Qualifikation im kaufm\u00e4nnischen Bereich) in unbefristeter Festanstellung in Teil- oder Vollzeit. Arbeitsbeginn: sofortBesch\u00e4ftigungsart: AngestellterAnstellungsart: Teil- oder Vollzeit Aufgaben Zu den zu \u00fcbernehmenden T\u00e4tigkeiten\" \/>\n\t\t<meta name=\"twitter:image\" content=\"https:\/\/www.fum-legal.de\/wp-content\/uploads\/Fritz-und-Mark-Logo-blau-schwarz-v2.png\" \/>\n\t\t<script type=\"application\/ld+json\" class=\"aioseo-schema\">\n\t\t\t{\"@context\":\"https:\\\/\\\/schema.org\",\"@graph\":[{\"@type\":\"BreadcrumbList\",\"@id\":\"https:\\\/\\\/www.fum-legal.de\\\/zh\\\/karriere\\\/rechtsanwaltsfachangestellte-m-w-d\\\/#breadcrumblist\",\"itemListElement\":[{\"@type\":\"ListItem\",\"@id\":\"https:\\\/\\\/www.fum-legal.de\\\/zh#listItem\",\"position\":1,\"name\":\"Home\",\"item\":\"https:\\\/\\\/www.fum-legal.de\\\/zh\",\"nextItem\":{\"@type\":\"ListItem\",\"@id\":\"https:\\\/\\\/www.fum-legal.de\\\/zh\\\/karriere\\\/#listItem\",\"name\":\"Karriere\"}},{\"@type\":\"ListItem\",\"@id\":\"https:\\\/\\\/www.fum-legal.de\\\/zh\\\/karriere\\\/#listItem\",\"position\":2,\"name\":\"Karriere\",\"item\":\"https:\\\/\\\/www.fum-legal.de\\\/zh\\\/karriere\\\/\",\"nextItem\":{\"@type\":\"ListItem\",\"@id\":\"https:\\\/\\\/www.fum-legal.de\\\/zh\\\/karriere\\\/rechtsanwaltsfachangestellte-m-w-d\\\/#listItem\",\"name\":\"Rechtsanwaltsfachangestellte (m\\\/w\\\/d)\"},\"previousItem\":{\"@type\":\"ListItem\",\"@id\":\"https:\\\/\\\/www.fum-legal.de\\\/zh#listItem\",\"name\":\"Home\"}},{\"@type\":\"ListItem\",\"@id\":\"https:\\\/\\\/www.fum-legal.de\\\/zh\\\/karriere\\\/rechtsanwaltsfachangestellte-m-w-d\\\/#listItem\",\"position\":3,\"name\":\"Rechtsanwaltsfachangestellte (m\\\/w\\\/d)\",\"previousItem\":{\"@type\":\"ListItem\",\"@id\":\"https:\\\/\\\/www.fum-legal.de\\\/zh\\\/karriere\\\/#listItem\",\"name\":\"Karriere\"}}]},{\"@type\":\"Organization\",\"@id\":\"https:\\\/\\\/www.fum-legal.de\\\/zh\\\/#organization\",\"name\":\"FUM Legal\",\"description\":\"Fritz & Mark Legal Rechtsanw\\u00e4lte\",\"url\":\"https:\\\/\\\/www.fum-legal.de\\\/zh\\\/\",\"telephone\":\"+4940180243010\",\"logo\":{\"@type\":\"ImageObject\",\"url\":\"https:\\\/\\\/www.fum-legal.de\\\/wp-content\\\/uploads\\\/Fritz-und-Mark-Logo-blau-schwarz-v2.png\",\"@id\":\"https:\\\/\\\/www.fum-legal.de\\\/zh\\\/karriere\\\/rechtsanwaltsfachangestellte-m-w-d\\\/#organizationLogo\",\"width\":743,\"height\":245},\"image\":{\"@id\":\"https:\\\/\\\/www.fum-legal.de\\\/zh\\\/karriere\\\/rechtsanwaltsfachangestellte-m-w-d\\\/#organizationLogo\"}},{\"@type\":\"WebPage\",\"@id\":\"https:\\\/\\\/www.fum-legal.de\\\/zh\\\/karriere\\\/rechtsanwaltsfachangestellte-m-w-d\\\/#webpage\",\"url\":\"https:\\\/\\\/www.fum-legal.de\\\/zh\\\/karriere\\\/rechtsanwaltsfachangestellte-m-w-d\\\/\",\"name\":\"Rechtsanwaltsfachangestellte (m\\\/w\\\/d) - FUM Legal\",\"description\":\"Fritz und Mark Legal ist eine wirtschaftsrechtlich ausgerichtete Rechtsanwaltskanzlei mit B\\u00fcros in Hamburg und M\\u00fcnster. F\\u00fcr unseren Standort in M\\u00fcnster suchen wir zum n\\u00e4chstm\\u00f6glichen Zeitpunkt Unterst\\u00fctzung f\\u00fcr unser Team durch eine Rechtsanwaltsfachangestellte (m\\\/w\\\/d) (oder vergleichbare Qualifikation im kaufm\\u00e4nnischen Bereich) in unbefristeter Festanstellung in Teil- oder Vollzeit. Arbeitsbeginn: sofortBesch\\u00e4ftigungsart: AngestellterAnstellungsart: Teil- oder Vollzeit Aufgaben Zu den zu \\u00fcbernehmenden T\\u00e4tigkeiten\",\"inLanguage\":\"zh-CN\",\"isPartOf\":{\"@id\":\"https:\\\/\\\/www.fum-legal.de\\\/zh\\\/#website\"},\"breadcrumb\":{\"@id\":\"https:\\\/\\\/www.fum-legal.de\\\/zh\\\/karriere\\\/rechtsanwaltsfachangestellte-m-w-d\\\/#breadcrumblist\"},\"datePublished\":\"2025-12-09T16:39:43+01:00\",\"dateModified\":\"2026-03-19T14:05:04+01:00\"},{\"@type\":\"WebSite\",\"@id\":\"https:\\\/\\\/www.fum-legal.de\\\/zh\\\/#website\",\"url\":\"https:\\\/\\\/www.fum-legal.de\\\/zh\\\/\",\"name\":\"FUM Legal\",\"description\":\"Fritz & Mark Legal Rechtsanw\\u00e4lte\",\"inLanguage\":\"zh-CN\",\"publisher\":{\"@id\":\"https:\\\/\\\/www.fum-legal.de\\\/zh\\\/#organization\"}}]}\n\t\t<\/script>\n\t\t<!-- All in One SEO Pro -->\r\n\t\t<title>Rechtsanwaltsfachangestellte (m\/w\/d) - FUM Legal<\/title>\n\n","aioseo_head_json":{"title":"Rechtsanwaltsfachangestellte (m\/w\/d) - FUM Legal","description":"Fritz und Mark Legal ist eine wirtschaftsrechtlich ausgerichtete Rechtsanwaltskanzlei mit B\u00fcros in Hamburg und M\u00fcnster. F\u00fcr unseren Standort in M\u00fcnster suchen wir zum n\u00e4chstm\u00f6glichen Zeitpunkt Unterst\u00fctzung f\u00fcr unser Team durch eine Rechtsanwaltsfachangestellte (m\/w\/d) (oder vergleichbare Qualifikation im kaufm\u00e4nnischen Bereich) in unbefristeter Festanstellung in Teil- oder Vollzeit. Arbeitsbeginn: sofortBesch\u00e4ftigungsart: AngestellterAnstellungsart: Teil- oder Vollzeit Aufgaben Zu den zu \u00fcbernehmenden T\u00e4tigkeiten","canonical_url":"https:\/\/www.fum-legal.de\/zh\/karriere\/rechtsanwaltsfachangestellte-m-w-d\/","robots":"max-image-preview:large","keywords":"","webmasterTools":{"miscellaneous":""},"schema":{"@context":"https:\/\/schema.org","@graph":[{"@type":"BreadcrumbList","@id":"https:\/\/www.fum-legal.de\/zh\/karriere\/rechtsanwaltsfachangestellte-m-w-d\/#breadcrumblist","itemListElement":[{"@type":"ListItem","@id":"https:\/\/www.fum-legal.de\/zh#listItem","position":1,"name":"Home","item":"https:\/\/www.fum-legal.de\/zh","nextItem":{"@type":"ListItem","@id":"https:\/\/www.fum-legal.de\/zh\/karriere\/#listItem","name":"Karriere"}},{"@type":"ListItem","@id":"https:\/\/www.fum-legal.de\/zh\/karriere\/#listItem","position":2,"name":"Karriere","item":"https:\/\/www.fum-legal.de\/zh\/karriere\/","nextItem":{"@type":"ListItem","@id":"https:\/\/www.fum-legal.de\/zh\/karriere\/rechtsanwaltsfachangestellte-m-w-d\/#listItem","name":"Rechtsanwaltsfachangestellte (m\/w\/d)"},"previousItem":{"@type":"ListItem","@id":"https:\/\/www.fum-legal.de\/zh#listItem","name":"Home"}},{"@type":"ListItem","@id":"https:\/\/www.fum-legal.de\/zh\/karriere\/rechtsanwaltsfachangestellte-m-w-d\/#listItem","position":3,"name":"Rechtsanwaltsfachangestellte (m\/w\/d)","previousItem":{"@type":"ListItem","@id":"https:\/\/www.fum-legal.de\/zh\/karriere\/#listItem","name":"Karriere"}}]},{"@type":"Organization","@id":"https:\/\/www.fum-legal.de\/zh\/#organization","name":"FUM Legal","description":"Fritz & Mark Legal Rechtsanw\u00e4lte","url":"https:\/\/www.fum-legal.de\/zh\/","telephone":"+4940180243010","logo":{"@type":"ImageObject","url":"https:\/\/www.fum-legal.de\/wp-content\/uploads\/Fritz-und-Mark-Logo-blau-schwarz-v2.png","@id":"https:\/\/www.fum-legal.de\/zh\/karriere\/rechtsanwaltsfachangestellte-m-w-d\/#organizationLogo","width":743,"height":245},"image":{"@id":"https:\/\/www.fum-legal.de\/zh\/karriere\/rechtsanwaltsfachangestellte-m-w-d\/#organizationLogo"}},{"@type":"WebPage","@id":"https:\/\/www.fum-legal.de\/zh\/karriere\/rechtsanwaltsfachangestellte-m-w-d\/#webpage","url":"https:\/\/www.fum-legal.de\/zh\/karriere\/rechtsanwaltsfachangestellte-m-w-d\/","name":"Rechtsanwaltsfachangestellte (m\/w\/d) - FUM Legal","description":"Fritz und Mark Legal ist eine wirtschaftsrechtlich ausgerichtete Rechtsanwaltskanzlei mit B\u00fcros in Hamburg und M\u00fcnster. F\u00fcr unseren Standort in M\u00fcnster suchen wir zum n\u00e4chstm\u00f6glichen Zeitpunkt Unterst\u00fctzung f\u00fcr unser Team durch eine Rechtsanwaltsfachangestellte (m\/w\/d) (oder vergleichbare Qualifikation im kaufm\u00e4nnischen Bereich) in unbefristeter Festanstellung in Teil- oder Vollzeit. Arbeitsbeginn: sofortBesch\u00e4ftigungsart: AngestellterAnstellungsart: Teil- oder Vollzeit Aufgaben Zu den zu \u00fcbernehmenden T\u00e4tigkeiten","inLanguage":"zh-CN","isPartOf":{"@id":"https:\/\/www.fum-legal.de\/zh\/#website"},"breadcrumb":{"@id":"https:\/\/www.fum-legal.de\/zh\/karriere\/rechtsanwaltsfachangestellte-m-w-d\/#breadcrumblist"},"datePublished":"2025-12-09T16:39:43+01:00","dateModified":"2026-03-19T14:05:04+01:00"},{"@type":"WebSite","@id":"https:\/\/www.fum-legal.de\/zh\/#website","url":"https:\/\/www.fum-legal.de\/zh\/","name":"FUM Legal","description":"Fritz & Mark Legal Rechtsanw\u00e4lte","inLanguage":"zh-CN","publisher":{"@id":"https:\/\/www.fum-legal.de\/zh\/#organization"}}]},"og:locale":"zh_CN","og:site_name":"FUM Legal - Fritz &amp; Mark Legal Rechtsanw\u00e4lte","og:type":"article","og:title":"Rechtsanwaltsfachangestellte (m\/w\/d) - FUM Legal","og:description":"Fritz und Mark Legal ist eine wirtschaftsrechtlich ausgerichtete Rechtsanwaltskanzlei mit B\u00fcros in Hamburg und M\u00fcnster. F\u00fcr unseren Standort in M\u00fcnster suchen wir zum n\u00e4chstm\u00f6glichen Zeitpunkt Unterst\u00fctzung f\u00fcr unser Team durch eine Rechtsanwaltsfachangestellte (m\/w\/d) (oder vergleichbare Qualifikation im kaufm\u00e4nnischen Bereich) in unbefristeter Festanstellung in Teil- oder Vollzeit. Arbeitsbeginn: sofortBesch\u00e4ftigungsart: AngestellterAnstellungsart: Teil- oder Vollzeit Aufgaben Zu den zu \u00fcbernehmenden T\u00e4tigkeiten","og:url":"https:\/\/www.fum-legal.de\/zh\/karriere\/rechtsanwaltsfachangestellte-m-w-d\/","og:image":"https:\/\/www.fum-legal.de\/wp-content\/uploads\/Fritz-und-Mark-Logo-blau-schwarz-v2.png","og:image:secure_url":"https:\/\/www.fum-legal.de\/wp-content\/uploads\/Fritz-und-Mark-Logo-blau-schwarz-v2.png","og:image:width":743,"og:image:height":245,"article:published_time":"2025-12-09T15:39:43+00:00","article:modified_time":"2026-03-19T13:05:04+00:00","twitter:card":"summary_large_image","twitter:title":"Rechtsanwaltsfachangestellte (m\/w\/d) - FUM Legal","twitter:description":"Fritz und Mark Legal ist eine wirtschaftsrechtlich ausgerichtete Rechtsanwaltskanzlei mit B\u00fcros in Hamburg und M\u00fcnster. F\u00fcr unseren Standort in M\u00fcnster suchen wir zum n\u00e4chstm\u00f6glichen Zeitpunkt Unterst\u00fctzung f\u00fcr unser Team durch eine Rechtsanwaltsfachangestellte (m\/w\/d) (oder vergleichbare Qualifikation im kaufm\u00e4nnischen Bereich) in unbefristeter Festanstellung in Teil- oder Vollzeit. Arbeitsbeginn: sofortBesch\u00e4ftigungsart: AngestellterAnstellungsart: Teil- oder Vollzeit Aufgaben Zu den zu \u00fcbernehmenden T\u00e4tigkeiten","twitter:image":"https:\/\/www.fum-legal.de\/wp-content\/uploads\/Fritz-und-Mark-Logo-blau-schwarz-v2.png"},"aioseo_meta_data":{"post_id":"3229","title":null,"description":null,"keywords":null,"keyphrases":{"focus":{"keyphrase":"","score":0,"analysis":{"keyphraseInTitle":{"score":0,"maxScore":9,"error":1}}},"additional":[]},"primary_term":null,"canonical_url":null,"og_title":null,"og_description":null,"og_object_type":"default","og_image_type":"default","og_image_url":null,"og_image_width":null,"og_image_height":null,"og_image_custom_url":null,"og_image_custom_fields":null,"og_video":"","og_custom_url":null,"og_article_section":null,"og_article_tags":null,"twitter_use_og":false,"twitter_card":"default","twitter_image_type":"default","twitter_image_url":null,"twitter_image_custom_url":null,"twitter_image_custom_fields":null,"twitter_title":null,"twitter_description":null,"schema":{"blockGraphs":[],"customGraphs":[],"default":{"data":{"Article":[],"Course":[],"Dataset":[],"FAQPage":[],"Movie":[],"Person":[],"Product":[],"ProductReview":[],"Car":[],"Recipe":[],"Service":[],"SoftwareApplication":[],"WebPage":[]},"graphName":"WebPage","isEnabled":true},"graphs":[]},"schema_type":"default","schema_type_options":null,"pillar_content":false,"robots_default":true,"robots_noindex":false,"robots_noarchive":false,"robots_nosnippet":false,"robots_nofollow":false,"robots_noimageindex":false,"robots_noodp":false,"robots_notranslate":false,"robots_max_snippet":"-1","robots_max_videopreview":"-1","robots_max_imagepreview":"large","priority":null,"frequency":"default","local_seo":null,"seo_analyzer_scan_date":"2026-03-19 23:33:19","breadcrumb_settings":null,"limit_modified_date":false,"open_ai":null,"ai":{"faqs":[],"keyPoints":[],"titles":[],"descriptions":[],"socialPosts":{"email":[],"linkedin":[],"twitter":[],"facebook":[],"instagram":[]}},"created":"2026-01-13 15:40:22","updated":"2026-03-19 23:33:32"},"aioseo_breadcrumb":"<div class=\"aioseo-breadcrumbs\"><span class=\"aioseo-breadcrumb\">\n\t<a href=\"https:\/\/www.fum-legal.de\/zh\" title=\"Home\">Home<\/a>\n<\/span><span class=\"aioseo-breadcrumb-separator\">&raquo;<\/span><span class=\"aioseo-breadcrumb\">\n\t<a href=\"https:\/\/www.fum-legal.de\/zh\/karriere\/\" title=\"Karriere\">Karriere<\/a>\n<\/span><span class=\"aioseo-breadcrumb-separator\">&raquo;<\/span><span class=\"aioseo-breadcrumb\">\n\tRechtsanwaltsfachangestellte (m\/w\/d)\n<\/span><\/div>","aioseo_breadcrumb_json":[{"label":"Home","link":"https:\/\/www.fum-legal.de\/zh"},{"label":"Karriere","link":"https:\/\/www.fum-legal.de\/zh\/karriere\/"},{"label":"Rechtsanwaltsfachangestellte (m\/w\/d)","link":"https:\/\/www.fum-legal.de\/zh\/karriere\/rechtsanwaltsfachangestellte-m-w-d\/"}],"_links":{"self":[{"href":"https:\/\/www.fum-legal.de\/zh\/wp-json\/wp\/v2\/pages\/3229","targetHints":{"allow":["GET"]}}],"collection":[{"href":"https:\/\/www.fum-legal.de\/zh\/wp-json\/wp\/v2\/pages"}],"about":[{"href":"https:\/\/www.fum-legal.de\/zh\/wp-json\/wp\/v2\/types\/page"}],"author":[{"embeddable":true,"href":"https:\/\/www.fum-legal.de\/zh\/wp-json\/wp\/v2\/users\/1"}],"replies":[{"embeddable":true,"href":"https:\/\/www.fum-legal.de\/zh\/wp-json\/wp\/v2\/comments?post=3229"}],"version-history":[{"count":5,"href":"https:\/\/www.fum-legal.de\/zh\/wp-json\/wp\/v2\/pages\/3229\/revisions"}],"predecessor-version":[{"id":3281,"href":"https:\/\/www.fum-legal.de\/zh\/wp-json\/wp\/v2\/pages\/3229\/revisions\/3281"}],"up":[{"embeddable":true,"href":"https:\/\/www.fum-legal.de\/zh\/wp-json\/wp\/v2\/pages\/388"}],"wp:attachment":[{"href":"https:\/\/www.fum-legal.de\/zh\/wp-json\/wp\/v2\/media?parent=3229"}],"curies":[{"name":"wp","href":"https:\/\/api.w.org\/{rel}","templated":true}]}}