{"id":3963,"date":"2026-03-17T13:22:43","date_gmt":"2026-03-17T12:22:43","guid":{"rendered":"https:\/\/www.fum-legal.de\/?page_id=3963"},"modified":"2026-03-24T11:38:02","modified_gmt":"2026-03-24T10:38:02","slug":"assistenz-backoffice-support-m-w-d","status":"publish","type":"page","link":"https:\/\/www.fum-legal.de\/zh\/karriere\/assistenz-backoffice-support-m-w-d\/","title":{"rendered":"\u52a9\u7406\/\u540e\u53f0\u652f\u6301\uff08\u7537\/\u5973\/\u5176\u4ed6\uff09"},"content":{"rendered":"<p>\u5728 Fritz &amp; Mark Legal \u7684\u804c\u4e1a\u751f\u6daf<\/p>\n\n\n\n<p>\u52a9\u7406\/\u540e\u53f0\u652f\u6301\uff08\u7537\/\u5973\/\u5176\u4ed6\uff09<br>\u6b22\u8fce\u8f6c\u884c\u4eba\u58eb | \u5730\u70b9\uff1a\u660e\u65af\u7279\uff08\u65e7\u6d88\u9632\u7ad9\uff09<\/p>\n\n\n\n<p>\u60a8\u662f\u5426\u62e5\u6709\u5546\u4e1a\u5b66\u5f92\u8d44\u683c\uff08\u4f8b\u5982\uff0c\u529e\u516c\u5ba4\u7ba1\u7406\u3001\u5de5\u4e1a\u6587\u5458\u3001\u9152\u5e97\u7ba1\u7406\u6216\u5916\u8bed\u901a\u4fe1\uff09\uff0c\u5e76\u4e14\u6b63\u5728\u5bfb\u627e\u8fdc\u79bb\u4f20\u7edf\u6587\u4e66\u5de5\u4f5c\u7684\u73b0\u4ee3\u5316\u5de5\u4f5c\u73af\u5883\uff1f<\/p>\n\n\n\n<p>Fritz &amp; Mark Legal \u662f\u4e00\u5bb6\u5546\u4e1a\u5f8b\u5e08\u4e8b\u52a1\u6240\uff0c\u5728\u6c49\u5821\u548c\u660e\u65af\u7279\u8bbe\u6709\u529e\u516c\u5ba4\uff0c\u4e3a\u56fd\u5185\u5916\u516c\u53f8\u63d0\u4f9b\u4fe1\u606f\u6280\u672f\u6cd5\u3001\u4eba\u5de5\u667a\u80fd\u3001\u6570\u636e\u4fdd\u62a4\u3001\u77e5\u8bc6\u4ea7\u6743\u6cd5\u4ee5\u53ca\u5546\u4e1a\u6cd5\u3001\u516c\u53f8\u6cd5\u548c\u52b3\u52a8\u6cd5\u65b9\u9762\u7684\u6cd5\u5f8b\u54a8\u8be2\u670d\u52a1\u3002\u5728\u4f4d\u4e8e\u660e\u65af\u7279\u8001\u6d88\u9632\u7ad9 (Alte Feuerwache) \u7684\u529e\u516c\u5ba4\u91cc\uff0c\u60a8\u4e0d\u4f1a\u770b\u5230\u4f20\u7edf\u7684\u6cd5\u5f8b\u79d8\u4e66\u529e\u516c\u5ba4\uff0c\u800c\u662f\u4e00\u4e2a\u9ad8\u5ea6\u6570\u5b57\u5316\u7684\u529e\u516c\u73af\u5883\u3002.<\/p>\n\n\n\n<p><strong>\u8fd9\u4f7f\u5f97\u8be5\u804c\u4f4d\u5c24\u5176\u9002\u5408\u5546\u52a1\u4eba\u58eb\uff1a<\/strong><br><strong>\u65e0\u9700\u4efb\u4f55\u6cd5\u5f8b\u77e5\u8bc6<\/strong>\u5404\u9879\u5177\u4f53\u4efb\u52a1\u7684\u622a\u6b62\u65e5\u671f\u76d1\u63a7\u7531\u6211\u4eec\u529e\u516c\u5ba4\u7ba1\u7406\u90e8\u95e8\u96c6\u4e2d\u8d1f\u8d23\u3002\u60a8\u53ef\u4ee5\u5168\u8eab\u5fc3\u6295\u5165\u5230\u7ec4\u7ec7\u548c\u6c9f\u901a\u5de5\u4f5c\u4e2d\u3002.<\/p>\n\n\n\n<p><strong>\u6570\u5b57\u5de5\u4f5c<\/strong>\u6211\u4eec\u662f\u4e00\u5bb6\uff08\u51e0\u4e4e\uff09\u65e0\u7eb8\u5316\u529e\u516c\u7684\u516c\u53f8\u3002\u5982\u679c\u60a8\u559c\u6b22\u4f7f\u7528\u73b0\u4ee3\u5316\u7684\u8f6f\u4ef6\u5de5\u5177\u8fdb\u884c\u7ed3\u6784\u5316\u5de5\u4f5c\uff0c\u90a3\u4e48\u60a8\u6765\u5bf9\u5730\u65b9\u4e86\u3002.<\/p>\n\n\n\n<p><strong>\u56fd\u9645\u80cc\u666f<\/strong>\u901a\u8fc7\u6211\u4eec\u7684\u54a8\u8be2\u91cd\u70b9\u9886\u57df\uff08\u5305\u62ec\u6211\u4eec\u7684\u4e9a\u6d32\u4e1a\u52a1\u90e8\uff09\uff0c\u6211\u4eec\u5b9a\u671f\u4e0e\u56fd\u9645\u516c\u53f8\u8fdb\u884c\u6c9f\u901a\u3002.<\/p>\n\n\n\n<p><strong>\u73af\u5883\u5b9c\u4eba<\/strong>\u5728\u660e\u65af\u7279\u6700\u5f15\u4eba\u6ce8\u76ee\u7684\u5efa\u7b51\u4e4b\u4e00\u4e2d\uff0c\u62e5\u6709\u4e00\u4e2a\u5b89\u9759\u3001\u73b0\u4ee3\u5316\u7684\u5de5\u4f5c\u573a\u6240\u2014\u2014\u6ca1\u6709\u4f20\u7edf\u516c\u5171\u4ea4\u901a\u7684\u5e72\u6270\u3002.<\/p>\n\n\n\n<p><strong>\u60a8\u5728\u6211\u4eec\u8fd9\u91cc\u7684\u5de5\u4f5c\u5185\u5bb9\uff1a<\/strong><br><strong>\u7ec4\u7ec7\u624d\u80fd<\/strong>\u4ed6\u4eec\u8d1f\u8d23\u7ba1\u7406\u6211\u4eec\u7684\u7535\u5b50\u6587\u4ef6\uff0c\u5e76\u5728\u6587\u6863\u7ba1\u7406\u65b9\u9762\u63d0\u4f9b\u652f\u6301\u3002.<br>\u6c9f\u901a\uff1a\u60a8\u662f\u6211\u4eec\u4e0e\u56fd\u5185\u548c\u56fd\u9645\u5ba2\u6237\u6c9f\u901a\u7684\u53cb\u597d\u6865\u6881\u3002<br>\uff08\u5fb7\u8bed\u82f1\u8bed\uff09.<\/p>\n\n\n\n<p><strong>\u652f\u6301<\/strong>\u4ed6\u4eec\u4e3a\u6211\u4eec\u7684\u5f8b\u5e08\u63d0\u4f9b\u5408\u540c\u683c\u5f0f\u65b9\u9762\u7684\u652f\u6301\uff0c\u5e76\u534f\u52a9\u5904\u7406\u65e5\u5e38\u4e1a\u52a1\u3002.<\/p>\n\n\n\n<p><strong>\u6d41\u7a0b\u4f18\u5316<\/strong>\u60a8\u80fd\u5c06\u60a8\u7684\u5546\u4e1a\u624d\u80fd\u8fd0\u7528\u5230\u6211\u4eec\u7684\u6570\u5b57\u5316\u6d41\u7a0b\u4e2d\u3002.<\/p>\n\n\n\n<p><strong>\u4f60\u5e94\u8be5\u643a\u5e26\u7684\u7269\u54c1\uff1a<\/strong><br>\u5b8c\u6210\u5546\u4e1a\u5b66\u5f92\u671f\u6216\u62e5\u6709\u9ad8\u7ea7\u52a9\u7406\u5de5\u4f5c\u7ecf\u9a8c\u3002.<br>\u5fb7\u8bed\u6d41\u5229\uff0c\u82f1\u8bed\u80fd\u529b\u826f\u597d\u3002.<br>\u5bf9\u4fe1\u606f\u6280\u672f\u6709\u6d53\u539a\u7684\u5174\u8da3\uff0c\u5e76\u70ed\u8877\u4e8e\u9ad8\u6548\u7684\u6570\u5b57\u5316\u5de5\u4f5c\u6d41\u7a0b\u3002.<br>\u81ea\u4fe1\u7684\u4e3e\u6b62\u548c\u5728\u4e13\u4e1a\u56e2\u961f\u4e2d\u5de5\u4f5c\u7684\u5174\u8da3\u3002.<\/p>\n\n\n\n<p><strong>\u60f3\u6362\u4e2a\u73af\u5883\u5417\uff1f<\/strong><br>\u6211\u4eec\u4e3a\u60a8\u63d0\u4f9b\u672a\u6765\u6700\u6fc0\u52a8\u4eba\u5fc3\u7684\u6cd5\u5f8b\u9886\u57df\uff08\u4eba\u5de5\u667a\u80fd\u3001\u79d1\u6280\u3001\u77e5\u8bc6\u4ea7\u6743\uff09\u4e2d\u4e0d\u53d7\u5371\u673a\u5f71\u54cd\u7684\u5de5\u4f5c\uff0c\u4ee5\u53ca\u4e00\u4e2a\u771f\u6b63\u62e5\u62b1\u6241\u5e73\u5316\u7ec4\u7ec7\u7ed3\u6784\u7684\u56e2\u961f\u3002.<\/p>\n\n\n\n<p>\u8bf7\u5c06\u60a8\u7684\u4fe1\u606f\u53d1\u9001\u7ed9\u6211\u4eec <strong>\u7b80\u5386\u3001\u85aa\u8d44\u671f\u671b\u548c\u6c42\u804c\u4fe1<\/strong> \u901a\u8fc7\u7535\u5b50\u90ae\u4ef6\u53d1\u9001\u81f3\uff1a <a href=\"mailto:goldbach@fum-legal.de\" title=\"\">goldbach@fum-legal.de<\/a><\/p>\n\n\n\n<p>\u6211\u4eec\u671f\u5f85\u5728\u8001\u6d88\u9632\u7ad9\u4e0e\u60a8\u89c1\u9762\uff01<\/p>\n\n\n\n<p>&nbsp;<\/p>\n\n\n\n<p><\/p>","protected":false},"excerpt":{"rendered":"<p>Karriere bei Fritz &amp; Mark Legal Assistenz \/ Backoffice-Support (m\/w\/d)Quereinstieg f\u00fcr Kaufleute m\u00f6glich | Standort: M\u00fcnster (Alte Feuerwache) Sie haben eine kaufm\u00e4nnische Ausbildung (z. B. B\u00fcromanagement, Industriekaufleute, Hotelfach oder Fremdsprachenkorrespondenz) und suchen ein modernes Arbeitsumfeld abseits der klassischen Sachbearbeitung? Fritz &amp; Mark Legal ist eine wirtschaftsrechtlich ausgerichtete Kanzlei, die nationale und internationale Unternehmen in den [&hellip;]<\/p>\n","protected":false},"author":2,"featured_media":0,"parent":388,"menu_order":0,"comment_status":"closed","ping_status":"closed","template":"","meta":{"_acf_changed":false,"inline_featured_image":false,"footnotes":""},"class_list":["post-3963","page","type-page","status-publish","hentry"],"acf":[],"aioseo_notices":[],"aioseo_head":"\n\t\t<!-- All in One SEO Pro 4.9.6.2 - aioseo.com -->\n\t<meta name=\"description\" content=\"Karriere bei Fritz &amp; Mark Legal Assistenz \/ Backoffice-Support (m\/w\/d)Quereinstieg f\u00fcr Kaufleute m\u00f6glich | Standort: M\u00fcnster (Alte Feuerwache) Sie haben eine kaufm\u00e4nnische Ausbildung (z. B. B\u00fcromanagement, Industriekaufleute, Hotelfach oder Fremdsprachenkorrespondenz) und suchen ein modernes Arbeitsumfeld abseits der klassischen Sachbearbeitung? Fritz &amp; Mark Legal ist eine wirtschaftsrechtlich ausgerichtete Kanzlei, die nationale und internationale Unternehmen in den\" \/>\n\t<meta name=\"robots\" content=\"max-image-preview:large\" \/>\n\t<link rel=\"canonical\" href=\"https:\/\/www.fum-legal.de\/zh\/karriere\/assistenz-backoffice-support-m-w-d\/\" \/>\n\t<meta name=\"generator\" content=\"All in One SEO Pro (AIOSEO) 4.9.6.2\" \/>\n\t\t<meta property=\"og:locale\" content=\"zh_CN\" \/>\n\t\t<meta property=\"og:site_name\" content=\"FUM Legal - Fritz &amp; Mark Legal Rechtsanw\u00e4lte\" \/>\n\t\t<meta property=\"og:type\" content=\"article\" \/>\n\t\t<meta property=\"og:title\" content=\"Assistenz \/ Backoffice-Support (m\/w\/d) - FUM Legal\" \/>\n\t\t<meta property=\"og:description\" content=\"Karriere bei Fritz &amp; Mark Legal Assistenz \/ Backoffice-Support (m\/w\/d)Quereinstieg f\u00fcr Kaufleute m\u00f6glich | Standort: M\u00fcnster (Alte Feuerwache) Sie haben eine kaufm\u00e4nnische Ausbildung (z. B. B\u00fcromanagement, Industriekaufleute, Hotelfach oder Fremdsprachenkorrespondenz) und suchen ein modernes Arbeitsumfeld abseits der klassischen Sachbearbeitung? Fritz &amp; Mark Legal ist eine wirtschaftsrechtlich ausgerichtete Kanzlei, die nationale und internationale Unternehmen in den\" \/>\n\t\t<meta property=\"og:url\" content=\"https:\/\/www.fum-legal.de\/zh\/karriere\/assistenz-backoffice-support-m-w-d\/\" \/>\n\t\t<meta property=\"og:image\" content=\"https:\/\/www.fum-legal.de\/wp-content\/uploads\/Fritz-und-Mark-Logo-blau-schwarz-v2.png\" \/>\n\t\t<meta property=\"og:image:secure_url\" content=\"https:\/\/www.fum-legal.de\/wp-content\/uploads\/Fritz-und-Mark-Logo-blau-schwarz-v2.png\" \/>\n\t\t<meta property=\"og:image:width\" content=\"743\" \/>\n\t\t<meta property=\"og:image:height\" content=\"245\" \/>\n\t\t<meta property=\"article:published_time\" content=\"2026-03-17T12:22:43+00:00\" \/>\n\t\t<meta property=\"article:modified_time\" content=\"2026-03-24T10:38:02+00:00\" \/>\n\t\t<meta name=\"twitter:card\" content=\"summary_large_image\" \/>\n\t\t<meta name=\"twitter:title\" content=\"Assistenz \/ Backoffice-Support (m\/w\/d) - FUM Legal\" \/>\n\t\t<meta name=\"twitter:description\" content=\"Karriere bei Fritz &amp; Mark Legal Assistenz \/ Backoffice-Support (m\/w\/d)Quereinstieg f\u00fcr Kaufleute m\u00f6glich | Standort: M\u00fcnster (Alte Feuerwache) Sie haben eine kaufm\u00e4nnische Ausbildung (z. B. B\u00fcromanagement, Industriekaufleute, Hotelfach oder Fremdsprachenkorrespondenz) und suchen ein modernes Arbeitsumfeld abseits der klassischen Sachbearbeitung? Fritz &amp; Mark Legal ist eine wirtschaftsrechtlich ausgerichtete Kanzlei, die nationale und internationale Unternehmen in den\" \/>\n\t\t<meta name=\"twitter:image\" content=\"https:\/\/www.fum-legal.de\/wp-content\/uploads\/Fritz-und-Mark-Logo-blau-schwarz-v2.png\" \/>\n\t\t<script type=\"application\/ld+json\" class=\"aioseo-schema\">\n\t\t\t{\"@context\":\"https:\\\/\\\/schema.org\",\"@graph\":[{\"@type\":\"BreadcrumbList\",\"@id\":\"https:\\\/\\\/www.fum-legal.de\\\/zh\\\/karriere\\\/assistenz-backoffice-support-m-w-d\\\/#breadcrumblist\",\"itemListElement\":[{\"@type\":\"ListItem\",\"@id\":\"https:\\\/\\\/www.fum-legal.de\\\/zh#listItem\",\"position\":1,\"name\":\"Home\",\"item\":\"https:\\\/\\\/www.fum-legal.de\\\/zh\",\"nextItem\":{\"@type\":\"ListItem\",\"@id\":\"https:\\\/\\\/www.fum-legal.de\\\/zh\\\/karriere\\\/#listItem\",\"name\":\"Karriere\"}},{\"@type\":\"ListItem\",\"@id\":\"https:\\\/\\\/www.fum-legal.de\\\/zh\\\/karriere\\\/#listItem\",\"position\":2,\"name\":\"Karriere\",\"item\":\"https:\\\/\\\/www.fum-legal.de\\\/zh\\\/karriere\\\/\",\"nextItem\":{\"@type\":\"ListItem\",\"@id\":\"https:\\\/\\\/www.fum-legal.de\\\/zh\\\/karriere\\\/assistenz-backoffice-support-m-w-d\\\/#listItem\",\"name\":\"Assistenz \\\/ Backoffice-Support (m\\\/w\\\/d)\"},\"previousItem\":{\"@type\":\"ListItem\",\"@id\":\"https:\\\/\\\/www.fum-legal.de\\\/zh#listItem\",\"name\":\"Home\"}},{\"@type\":\"ListItem\",\"@id\":\"https:\\\/\\\/www.fum-legal.de\\\/zh\\\/karriere\\\/assistenz-backoffice-support-m-w-d\\\/#listItem\",\"position\":3,\"name\":\"Assistenz \\\/ Backoffice-Support (m\\\/w\\\/d)\",\"previousItem\":{\"@type\":\"ListItem\",\"@id\":\"https:\\\/\\\/www.fum-legal.de\\\/zh\\\/karriere\\\/#listItem\",\"name\":\"Karriere\"}}]},{\"@type\":\"Organization\",\"@id\":\"https:\\\/\\\/www.fum-legal.de\\\/zh\\\/#organization\",\"name\":\"FUM Legal\",\"description\":\"Fritz & Mark Legal Rechtsanw\\u00e4lte\",\"url\":\"https:\\\/\\\/www.fum-legal.de\\\/zh\\\/\",\"telephone\":\"+4940180243010\",\"logo\":{\"@type\":\"ImageObject\",\"url\":\"https:\\\/\\\/www.fum-legal.de\\\/wp-content\\\/uploads\\\/Fritz-und-Mark-Logo-blau-schwarz-v2.png\",\"@id\":\"https:\\\/\\\/www.fum-legal.de\\\/zh\\\/karriere\\\/assistenz-backoffice-support-m-w-d\\\/#organizationLogo\",\"width\":743,\"height\":245},\"image\":{\"@id\":\"https:\\\/\\\/www.fum-legal.de\\\/zh\\\/karriere\\\/assistenz-backoffice-support-m-w-d\\\/#organizationLogo\"}},{\"@type\":\"WebPage\",\"@id\":\"https:\\\/\\\/www.fum-legal.de\\\/zh\\\/karriere\\\/assistenz-backoffice-support-m-w-d\\\/#webpage\",\"url\":\"https:\\\/\\\/www.fum-legal.de\\\/zh\\\/karriere\\\/assistenz-backoffice-support-m-w-d\\\/\",\"name\":\"Assistenz \\\/ Backoffice-Support (m\\\/w\\\/d) - FUM Legal\",\"description\":\"Karriere bei Fritz & Mark Legal Assistenz \\\/ Backoffice-Support (m\\\/w\\\/d)Quereinstieg f\\u00fcr Kaufleute m\\u00f6glich | Standort: M\\u00fcnster (Alte Feuerwache) Sie haben eine kaufm\\u00e4nnische Ausbildung (z. B. B\\u00fcromanagement, Industriekaufleute, Hotelfach oder Fremdsprachenkorrespondenz) und suchen ein modernes Arbeitsumfeld abseits der klassischen Sachbearbeitung? Fritz & Mark Legal ist eine wirtschaftsrechtlich ausgerichtete Kanzlei, die nationale und internationale Unternehmen in den\",\"inLanguage\":\"zh-CN\",\"isPartOf\":{\"@id\":\"https:\\\/\\\/www.fum-legal.de\\\/zh\\\/#website\"},\"breadcrumb\":{\"@id\":\"https:\\\/\\\/www.fum-legal.de\\\/zh\\\/karriere\\\/assistenz-backoffice-support-m-w-d\\\/#breadcrumblist\"},\"datePublished\":\"2026-03-17T13:22:43+01:00\",\"dateModified\":\"2026-03-24T11:38:02+01:00\"},{\"@type\":\"WebSite\",\"@id\":\"https:\\\/\\\/www.fum-legal.de\\\/zh\\\/#website\",\"url\":\"https:\\\/\\\/www.fum-legal.de\\\/zh\\\/\",\"name\":\"FUM Legal\",\"description\":\"Fritz & Mark Legal Rechtsanw\\u00e4lte\",\"inLanguage\":\"zh-CN\",\"publisher\":{\"@id\":\"https:\\\/\\\/www.fum-legal.de\\\/zh\\\/#organization\"}}]}\n\t\t<\/script>\n\t\t<!-- All in One SEO Pro -->\r\n\t\t<title>Assistenz \/ Backoffice-Support (m\/w\/d) - FUM Legal<\/title>\n\n","aioseo_head_json":{"title":"Assistenz \/ Backoffice-Support (m\/w\/d) - FUM Legal","description":"Karriere bei Fritz & Mark Legal Assistenz \/ Backoffice-Support (m\/w\/d)Quereinstieg f\u00fcr Kaufleute m\u00f6glich | Standort: M\u00fcnster (Alte Feuerwache) Sie haben eine kaufm\u00e4nnische Ausbildung (z. B. B\u00fcromanagement, Industriekaufleute, Hotelfach oder Fremdsprachenkorrespondenz) und suchen ein modernes Arbeitsumfeld abseits der klassischen Sachbearbeitung? Fritz & Mark Legal ist eine wirtschaftsrechtlich ausgerichtete Kanzlei, die nationale und internationale Unternehmen in den","canonical_url":"https:\/\/www.fum-legal.de\/zh\/karriere\/assistenz-backoffice-support-m-w-d\/","robots":"max-image-preview:large","keywords":"","webmasterTools":{"miscellaneous":""},"schema":{"@context":"https:\/\/schema.org","@graph":[{"@type":"BreadcrumbList","@id":"https:\/\/www.fum-legal.de\/zh\/karriere\/assistenz-backoffice-support-m-w-d\/#breadcrumblist","itemListElement":[{"@type":"ListItem","@id":"https:\/\/www.fum-legal.de\/zh#listItem","position":1,"name":"Home","item":"https:\/\/www.fum-legal.de\/zh","nextItem":{"@type":"ListItem","@id":"https:\/\/www.fum-legal.de\/zh\/karriere\/#listItem","name":"Karriere"}},{"@type":"ListItem","@id":"https:\/\/www.fum-legal.de\/zh\/karriere\/#listItem","position":2,"name":"Karriere","item":"https:\/\/www.fum-legal.de\/zh\/karriere\/","nextItem":{"@type":"ListItem","@id":"https:\/\/www.fum-legal.de\/zh\/karriere\/assistenz-backoffice-support-m-w-d\/#listItem","name":"Assistenz \/ Backoffice-Support (m\/w\/d)"},"previousItem":{"@type":"ListItem","@id":"https:\/\/www.fum-legal.de\/zh#listItem","name":"Home"}},{"@type":"ListItem","@id":"https:\/\/www.fum-legal.de\/zh\/karriere\/assistenz-backoffice-support-m-w-d\/#listItem","position":3,"name":"Assistenz \/ Backoffice-Support (m\/w\/d)","previousItem":{"@type":"ListItem","@id":"https:\/\/www.fum-legal.de\/zh\/karriere\/#listItem","name":"Karriere"}}]},{"@type":"Organization","@id":"https:\/\/www.fum-legal.de\/zh\/#organization","name":"FUM Legal","description":"Fritz & Mark Legal Rechtsanw\u00e4lte","url":"https:\/\/www.fum-legal.de\/zh\/","telephone":"+4940180243010","logo":{"@type":"ImageObject","url":"https:\/\/www.fum-legal.de\/wp-content\/uploads\/Fritz-und-Mark-Logo-blau-schwarz-v2.png","@id":"https:\/\/www.fum-legal.de\/zh\/karriere\/assistenz-backoffice-support-m-w-d\/#organizationLogo","width":743,"height":245},"image":{"@id":"https:\/\/www.fum-legal.de\/zh\/karriere\/assistenz-backoffice-support-m-w-d\/#organizationLogo"}},{"@type":"WebPage","@id":"https:\/\/www.fum-legal.de\/zh\/karriere\/assistenz-backoffice-support-m-w-d\/#webpage","url":"https:\/\/www.fum-legal.de\/zh\/karriere\/assistenz-backoffice-support-m-w-d\/","name":"Assistenz \/ Backoffice-Support (m\/w\/d) - FUM Legal","description":"Karriere bei Fritz & Mark Legal Assistenz \/ Backoffice-Support (m\/w\/d)Quereinstieg f\u00fcr Kaufleute m\u00f6glich | Standort: M\u00fcnster (Alte Feuerwache) Sie haben eine kaufm\u00e4nnische Ausbildung (z. B. B\u00fcromanagement, Industriekaufleute, Hotelfach oder Fremdsprachenkorrespondenz) und suchen ein modernes Arbeitsumfeld abseits der klassischen Sachbearbeitung? Fritz & Mark Legal ist eine wirtschaftsrechtlich ausgerichtete Kanzlei, die nationale und internationale Unternehmen in den","inLanguage":"zh-CN","isPartOf":{"@id":"https:\/\/www.fum-legal.de\/zh\/#website"},"breadcrumb":{"@id":"https:\/\/www.fum-legal.de\/zh\/karriere\/assistenz-backoffice-support-m-w-d\/#breadcrumblist"},"datePublished":"2026-03-17T13:22:43+01:00","dateModified":"2026-03-24T11:38:02+01:00"},{"@type":"WebSite","@id":"https:\/\/www.fum-legal.de\/zh\/#website","url":"https:\/\/www.fum-legal.de\/zh\/","name":"FUM Legal","description":"Fritz & Mark Legal Rechtsanw\u00e4lte","inLanguage":"zh-CN","publisher":{"@id":"https:\/\/www.fum-legal.de\/zh\/#organization"}}]},"og:locale":"zh_CN","og:site_name":"FUM Legal - Fritz &amp; Mark Legal Rechtsanw\u00e4lte","og:type":"article","og:title":"Assistenz \/ Backoffice-Support (m\/w\/d) - FUM Legal","og:description":"Karriere bei Fritz &amp; Mark Legal Assistenz \/ Backoffice-Support (m\/w\/d)Quereinstieg f\u00fcr Kaufleute m\u00f6glich | Standort: M\u00fcnster (Alte Feuerwache) Sie haben eine kaufm\u00e4nnische Ausbildung (z. B. B\u00fcromanagement, Industriekaufleute, Hotelfach oder Fremdsprachenkorrespondenz) und suchen ein modernes Arbeitsumfeld abseits der klassischen Sachbearbeitung? Fritz &amp; Mark Legal ist eine wirtschaftsrechtlich ausgerichtete Kanzlei, die nationale und internationale Unternehmen in den","og:url":"https:\/\/www.fum-legal.de\/zh\/karriere\/assistenz-backoffice-support-m-w-d\/","og:image":"https:\/\/www.fum-legal.de\/wp-content\/uploads\/Fritz-und-Mark-Logo-blau-schwarz-v2.png","og:image:secure_url":"https:\/\/www.fum-legal.de\/wp-content\/uploads\/Fritz-und-Mark-Logo-blau-schwarz-v2.png","og:image:width":743,"og:image:height":245,"article:published_time":"2026-03-17T12:22:43+00:00","article:modified_time":"2026-03-24T10:38:02+00:00","twitter:card":"summary_large_image","twitter:title":"Assistenz \/ Backoffice-Support (m\/w\/d) - FUM Legal","twitter:description":"Karriere bei Fritz &amp; Mark Legal Assistenz \/ Backoffice-Support (m\/w\/d)Quereinstieg f\u00fcr Kaufleute m\u00f6glich | Standort: M\u00fcnster (Alte Feuerwache) Sie haben eine kaufm\u00e4nnische Ausbildung (z. B. B\u00fcromanagement, Industriekaufleute, Hotelfach oder Fremdsprachenkorrespondenz) und suchen ein modernes Arbeitsumfeld abseits der klassischen Sachbearbeitung? Fritz &amp; Mark Legal ist eine wirtschaftsrechtlich ausgerichtete Kanzlei, die nationale und internationale Unternehmen in den","twitter:image":"https:\/\/www.fum-legal.de\/wp-content\/uploads\/Fritz-und-Mark-Logo-blau-schwarz-v2.png"},"aioseo_meta_data":{"post_id":"3963","title":null,"description":null,"keywords":null,"keyphrases":{"focus":{"keyphrase":"","score":0,"analysis":{"keyphraseInTitle":{"score":0,"maxScore":9,"error":1}}},"additional":[]},"primary_term":null,"canonical_url":null,"og_title":null,"og_description":null,"og_object_type":"default","og_image_type":"default","og_image_url":null,"og_image_width":null,"og_image_height":null,"og_image_custom_url":null,"og_image_custom_fields":null,"og_video":"","og_custom_url":null,"og_article_section":null,"og_article_tags":null,"twitter_use_og":false,"twitter_card":"default","twitter_image_type":"default","twitter_image_url":null,"twitter_image_custom_url":null,"twitter_image_custom_fields":null,"twitter_title":null,"twitter_description":null,"schema":{"blockGraphs":[],"customGraphs":[],"default":{"data":{"Article":[],"Course":[],"Dataset":[],"FAQPage":[],"Movie":[],"Person":[],"Product":[],"ProductReview":[],"Car":[],"Recipe":[],"Service":[],"SoftwareApplication":[],"WebPage":[]},"graphName":"WebPage","isEnabled":true},"graphs":[]},"schema_type":"default","schema_type_options":null,"pillar_content":false,"robots_default":true,"robots_noindex":false,"robots_noarchive":false,"robots_nosnippet":false,"robots_nofollow":false,"robots_noimageindex":false,"robots_noodp":false,"robots_notranslate":false,"robots_max_snippet":"-1","robots_max_videopreview":"-1","robots_max_imagepreview":"large","priority":null,"frequency":"default","local_seo":null,"seo_analyzer_scan_date":"2026-03-24 12:21:41","breadcrumb_settings":null,"limit_modified_date":false,"open_ai":null,"ai":{"faqs":[],"keyPoints":[],"titles":[],"descriptions":[],"socialPosts":{"email":[],"linkedin":[],"twitter":[],"facebook":[],"instagram":[]}},"created":"2026-03-17 12:16:36","updated":"2026-03-24 12:22:50"},"aioseo_breadcrumb":"<div class=\"aioseo-breadcrumbs\"><span class=\"aioseo-breadcrumb\">\n\t<a href=\"https:\/\/www.fum-legal.de\/zh\" title=\"Home\">Home<\/a>\n<\/span><span class=\"aioseo-breadcrumb-separator\">&raquo;<\/span><span class=\"aioseo-breadcrumb\">\n\t<a href=\"https:\/\/www.fum-legal.de\/zh\/karriere\/\" title=\"Karriere\">Karriere<\/a>\n<\/span><span class=\"aioseo-breadcrumb-separator\">&raquo;<\/span><span class=\"aioseo-breadcrumb\">\n\tAssistenz \/ Backoffice-Support (m\/w\/d)\n<\/span><\/div>","aioseo_breadcrumb_json":[{"label":"Home","link":"https:\/\/www.fum-legal.de\/zh"},{"label":"Karriere","link":"https:\/\/www.fum-legal.de\/zh\/karriere\/"},{"label":"Assistenz \/ Backoffice-Support (m\/w\/d)","link":"https:\/\/www.fum-legal.de\/zh\/karriere\/assistenz-backoffice-support-m-w-d\/"}],"_links":{"self":[{"href":"https:\/\/www.fum-legal.de\/zh\/wp-json\/wp\/v2\/pages\/3963","targetHints":{"allow":["GET"]}}],"collection":[{"href":"https:\/\/www.fum-legal.de\/zh\/wp-json\/wp\/v2\/pages"}],"about":[{"href":"https:\/\/www.fum-legal.de\/zh\/wp-json\/wp\/v2\/types\/page"}],"author":[{"embeddable":true,"href":"https:\/\/www.fum-legal.de\/zh\/wp-json\/wp\/v2\/users\/2"}],"replies":[{"embeddable":true,"href":"https:\/\/www.fum-legal.de\/zh\/wp-json\/wp\/v2\/comments?post=3963"}],"version-history":[{"count":15,"href":"https:\/\/www.fum-legal.de\/zh\/wp-json\/wp\/v2\/pages\/3963\/revisions"}],"predecessor-version":[{"id":4020,"href":"https:\/\/www.fum-legal.de\/zh\/wp-json\/wp\/v2\/pages\/3963\/revisions\/4020"}],"up":[{"embeddable":true,"href":"https:\/\/www.fum-legal.de\/zh\/wp-json\/wp\/v2\/pages\/388"}],"wp:attachment":[{"href":"https:\/\/www.fum-legal.de\/zh\/wp-json\/wp\/v2\/media?parent=3963"}],"curies":[{"name":"wp","href":"https:\/\/api.w.org\/{rel}","templated":true}]}}